{"id":14693,"date":"2026-02-27T00:23:00","date_gmt":"2026-02-27T00:23:00","guid":{"rendered":"https:\/\/nordicmart.andreevmaster.com\/product\/songmics-4-tredubbla-kladkrokar\/"},"modified":"2026-02-27T08:15:07","modified_gmt":"2026-02-27T08:15:07","slug":"songmics-4-tredubbla-kladkrokar","status":"publish","type":"product","link":"https:\/\/nordicmart.andreevmaster.com\/sv\/produkt\/songmics-4-tredubbla-kladkrokar\/","title":{"rendered":"SONGMICS 4 tredubbla kl\u00e4dkrokar"},"content":{"rendered":"<p>D\u00f6rrhandtag h\u00e4ngande med rockar och halsdukar, stolar belamrade med v\u00e4skor, nycklar och hattar&#8230; L\u00e5ter det bekant? Inget problem! Denna v\u00e4ggh\u00e4ngda garderob fr\u00e5n SONGMICS hj\u00e4lper dig att skapa ordning i din bostad. Garderoben \u00e4r utrustad med 4 djupa, b\u00f6jda krokar som erbjuder gott om plats f\u00f6r kl\u00e4der och f\u00f6rem\u00e5l av alla slag. Tack vare den vita lackeringen passar denna krokkappa dessutom perfekt till andra inredningsf\u00f6rem\u00e5l och \u00e4r d\u00e4rmed en v\u00e4lkommen g\u00e4st i varje hall, foaj\u00e9, badrum eller sovrum. Produktdetaljer: &#8211; F\u00e4rg: Vit &#8211; Material: MDF (medeldensitetsfiberplatta), zinklegering &#8211; Storlek: 40 x 11 x 7 cm (L x B x H) &#8211; Vikt: 0,5 kg &#8211; Max. statisk belastningskapacitet: 15,9 kg Leveransomfattning:- 1 x v\u00e4ggh\u00e4ngd kl\u00e4dh\u00e4ngare &#8211; 1 x tillbeh\u00f6rsp\u00e5se &#8211; 1 x bruksanvisning (DE, EN, ES, FR, IT) SONGMICS Anm\u00e4rkningar: &#8211; Anv\u00e4nd inte denna produkt utomhus och skydda den fr\u00e5n regn. &#8211; Installera denna produkt p\u00e5 en massiv v\u00e4gg eller p\u00e5 tr\u00e4stolpar f\u00f6r att s\u00e4kerst\u00e4lla v\u00e4ggh\u00e4ngd kl\u00e4dh\u00e4ngares stabilitet och belastningskapacitet.<\/p>\n","protected":false},"excerpt":{"rendered":"<p>SONGMICS v\u00e4gggarderob, 4 tredubbla kl\u00e4dkrokar, krokst\u00e5ng, garderobskrokar, rockar, jackor, hattar, v\u00e4skor, hall, sovrum, badrum, vit LHR30WT<\/p>\n","protected":false},"featured_media":42607,"comment_status":"open","ping_status":"closed","template":"","meta":[],"product_brand":[],"product_cat":[33],"product_tag":[],"class_list":{"0":"post-14693","1":"product","2":"type-product","3":"status-publish","4":"has-post-thumbnail","6":"product_cat-okategoriserad","8":"first","9":"instock","10":"shipping-taxable","11":"purchasable","12":"product-type-simple"},"_links":{"self":[{"href":"https:\/\/nordicmart.andreevmaster.com\/sv\/wp-json\/wp\/v2\/product\/14693","targetHints":{"allow":["GET"]}}],"collection":[{"href":"https:\/\/nordicmart.andreevmaster.com\/sv\/wp-json\/wp\/v2\/product"}],"about":[{"href":"https:\/\/nordicmart.andreevmaster.com\/sv\/wp-json\/wp\/v2\/types\/product"}],"replies":[{"embeddable":true,"href":"https:\/\/nordicmart.andreevmaster.com\/sv\/wp-json\/wp\/v2\/comments?post=14693"}],"wp:featuredmedia":[{"embeddable":true,"href":"https:\/\/nordicmart.andreevmaster.com\/sv\/wp-json\/wp\/v2\/media\/42607"}],"wp:attachment":[{"href":"https:\/\/nordicmart.andreevmaster.com\/sv\/wp-json\/wp\/v2\/media?parent=14693"}],"wp:term":[{"taxonomy":"product_brand","embeddable":true,"href":"https:\/\/nordicmart.andreevmaster.com\/sv\/wp-json\/wp\/v2\/product_brand?post=14693"},{"taxonomy":"product_cat","embeddable":true,"href":"https:\/\/nordicmart.andreevmaster.com\/sv\/wp-json\/wp\/v2\/product_cat?post=14693"},{"taxonomy":"product_tag","embeddable":true,"href":"https:\/\/nordicmart.andreevmaster.com\/sv\/wp-json\/wp\/v2\/product_tag?post=14693"}],"curies":[{"name":"wp","href":"https:\/\/api.w.org\/{rel}","templated":true}]}}