{"id":14692,"date":"2026-02-27T00:22:59","date_gmt":"2026-02-27T00:22:59","guid":{"rendered":"https:\/\/nordicmart.andreevmaster.com\/product\/songmics-vagghangare-med-5-tredubbla-krokar-i-metall\/"},"modified":"2026-02-27T08:15:07","modified_gmt":"2026-02-27T08:15:07","slug":"songmics-vagghangare-med-5-tredubbla-krokar-i-metall","status":"publish","type":"product","link":"https:\/\/nordicmart.andreevmaster.com\/sv\/produkt\/songmics-vagghangare-med-5-tredubbla-krokar-i-metall\/","title":{"rendered":"SONGMICS V\u00e4ggh\u00e4ngare med 5 tredubbla krokar i metall"},"content":{"rendered":"<p>SONGMICS v\u00e4ggh\u00e4ngare, kl\u00e4dh\u00e4ngare, 5 tredubbla krokar i metall, kroksp\u00e5r f\u00f6r kl\u00e4der, v\u00e4skor, nycklar, f\u00f6r hall, sovrum, vardagsrum, f\u00f6rmonterad, molnvit LHR305W01<br \/>\nF\u00e4rg: Molnvit<br \/>\nMaterial: MDF (medeldensitetsfiberplatta), zinklegering<br \/>\nStorlek: 7 x 50,4 x 4,6 cm (D x B x H)<br \/>\nVikt: 0,7 kg<br \/>\nMax. statisk belastningskapacitet totalt: 20 kg<br \/>\nMax. statisk belastningskapacitet per trippelkrok: 4 kg<\/p>\n","protected":false},"excerpt":{"rendered":"<p>SONGMICS v\u00e4ggh\u00e4ngare, kl\u00e4dh\u00e4ngare, 5 tredubbla krokar i metall, kroksp\u00e5r f\u00f6r kl\u00e4der, v\u00e4skor, nycklar, f\u00f6r hall, sovrum, vardagsrum, f\u00f6rmonterad, molnvit LHR305W01<\/p>\n","protected":false},"featured_media":42606,"comment_status":"open","ping_status":"closed","template":"","meta":[],"product_brand":[],"product_cat":[33],"product_tag":[],"class_list":{"0":"post-14692","1":"product","2":"type-product","3":"status-publish","4":"has-post-thumbnail","6":"product_cat-okategoriserad","8":"first","9":"instock","10":"shipping-taxable","11":"purchasable","12":"product-type-simple"},"_links":{"self":[{"href":"https:\/\/nordicmart.andreevmaster.com\/sv\/wp-json\/wp\/v2\/product\/14692","targetHints":{"allow":["GET"]}}],"collection":[{"href":"https:\/\/nordicmart.andreevmaster.com\/sv\/wp-json\/wp\/v2\/product"}],"about":[{"href":"https:\/\/nordicmart.andreevmaster.com\/sv\/wp-json\/wp\/v2\/types\/product"}],"replies":[{"embeddable":true,"href":"https:\/\/nordicmart.andreevmaster.com\/sv\/wp-json\/wp\/v2\/comments?post=14692"}],"wp:featuredmedia":[{"embeddable":true,"href":"https:\/\/nordicmart.andreevmaster.com\/sv\/wp-json\/wp\/v2\/media\/42606"}],"wp:attachment":[{"href":"https:\/\/nordicmart.andreevmaster.com\/sv\/wp-json\/wp\/v2\/media?parent=14692"}],"wp:term":[{"taxonomy":"product_brand","embeddable":true,"href":"https:\/\/nordicmart.andreevmaster.com\/sv\/wp-json\/wp\/v2\/product_brand?post=14692"},{"taxonomy":"product_cat","embeddable":true,"href":"https:\/\/nordicmart.andreevmaster.com\/sv\/wp-json\/wp\/v2\/product_cat?post=14692"},{"taxonomy":"product_tag","embeddable":true,"href":"https:\/\/nordicmart.andreevmaster.com\/sv\/wp-json\/wp\/v2\/product_tag?post=14692"}],"curies":[{"name":"wp","href":"https:\/\/api.w.org\/{rel}","templated":true}]}}