{"id":14691,"date":"2026-02-27T00:22:59","date_gmt":"2026-02-27T00:22:59","guid":{"rendered":"https:\/\/nordicmart.andreevmaster.com\/product\/songmics-vagghangd-garderob-med-4-metallkrokar-vit\/"},"modified":"2026-02-27T08:15:07","modified_gmt":"2026-02-27T08:15:07","slug":"songmics-vagghangd-garderob-med-4-metallkrokar-vit","status":"publish","type":"product","link":"https:\/\/nordicmart.andreevmaster.com\/sv\/produkt\/songmics-vagghangd-garderob-med-4-metallkrokar-vit\/","title":{"rendered":"SONGMICS v\u00e4ggh\u00e4ngd garderob med 4 metallkrokar Vit"},"content":{"rendered":"<p>K\u00e4nner du igen dig? D\u00f6rrhandtag t\u00e4ckta av rockar och halsdukar. Stolar belamrade med v\u00e4skor och hattar. Handdukar som ligger p\u00e5 golvet. Dina nycklar har \u00e5terigen f\u00f6rsvunnit p\u00e5 ett of\u00f6rklarligt s\u00e4tt&#8230; L\u00e5ter det bekant? Inget problem! Denna v\u00e4ggh\u00e4ngda garderob fr\u00e5n SONGMICS hj\u00e4lper dig att skapa ordning i din l\u00e4genhet. Inga fler kaotiska kl\u00e4dh\u00f6gar! Denna garderob \u00e4r utrustad med 4 dubbla krokar i metall, s\u00e5 att du f\u00e5r 8 upph\u00e4ngningsm\u00f6jligheter f\u00f6r jackor, hattar, v\u00e4skor och nycklar. P\u00e5 s\u00e5 s\u00e4tt kommer dina stolar och f\u00e5t\u00f6ljer inte l\u00e4ngre att vara belamrade med kl\u00e4dh\u00f6gar. Goda vanor underl\u00e4ttar vardagen: Med denna garderobskrok kan du g\u00f6ra det till en vana att alltid h\u00e4nga upp dina kl\u00e4der snyggt. L\u00e4r \u00e4ven dina barn detta. P\u00e5 s\u00e5 s\u00e4tt l\u00e4r de sig redan i tidig \u00e5lder att skapa ordning och kommer sannolikt inte att beh\u00f6va leta efter sina nycklar senare. Produktdetaljer: F\u00e4rg: Vit Material: MDF (medeldensitetsfiberplatta), zinklegering Storlek: 40 x 9 x 7 cm (L x B x H) Vikt: 0,4 kg Max. statisk belastningskapacitet: 15,9 kg Leveransomfattning: 1 x v\u00e4ggh\u00e4ngd kl\u00e4dh\u00e4ngare 1 x tillbeh\u00f6rsp\u00e5se 1 x bruksanvisning SONGMICS Anm\u00e4rkningar: Anv\u00e4nd inte denna produkt utomhus och skydda den fr\u00e5n regn.Installera denna produkt p\u00e5 en massiv v\u00e4gg eller p\u00e5 tr\u00e4stolpar f\u00f6r att s\u00e4kerst\u00e4lla v\u00e4ggh\u00e4ngarens stabilitet och belastningskapacitet.<\/p>\n","protected":false},"excerpt":{"rendered":"<p>SONGMICS V\u00e4ggh\u00e4ngare, 4 kl\u00e4dkrokar i metall, kroklist, garderobskrokar, rockar, jackor, hattar, v\u00e4skor, hall, sovrum, badrum, vit LHR23WT<\/p>\n","protected":false},"featured_media":42605,"comment_status":"open","ping_status":"closed","template":"","meta":[],"product_brand":[],"product_cat":[33],"product_tag":[],"class_list":{"0":"post-14691","1":"product","2":"type-product","3":"status-publish","4":"has-post-thumbnail","6":"product_cat-okategoriserad","8":"first","9":"instock","10":"shipping-taxable","11":"purchasable","12":"product-type-simple"},"_links":{"self":[{"href":"https:\/\/nordicmart.andreevmaster.com\/sv\/wp-json\/wp\/v2\/product\/14691","targetHints":{"allow":["GET"]}}],"collection":[{"href":"https:\/\/nordicmart.andreevmaster.com\/sv\/wp-json\/wp\/v2\/product"}],"about":[{"href":"https:\/\/nordicmart.andreevmaster.com\/sv\/wp-json\/wp\/v2\/types\/product"}],"replies":[{"embeddable":true,"href":"https:\/\/nordicmart.andreevmaster.com\/sv\/wp-json\/wp\/v2\/comments?post=14691"}],"wp:featuredmedia":[{"embeddable":true,"href":"https:\/\/nordicmart.andreevmaster.com\/sv\/wp-json\/wp\/v2\/media\/42605"}],"wp:attachment":[{"href":"https:\/\/nordicmart.andreevmaster.com\/sv\/wp-json\/wp\/v2\/media?parent=14691"}],"wp:term":[{"taxonomy":"product_brand","embeddable":true,"href":"https:\/\/nordicmart.andreevmaster.com\/sv\/wp-json\/wp\/v2\/product_brand?post=14691"},{"taxonomy":"product_cat","embeddable":true,"href":"https:\/\/nordicmart.andreevmaster.com\/sv\/wp-json\/wp\/v2\/product_cat?post=14691"},{"taxonomy":"product_tag","embeddable":true,"href":"https:\/\/nordicmart.andreevmaster.com\/sv\/wp-json\/wp\/v2\/product_tag?post=14691"}],"curies":[{"name":"wp","href":"https:\/\/api.w.org\/{rel}","templated":true}]}}