{"id":14689,"date":"2026-02-27T00:22:58","date_gmt":"2026-02-27T00:22:58","guid":{"rendered":"https:\/\/nordicmart.andreevmaster.com\/product\/songmics-vagghangare-med-krokar-vit\/"},"modified":"2026-02-27T08:15:06","modified_gmt":"2026-02-27T08:15:06","slug":"songmics-vagghangare-med-krokar-vit","status":"publish","type":"product","link":"https:\/\/nordicmart.andreevmaster.com\/sv\/produkt\/songmics-vagghangare-med-krokar-vit\/","title":{"rendered":"SONGMICS v\u00e4ggh\u00e4ngare med krokar Vit"},"content":{"rendered":"<p>D\u00f6rrhandtag h\u00e4ngande med rockar och halsdukar, stolar belamrade med v\u00e4skor, nycklar och hattar&#8230; L\u00e5ter det bekant? Inga problem! Denna v\u00e4ggh\u00e4ngda garderob fr\u00e5n SONGMICS hj\u00e4lper dig att skapa ordning i din bostad. Garderoben \u00e4r utrustad med 4 djupa, b\u00f6jda krokar som erbjuder gott om plats f\u00f6r kl\u00e4der och f\u00f6rem\u00e5l av alla slag. Tack vare f\u00e4rgkombinationen vitt-silver passar denna kroklista dessutom perfekt till andra inredningsf\u00f6rem\u00e5l och \u00e4r d\u00e4rmed en v\u00e4lkommen g\u00e4st i varje hall, foaj\u00e9, badrum eller sovrum. Produktdetaljer: F\u00e4rg: Vitt-silver Material: MDF (medeldensitetsfiberplatta), zinklegering Storlek: 40 x 11 x 7 cm (L x B x H) Vikt: 0,5 kg Max. statisk belastningskapacitet: 15,9 kg Leveransomfattning: 1 x v\u00e4ggh\u00e4ngd garderob 1 x tillbeh\u00f6rspaket 1 x instruktioner SONGICs anvisningar: Anv\u00e4nd inte denna produkt utomhus och skydda den fr\u00e5n regn.Installera denna produkt p\u00e5 en massiv v\u00e4gg eller p\u00e5 tr\u00e4stolpar f\u00f6r att s\u00e4kerst\u00e4lla v\u00e4ggh\u00e4ngarens stabilitet och belastningskapacitet.<\/p>\n","protected":false},"excerpt":{"rendered":"<p>SONGMICS v\u00e4ggh\u00e4ngare, 4 trippelkl\u00e4dkrokar, kroklist, kl\u00e4dkrokar, rockar, jackor, hattar, v\u00e4skor, hall, sovrum, badrum, vit-silver LHR030E01<\/p>\n","protected":false},"featured_media":42604,"comment_status":"open","ping_status":"closed","template":"","meta":[],"product_brand":[],"product_cat":[33],"product_tag":[],"class_list":{"0":"post-14689","1":"product","2":"type-product","3":"status-publish","4":"has-post-thumbnail","6":"product_cat-okategoriserad","8":"first","9":"instock","10":"shipping-taxable","11":"purchasable","12":"product-type-simple"},"_links":{"self":[{"href":"https:\/\/nordicmart.andreevmaster.com\/sv\/wp-json\/wp\/v2\/product\/14689","targetHints":{"allow":["GET"]}}],"collection":[{"href":"https:\/\/nordicmart.andreevmaster.com\/sv\/wp-json\/wp\/v2\/product"}],"about":[{"href":"https:\/\/nordicmart.andreevmaster.com\/sv\/wp-json\/wp\/v2\/types\/product"}],"replies":[{"embeddable":true,"href":"https:\/\/nordicmart.andreevmaster.com\/sv\/wp-json\/wp\/v2\/comments?post=14689"}],"wp:featuredmedia":[{"embeddable":true,"href":"https:\/\/nordicmart.andreevmaster.com\/sv\/wp-json\/wp\/v2\/media\/42604"}],"wp:attachment":[{"href":"https:\/\/nordicmart.andreevmaster.com\/sv\/wp-json\/wp\/v2\/media?parent=14689"}],"wp:term":[{"taxonomy":"product_brand","embeddable":true,"href":"https:\/\/nordicmart.andreevmaster.com\/sv\/wp-json\/wp\/v2\/product_brand?post=14689"},{"taxonomy":"product_cat","embeddable":true,"href":"https:\/\/nordicmart.andreevmaster.com\/sv\/wp-json\/wp\/v2\/product_cat?post=14689"},{"taxonomy":"product_tag","embeddable":true,"href":"https:\/\/nordicmart.andreevmaster.com\/sv\/wp-json\/wp\/v2\/product_tag?post=14689"}],"curies":[{"name":"wp","href":"https:\/\/api.w.org\/{rel}","templated":true}]}}