{"id":14679,"date":"2026-02-27T00:22:56","date_gmt":"2026-02-27T00:22:56","guid":{"rendered":"https:\/\/nordicmart.andreevmaster.com\/product\/vasagle-badrumsskap-badrumsskap-sidobord-med-4-lador\/"},"modified":"2026-02-27T08:15:04","modified_gmt":"2026-02-27T08:15:04","slug":"vasagle-badrumsskap-badrumsskap-sidobord-med-4-lador","status":"publish","type":"product","link":"https:\/\/nordicmart.andreevmaster.com\/sv\/produkt\/vasagle-badrumsskap-badrumsskap-sidobord-med-4-lador\/","title":{"rendered":"VASAGLE badrumssk\u00e5p, badrumssk\u00e5p, sidobord med 4 l\u00e5dor"},"content":{"rendered":"<p>Badrumssk\u00e5p, badrumssk\u00e5p, sidobord med 4 l\u00e5dor, 30 x 30 x 82 cm, f\u00f6r badrum, vardagsrum, lagergr\u00f6n<br \/>\nProduktdetaljer:<br \/>\n&#8211; F\u00e4rg: lagergr\u00f6n<br \/>\n&#8211; Material: MDF (medeldensitetsfiberplatta)<br \/>\n&#8211; Storlek: 30 x 30 x 82 cm (D x B x H)<br \/>\n&#8211; Vikt: 8,3 kg<br \/>\n&#8211; Max. statisk belastningskapacitet f\u00f6r den \u00f6versta hyllan: 45 kg<br \/>\n&#8211; Max. statisk belastningskapacitet per l\u00e5da: 4,5 kg<\/p>\n<p>Leveransomfattning:<br \/>\n&#8211; 1 x badrumssk\u00e5p<br \/>\n&#8211; 1 x tippskydd<br \/>\n&#8211; 1 x tillbeh\u00f6rspaket<br \/>\n&#8211; 1 x bruksanvisning<\/p>\n<p>Anvisningar:<br \/>\n&#8211; F\u00e4st badrumssk\u00e5pet p\u00e5 v\u00e4ggen med det medf\u00f6ljande tippskyddet f\u00f6r att s\u00e4kerst\u00e4lla en s\u00e4ker anv\u00e4ndning.<\/p>\n","protected":false},"excerpt":{"rendered":"<p>Badrumssk\u00e5p, badrumssk\u00e5p, sidobord med 4 l\u00e5dor, 30 x 30 x 82 cm, f\u00f6r badrum, vardagsrum, lagergr\u00f6n<\/p>\n","protected":false},"featured_media":42594,"comment_status":"open","ping_status":"closed","template":"","meta":[],"product_brand":[],"product_cat":[33],"product_tag":[],"class_list":{"0":"post-14679","1":"product","2":"type-product","3":"status-publish","4":"has-post-thumbnail","6":"product_cat-okategoriserad","8":"first","9":"instock","10":"shipping-taxable","11":"purchasable","12":"product-type-simple"},"_links":{"self":[{"href":"https:\/\/nordicmart.andreevmaster.com\/sv\/wp-json\/wp\/v2\/product\/14679","targetHints":{"allow":["GET"]}}],"collection":[{"href":"https:\/\/nordicmart.andreevmaster.com\/sv\/wp-json\/wp\/v2\/product"}],"about":[{"href":"https:\/\/nordicmart.andreevmaster.com\/sv\/wp-json\/wp\/v2\/types\/product"}],"replies":[{"embeddable":true,"href":"https:\/\/nordicmart.andreevmaster.com\/sv\/wp-json\/wp\/v2\/comments?post=14679"}],"wp:featuredmedia":[{"embeddable":true,"href":"https:\/\/nordicmart.andreevmaster.com\/sv\/wp-json\/wp\/v2\/media\/42594"}],"wp:attachment":[{"href":"https:\/\/nordicmart.andreevmaster.com\/sv\/wp-json\/wp\/v2\/media?parent=14679"}],"wp:term":[{"taxonomy":"product_brand","embeddable":true,"href":"https:\/\/nordicmart.andreevmaster.com\/sv\/wp-json\/wp\/v2\/product_brand?post=14679"},{"taxonomy":"product_cat","embeddable":true,"href":"https:\/\/nordicmart.andreevmaster.com\/sv\/wp-json\/wp\/v2\/product_cat?post=14679"},{"taxonomy":"product_tag","embeddable":true,"href":"https:\/\/nordicmart.andreevmaster.com\/sv\/wp-json\/wp\/v2\/product_tag?post=14679"}],"curies":[{"name":"wp","href":"https:\/\/api.w.org\/{rel}","templated":true}]}}