{"id":14676,"date":"2026-02-27T00:22:55","date_gmt":"2026-02-27T00:22:55","guid":{"rendered":"https:\/\/nordicmart.andreevmaster.com\/product\/vasagle-sideboard-i-lantlig-stil\/"},"modified":"2026-02-27T08:15:04","modified_gmt":"2026-02-27T08:15:04","slug":"vasagle-sideboard-i-lantlig-stil","status":"publish","type":"product","link":"https:\/\/nordicmart.andreevmaster.com\/sv\/produkt\/vasagle-sideboard-i-lantlig-stil\/","title":{"rendered":"VASAGLE Sideboard i lantlig stil"},"content":{"rendered":"<p>Produktbeskrivning Sprider du alltid ut alla dina hygienartiklar i hela badrummet? Saknar du en l\u00e4mplig plats att f\u00f6rvara dem p\u00e5? H\u00e4r kommer en praktisk l\u00f6sning \u2013 denna badrumssk\u00e5p fr\u00e5n VASAGLE! S\u00e5 h\u00e5ller du ordning p\u00e5 r\u00f6ran I 4 djupa l\u00e5dor och 2 stora fack bakom sk\u00e5pd\u00f6rren kan du sortera och f\u00f6rvara dina handdukar, duschflaskor, reng\u00f6ringsmedel, toalettpapper etc. s\u00e5 att de inte syns, och du beh\u00f6ver inte oroa dig f\u00f6r att ditt badrum snabbt blir st\u00f6kigt igen. Sk\u00e5pet \u00e4r dessutom utrustat med en 3-stegs justerbar hylla bakom d\u00f6rren, s\u00e5 att du kan dela upp f\u00f6rvaringsutrymmet efter dina behov. En allroundare i ditt hem Sk\u00e5pet passar inte bara i badrummet, utan ocks\u00e5 i k\u00f6ket f\u00f6r f\u00f6rvaring av kryddor, kastruller, stekpannor etc. i vardagsrummet kan det anv\u00e4ndas f\u00f6r att st\u00e4lla och f\u00f6rvara b\u00f6cker, fotoramar etc. i hallen kan du f\u00f6rvara alla sm\u00e5saker du beh\u00f6ver innan du l\u00e4mnar huset i detta sk\u00e5p&#8230; S\u00e5 var ska du placera sk\u00e5pet? Precis som du vill! Skaffa detta sk\u00e5p till ditt hem och skapa en ordnad bostad! Produktdetaljer:- F\u00e4rg: vit &#8211; Material: MDF-skivor &#8211; M\u00e5tt: 55 x 82 x 30 cm (B x H x D) &#8211; Vikt: 13,7 kg Leveransomfattning: &#8211; 1 x badrumssk\u00e5p &#8211; 1 x tillbeh\u00f6rsp\u00e5se &#8211; 1 x bruksanvisning (DE, EN, FR, ES, IT) Setet inneh\u00e5ller: 1 x sidobord<\/p>\n","protected":false},"excerpt":{"rendered":"<p>VASAGLE Sideboard badrumssk\u00e5p,  badrumssk\u00e5p i tr\u00e4, sidobord, byr\u00e5 med 4 l\u00e5dor, sk\u00e5pd\u00f6rr, justerbara hyllplan, vardagsrum, k\u00f6k, hall, djupt, frist\u00e5ende, vitt LHC41W<\/p>\n","protected":false},"featured_media":0,"comment_status":"open","ping_status":"closed","template":"","meta":[],"product_brand":[],"product_cat":[33],"product_tag":[],"class_list":{"0":"post-14676","1":"product","2":"type-product","3":"status-publish","5":"product_cat-okategoriserad","7":"first","8":"instock","9":"shipping-taxable","10":"purchasable","11":"product-type-simple"},"_links":{"self":[{"href":"https:\/\/nordicmart.andreevmaster.com\/sv\/wp-json\/wp\/v2\/product\/14676","targetHints":{"allow":["GET"]}}],"collection":[{"href":"https:\/\/nordicmart.andreevmaster.com\/sv\/wp-json\/wp\/v2\/product"}],"about":[{"href":"https:\/\/nordicmart.andreevmaster.com\/sv\/wp-json\/wp\/v2\/types\/product"}],"replies":[{"embeddable":true,"href":"https:\/\/nordicmart.andreevmaster.com\/sv\/wp-json\/wp\/v2\/comments?post=14676"}],"wp:attachment":[{"href":"https:\/\/nordicmart.andreevmaster.com\/sv\/wp-json\/wp\/v2\/media?parent=14676"}],"wp:term":[{"taxonomy":"product_brand","embeddable":true,"href":"https:\/\/nordicmart.andreevmaster.com\/sv\/wp-json\/wp\/v2\/product_brand?post=14676"},{"taxonomy":"product_cat","embeddable":true,"href":"https:\/\/nordicmart.andreevmaster.com\/sv\/wp-json\/wp\/v2\/product_cat?post=14676"},{"taxonomy":"product_tag","embeddable":true,"href":"https:\/\/nordicmart.andreevmaster.com\/sv\/wp-json\/wp\/v2\/product_tag?post=14676"}],"curies":[{"name":"wp","href":"https:\/\/api.w.org\/{rel}","templated":true}]}}