{"id":14674,"date":"2026-02-27T00:22:55","date_gmt":"2026-02-27T00:22:55","guid":{"rendered":"https:\/\/nordicmart.andreevmaster.com\/product\/vasagle-sidobord-i-lantlig-stil\/"},"modified":"2026-02-27T08:15:03","modified_gmt":"2026-02-27T08:15:03","slug":"vasagle-sidobord-i-lantlig-stil","status":"publish","type":"product","link":"https:\/\/nordicmart.andreevmaster.com\/sv\/produkt\/vasagle-sidobord-i-lantlig-stil\/","title":{"rendered":"VASAGLE sidobord i lantlig stil"},"content":{"rendered":"<p>VASAGLE sidobord \u00f6vertygar med sin funktionella design och stabila finish. Det erbjuder tillr\u00e4ckligt med utrymme f\u00f6r dina tillbeh\u00f6r samtidigt som det dekorerar ditt vardagsrum. L\u00e5dorna \u00e4r l\u00e4tta att dra ut. Denna perfekta f\u00f6rvaringshj\u00e4lpreda kommer att berika din bostad och \u00e4r ett riktigt blickf\u00e5ng! Med VASAGLE byr\u00e5 kommer du att ha gl\u00e4dje av ditt k\u00f6p i m\u00e5nga \u00e5r. Produktdetaljer: &#8211; M\u00e5tt: 30 x 82 x 30 cm (B x H x D) &#8211; F\u00e4rg: vit &#8211; Material: MDF-skiva &#8211; F\u00f6rpackningsm\u00e5tt: 92 x 37 x 11,5 cm &#8211; Nettovikt: 8,65 kg &#8211; Bruttovikt: 10,04 kg Leveransomfattning: &#8211; 1 x sidobord &#8211; 1 x instruktionsbok (DE, EN, FR, IT, ES) &#8211; 1 x beslagsp\u00e5se (skruvmejsel medf\u00f6ljer ej)<\/p>\n","protected":false},"excerpt":{"rendered":"<p>VASAGLE badrumssk\u00e5p, smalt badrumssk\u00e5p i tr\u00e4 med 4 l\u00e5dor, 30 x 30 x 82 cm, vardagsrum, sovrum, hall, djupt, frist\u00e5ende, platsbesparande, vitt LHC40W<\/p>\n","protected":false},"featured_media":42592,"comment_status":"open","ping_status":"closed","template":"","meta":[],"product_brand":[],"product_cat":[33],"product_tag":[],"class_list":{"0":"post-14674","1":"product","2":"type-product","3":"status-publish","4":"has-post-thumbnail","6":"product_cat-okategoriserad","8":"first","9":"instock","10":"shipping-taxable","11":"purchasable","12":"product-type-simple"},"_links":{"self":[{"href":"https:\/\/nordicmart.andreevmaster.com\/sv\/wp-json\/wp\/v2\/product\/14674","targetHints":{"allow":["GET"]}}],"collection":[{"href":"https:\/\/nordicmart.andreevmaster.com\/sv\/wp-json\/wp\/v2\/product"}],"about":[{"href":"https:\/\/nordicmart.andreevmaster.com\/sv\/wp-json\/wp\/v2\/types\/product"}],"replies":[{"embeddable":true,"href":"https:\/\/nordicmart.andreevmaster.com\/sv\/wp-json\/wp\/v2\/comments?post=14674"}],"wp:featuredmedia":[{"embeddable":true,"href":"https:\/\/nordicmart.andreevmaster.com\/sv\/wp-json\/wp\/v2\/media\/42592"}],"wp:attachment":[{"href":"https:\/\/nordicmart.andreevmaster.com\/sv\/wp-json\/wp\/v2\/media?parent=14674"}],"wp:term":[{"taxonomy":"product_brand","embeddable":true,"href":"https:\/\/nordicmart.andreevmaster.com\/sv\/wp-json\/wp\/v2\/product_brand?post=14674"},{"taxonomy":"product_cat","embeddable":true,"href":"https:\/\/nordicmart.andreevmaster.com\/sv\/wp-json\/wp\/v2\/product_cat?post=14674"},{"taxonomy":"product_tag","embeddable":true,"href":"https:\/\/nordicmart.andreevmaster.com\/sv\/wp-json\/wp\/v2\/product_tag?post=14674"}],"curies":[{"name":"wp","href":"https:\/\/api.w.org\/{rel}","templated":true}]}}