{"id":14673,"date":"2026-02-27T00:22:55","date_gmt":"2026-02-27T00:22:55","guid":{"rendered":"https:\/\/nordicmart.andreevmaster.com\/product\/vasagle-smal-badrumsskap-med-4-lador-molnvit\/"},"modified":"2026-02-27T08:15:03","modified_gmt":"2026-02-27T08:15:03","slug":"vasagle-smal-badrumsskap-med-4-lador-molnvit","status":"publish","type":"product","link":"https:\/\/nordicmart.andreevmaster.com\/sv\/produkt\/vasagle-smal-badrumsskap-med-4-lador-molnvit\/","title":{"rendered":"VASAGLE Smal badrumssk\u00e5p med 4 l\u00e5dor molnvit"},"content":{"rendered":"<p>VASAGLE Sideboard badrumssk\u00e5p,  badrumssk\u00e5p i tr\u00e4, sidobord, byr\u00e5 med 4 l\u00e5dor, sk\u00e5pd\u00f6rr, justerbara hyllplan, vardagsrum, k\u00f6k, hall, djupt, frist\u00e5ende, vitt LHC41W<br \/>\nF\u00e4rg: Molnvit<br \/>\nMaterial: MDF (medeldensitetsfiberplatta)<br \/>\nStorlek: 35 x 65 x 90 cm (D x B x H)<br \/>\nVikt: 15,8 kg<br \/>\nMax. statisk belastningskapacitet f\u00f6r den \u00f6versta hyllan: 45 kg<br \/>\nMax. statisk belastningskapacitet per l\u00e5da: 5 kg<br \/>\nMax. statisk belastningskapacitet f\u00f6r den justerbara hyllan: 15 kg<\/p>\n","protected":false},"excerpt":{"rendered":"<p>VASAGLE Sideboard badrumssk\u00e5p,  badrumssk\u00e5p i tr\u00e4, sidobord, byr\u00e5 med 4 l\u00e5dor, sk\u00e5pd\u00f6rr, justerbara hyllplan, vardagsrum, k\u00f6k, hall, djupt, frist\u00e5ende, vitt LHC41W<\/p>\n","protected":false},"featured_media":46636,"comment_status":"open","ping_status":"closed","template":"","meta":[],"product_brand":[],"product_cat":[33],"product_tag":[],"class_list":{"0":"post-14673","1":"product","2":"type-product","3":"status-publish","4":"has-post-thumbnail","6":"product_cat-okategoriserad","8":"first","9":"instock","10":"shipping-taxable","11":"purchasable","12":"product-type-simple"},"_links":{"self":[{"href":"https:\/\/nordicmart.andreevmaster.com\/sv\/wp-json\/wp\/v2\/product\/14673","targetHints":{"allow":["GET"]}}],"collection":[{"href":"https:\/\/nordicmart.andreevmaster.com\/sv\/wp-json\/wp\/v2\/product"}],"about":[{"href":"https:\/\/nordicmart.andreevmaster.com\/sv\/wp-json\/wp\/v2\/types\/product"}],"replies":[{"embeddable":true,"href":"https:\/\/nordicmart.andreevmaster.com\/sv\/wp-json\/wp\/v2\/comments?post=14673"}],"wp:featuredmedia":[{"embeddable":true,"href":"https:\/\/nordicmart.andreevmaster.com\/sv\/wp-json\/wp\/v2\/media\/46636"}],"wp:attachment":[{"href":"https:\/\/nordicmart.andreevmaster.com\/sv\/wp-json\/wp\/v2\/media?parent=14673"}],"wp:term":[{"taxonomy":"product_brand","embeddable":true,"href":"https:\/\/nordicmart.andreevmaster.com\/sv\/wp-json\/wp\/v2\/product_brand?post=14673"},{"taxonomy":"product_cat","embeddable":true,"href":"https:\/\/nordicmart.andreevmaster.com\/sv\/wp-json\/wp\/v2\/product_cat?post=14673"},{"taxonomy":"product_tag","embeddable":true,"href":"https:\/\/nordicmart.andreevmaster.com\/sv\/wp-json\/wp\/v2\/product_tag?post=14673"}],"curies":[{"name":"wp","href":"https:\/\/api.w.org\/{rel}","templated":true}]}}