{"id":14670,"date":"2026-02-27T00:22:54","date_gmt":"2026-02-27T00:22:54","guid":{"rendered":"https:\/\/nordicmart.andreevmaster.com\/product\/vasagle-badrumsskap-4-lador-30-x-55-x-82-cm-skogsgron\/"},"modified":"2026-02-27T08:15:03","modified_gmt":"2026-02-27T08:15:03","slug":"vasagle-badrumsskap-4-lador-30-x-55-x-82-cm-skogsgron","status":"publish","type":"product","link":"https:\/\/nordicmart.andreevmaster.com\/sv\/produkt\/vasagle-badrumsskap-4-lador-30-x-55-x-82-cm-skogsgron\/","title":{"rendered":"VASAGLE badrumssk\u00e5p 4 l\u00e5dor 30 x 55 x 82 cm skogsgr\u00f6n"},"content":{"rendered":"<p>VASAGLE Sideboard badrumssk\u00e5p,  badrumssk\u00e5p i tr\u00e4, sidobord, byr\u00e5 med 4 l\u00e5dor, sk\u00e5pd\u00f6rr, justerbara hyllplan, vardagsrum, k\u00f6k, hall, djupt, frist\u00e5ende, vitt LHC41W<br \/>\nF\u00e4rg: skogsgr\u00f6n<br \/>\nMaterial: MDF (medeldensitetsfiberplatta)<br \/>\nStorlek: 30 x 55 x 82 cm (D x B x H)<br \/>\nVikt: 13,3 kg<br \/>\nMax. statisk belastningskapacitet f\u00f6r den \u00f6versta hyllan: 45 kg<br \/>\nMax. statisk belastningskapacitet per l\u00e5da: 4,5 kg<br \/>\nMax. statisk belastningskapacitet f\u00f6r den justerbara hyllan: 9 kg<\/p>\n","protected":false},"excerpt":{"rendered":"<p>VASAGLE Sideboard badrumssk\u00e5p,  badrumssk\u00e5p i tr\u00e4, sidobord, byr\u00e5 med 4 l\u00e5dor, sk\u00e5pd\u00f6rr, justerbara hyllplan, vardagsrum, k\u00f6k, hall, djupt, frist\u00e5ende, vitt LHC41W<\/p>\n","protected":false},"featured_media":0,"comment_status":"open","ping_status":"closed","template":"","meta":[],"product_brand":[],"product_cat":[33],"product_tag":[],"class_list":{"0":"post-14670","1":"product","2":"type-product","3":"status-publish","5":"product_cat-okategoriserad","7":"first","8":"instock","9":"shipping-taxable","10":"purchasable","11":"product-type-simple"},"_links":{"self":[{"href":"https:\/\/nordicmart.andreevmaster.com\/sv\/wp-json\/wp\/v2\/product\/14670","targetHints":{"allow":["GET"]}}],"collection":[{"href":"https:\/\/nordicmart.andreevmaster.com\/sv\/wp-json\/wp\/v2\/product"}],"about":[{"href":"https:\/\/nordicmart.andreevmaster.com\/sv\/wp-json\/wp\/v2\/types\/product"}],"replies":[{"embeddable":true,"href":"https:\/\/nordicmart.andreevmaster.com\/sv\/wp-json\/wp\/v2\/comments?post=14670"}],"wp:attachment":[{"href":"https:\/\/nordicmart.andreevmaster.com\/sv\/wp-json\/wp\/v2\/media?parent=14670"}],"wp:term":[{"taxonomy":"product_brand","embeddable":true,"href":"https:\/\/nordicmart.andreevmaster.com\/sv\/wp-json\/wp\/v2\/product_brand?post=14670"},{"taxonomy":"product_cat","embeddable":true,"href":"https:\/\/nordicmart.andreevmaster.com\/sv\/wp-json\/wp\/v2\/product_cat?post=14670"},{"taxonomy":"product_tag","embeddable":true,"href":"https:\/\/nordicmart.andreevmaster.com\/sv\/wp-json\/wp\/v2\/product_tag?post=14670"}],"curies":[{"name":"wp","href":"https:\/\/api.w.org\/{rel}","templated":true}]}}