{"id":14665,"date":"2026-02-27T00:22:52","date_gmt":"2026-02-27T00:22:52","guid":{"rendered":"https:\/\/nordicmart.andreevmaster.com\/product\/vasagle-sidobord-med-4-lador-30-x-30-x-82-cm-black-svart\/"},"modified":"2026-02-27T08:15:02","modified_gmt":"2026-02-27T08:15:02","slug":"vasagle-sidobord-med-4-lador-30-x-30-x-82-cm-black-svart","status":"publish","type":"product","link":"https:\/\/nordicmart.andreevmaster.com\/sv\/produkt\/vasagle-sidobord-med-4-lador-30-x-30-x-82-cm-black-svart\/","title":{"rendered":"VASAGLE sidobord med 4 l\u00e5dor 30 x 30 x 82 cm bl\u00e4ck svart"},"content":{"rendered":"<p>VASAGLE badrumssk\u00e5p, smalt badrumssk\u00e5p i tr\u00e4 med 4 l\u00e5dor, 30 x 30 x 82 cm, vardagsrum, sovrum, hall, djupt, frist\u00e5ende, platsbesparande, vitt LHC40W<br \/>\nF\u00e4rg: Bl\u00e4ksvart<br \/>\nMaterial: MDF (medeldensitetsfiberplatta)<br \/>\nStorlek: 30 x 30 x 82 cm (D x B x H)<br \/>\nVikt: 8,3 kg<br \/>\nMax. statisk belastningskapacitet f\u00f6r den \u00f6versta hyllan: 45 kg<br \/>\nMax. statisk belastningskapacitet per l\u00e5da: 4,5 kg<\/p>\n","protected":false},"excerpt":{"rendered":"<p>VASAGLE badrumssk\u00e5p, smalt badrumssk\u00e5p i tr\u00e4 med 4 l\u00e5dor, 30 x 30 x 82 cm, vardagsrum, sovrum, hall, djupt, frist\u00e5ende, platsbesparande, vitt LHC40W<\/p>\n","protected":false},"featured_media":0,"comment_status":"open","ping_status":"closed","template":"","meta":[],"product_brand":[],"product_cat":[33],"product_tag":[],"class_list":{"0":"post-14665","1":"product","2":"type-product","3":"status-publish","5":"product_cat-okategoriserad","7":"first","8":"instock","9":"shipping-taxable","10":"purchasable","11":"product-type-simple"},"_links":{"self":[{"href":"https:\/\/nordicmart.andreevmaster.com\/sv\/wp-json\/wp\/v2\/product\/14665","targetHints":{"allow":["GET"]}}],"collection":[{"href":"https:\/\/nordicmart.andreevmaster.com\/sv\/wp-json\/wp\/v2\/product"}],"about":[{"href":"https:\/\/nordicmart.andreevmaster.com\/sv\/wp-json\/wp\/v2\/types\/product"}],"replies":[{"embeddable":true,"href":"https:\/\/nordicmart.andreevmaster.com\/sv\/wp-json\/wp\/v2\/comments?post=14665"}],"wp:attachment":[{"href":"https:\/\/nordicmart.andreevmaster.com\/sv\/wp-json\/wp\/v2\/media?parent=14665"}],"wp:term":[{"taxonomy":"product_brand","embeddable":true,"href":"https:\/\/nordicmart.andreevmaster.com\/sv\/wp-json\/wp\/v2\/product_brand?post=14665"},{"taxonomy":"product_cat","embeddable":true,"href":"https:\/\/nordicmart.andreevmaster.com\/sv\/wp-json\/wp\/v2\/product_cat?post=14665"},{"taxonomy":"product_tag","embeddable":true,"href":"https:\/\/nordicmart.andreevmaster.com\/sv\/wp-json\/wp\/v2\/product_tag?post=14665"}],"curies":[{"name":"wp","href":"https:\/\/api.w.org\/{rel}","templated":true}]}}