{"id":14664,"date":"2026-02-27T00:22:52","date_gmt":"2026-02-27T00:22:52","guid":{"rendered":"https:\/\/nordicmart.andreevmaster.com\/product\/vasagle-spegelskap-med-oppet-fack-vaggmontering-vit\/"},"modified":"2026-02-27T08:15:02","modified_gmt":"2026-02-27T08:15:02","slug":"vasagle-spegelskap-med-oppet-fack-vaggmontering-vit","status":"publish","type":"product","link":"https:\/\/nordicmart.andreevmaster.com\/sv\/produkt\/vasagle-spegelskap-med-oppet-fack-vaggmontering-vit\/","title":{"rendered":"VASAGLE Spegelsk\u00e5p med \u00f6ppet fack V\u00e4ggmontering Vit"},"content":{"rendered":"<p>VASAGLE spegelsk\u00e5p, badrumssk\u00e5p, v\u00e4ggsk\u00e5p, h\u00e4ngsk\u00e5p med 2 spegeld\u00f6rrar och \u00f6ppet fack, justerbar hylla, v\u00e4ggmontering<br \/>\nF\u00e4rg: Vit<br \/>\nMaterial: MDF (medeldensitetsfiberplatta)<br \/>\nStorlek: 15 x 65 x 75 cm (D x B x H)<br \/>\nVikt: 10 kg<\/p>\n","protected":false},"excerpt":{"rendered":"<p>VASAGLE spegelsk\u00e5p, badrumssk\u00e5p, v\u00e4ggsk\u00e5p, h\u00e4ngsk\u00e5p med 2 spegeld\u00f6rrar och \u00f6ppet fack, justerbar hylla, v\u00e4ggmontering<\/p>\n","protected":false},"featured_media":42591,"comment_status":"open","ping_status":"closed","template":"","meta":[],"product_brand":[],"product_cat":[33],"product_tag":[],"class_list":{"0":"post-14664","1":"product","2":"type-product","3":"status-publish","4":"has-post-thumbnail","6":"product_cat-okategoriserad","8":"first","9":"instock","10":"shipping-taxable","11":"purchasable","12":"product-type-simple"},"_links":{"self":[{"href":"https:\/\/nordicmart.andreevmaster.com\/sv\/wp-json\/wp\/v2\/product\/14664","targetHints":{"allow":["GET"]}}],"collection":[{"href":"https:\/\/nordicmart.andreevmaster.com\/sv\/wp-json\/wp\/v2\/product"}],"about":[{"href":"https:\/\/nordicmart.andreevmaster.com\/sv\/wp-json\/wp\/v2\/types\/product"}],"replies":[{"embeddable":true,"href":"https:\/\/nordicmart.andreevmaster.com\/sv\/wp-json\/wp\/v2\/comments?post=14664"}],"wp:featuredmedia":[{"embeddable":true,"href":"https:\/\/nordicmart.andreevmaster.com\/sv\/wp-json\/wp\/v2\/media\/42591"}],"wp:attachment":[{"href":"https:\/\/nordicmart.andreevmaster.com\/sv\/wp-json\/wp\/v2\/media?parent=14664"}],"wp:term":[{"taxonomy":"product_brand","embeddable":true,"href":"https:\/\/nordicmart.andreevmaster.com\/sv\/wp-json\/wp\/v2\/product_brand?post=14664"},{"taxonomy":"product_cat","embeddable":true,"href":"https:\/\/nordicmart.andreevmaster.com\/sv\/wp-json\/wp\/v2\/product_cat?post=14664"},{"taxonomy":"product_tag","embeddable":true,"href":"https:\/\/nordicmart.andreevmaster.com\/sv\/wp-json\/wp\/v2\/product_tag?post=14664"}],"curies":[{"name":"wp","href":"https:\/\/api.w.org\/{rel}","templated":true}]}}