{"id":14663,"date":"2026-02-27T00:22:52","date_gmt":"2026-02-27T00:22:52","guid":{"rendered":"https:\/\/nordicmart.andreevmaster.com\/product\/vasagle-spegelskap-med-2-spegeldorrar-och-oppet-fack-i-naturlig-ekfarg\/"},"modified":"2026-02-27T08:15:01","modified_gmt":"2026-02-27T08:15:01","slug":"vasagle-spegelskap-med-2-spegeldorrar-och-oppet-fack-i-naturlig-ekfarg","status":"publish","type":"product","link":"https:\/\/nordicmart.andreevmaster.com\/sv\/produkt\/vasagle-spegelskap-med-2-spegeldorrar-och-oppet-fack-i-naturlig-ekfarg\/","title":{"rendered":"VASAGLE spegelsk\u00e5p med 2 spegeld\u00f6rrar och \u00f6ppet fack i naturlig ekf\u00e4rg"},"content":{"rendered":"<p>VASAGLE Spegelsk\u00e5p Badrumssk\u00e5p H\u00e4ngsk\u00e5p Spegel med hylla Sminksk\u00e5p i tr\u00e4 56 x 58 x 13 (B x H x D) cm vit LHC002<br \/>\nF\u00e4rg: Naturlig ek<br \/>\nMaterial: MDF (medeldensitetsfiberplatta)<br \/>\nStorlek: 13 x 56,5 x 58,5 cm (D x B x H)<br \/>\nVikt: 6,2 kg<\/p>\n","protected":false},"excerpt":{"rendered":"<p>VASAGLE Spegelsk\u00e5p Badrumssk\u00e5p H\u00e4ngsk\u00e5p Spegel med hylla Sminksk\u00e5p i tr\u00e4 56 x 58 x 13 (B x H x D) cm vit LHC002<\/p>\n","protected":false},"featured_media":42590,"comment_status":"open","ping_status":"closed","template":"","meta":[],"product_brand":[],"product_cat":[33],"product_tag":[],"class_list":{"0":"post-14663","1":"product","2":"type-product","3":"status-publish","4":"has-post-thumbnail","6":"product_cat-okategoriserad","8":"first","9":"instock","10":"shipping-taxable","11":"purchasable","12":"product-type-simple"},"_links":{"self":[{"href":"https:\/\/nordicmart.andreevmaster.com\/sv\/wp-json\/wp\/v2\/product\/14663","targetHints":{"allow":["GET"]}}],"collection":[{"href":"https:\/\/nordicmart.andreevmaster.com\/sv\/wp-json\/wp\/v2\/product"}],"about":[{"href":"https:\/\/nordicmart.andreevmaster.com\/sv\/wp-json\/wp\/v2\/types\/product"}],"replies":[{"embeddable":true,"href":"https:\/\/nordicmart.andreevmaster.com\/sv\/wp-json\/wp\/v2\/comments?post=14663"}],"wp:featuredmedia":[{"embeddable":true,"href":"https:\/\/nordicmart.andreevmaster.com\/sv\/wp-json\/wp\/v2\/media\/42590"}],"wp:attachment":[{"href":"https:\/\/nordicmart.andreevmaster.com\/sv\/wp-json\/wp\/v2\/media?parent=14663"}],"wp:term":[{"taxonomy":"product_brand","embeddable":true,"href":"https:\/\/nordicmart.andreevmaster.com\/sv\/wp-json\/wp\/v2\/product_brand?post=14663"},{"taxonomy":"product_cat","embeddable":true,"href":"https:\/\/nordicmart.andreevmaster.com\/sv\/wp-json\/wp\/v2\/product_cat?post=14663"},{"taxonomy":"product_tag","embeddable":true,"href":"https:\/\/nordicmart.andreevmaster.com\/sv\/wp-json\/wp\/v2\/product_tag?post=14663"}],"curies":[{"name":"wp","href":"https:\/\/api.w.org\/{rel}","templated":true}]}}