{"id":14662,"date":"2026-02-27T00:22:52","date_gmt":"2026-02-27T00:22:52","guid":{"rendered":"https:\/\/nordicmart.andreevmaster.com\/product\/vasagle-spegelskap-for-vaggmontering-duvgra\/"},"modified":"2026-02-27T08:15:01","modified_gmt":"2026-02-27T08:15:01","slug":"vasagle-spegelskap-for-vaggmontering-duvgra","status":"publish","type":"product","link":"https:\/\/nordicmart.andreevmaster.com\/sv\/produkt\/vasagle-spegelskap-for-vaggmontering-duvgra\/","title":{"rendered":"VASAGLE Spegelsk\u00e5p f\u00f6r v\u00e4ggmontering, duvgr\u00e5"},"content":{"rendered":"<p>VASAGLE Spegelsk\u00e5p Badrumssk\u00e5p H\u00e4ngsk\u00e5p Spegel med hylla Sminksk\u00e5p i tr\u00e4 56 x 58 x 13 (B x H x D) cm vit LHC002<br \/>\n&#8211; F\u00e4rg: duvgr\u00e5<br \/>\n&#8211; Material: MDF (medeldensitetsfiberplatta)<br \/>\n&#8211; Storlek: 13 x 56,5 x 58,5 cm (D x B x H)<br \/>\n&#8211; Vikt: 6,2 kg<\/p>\n","protected":false},"excerpt":{"rendered":"<p>VASAGLE Spegelsk\u00e5p Badrumssk\u00e5p H\u00e4ngsk\u00e5p Spegel med hylla Sminksk\u00e5p i tr\u00e4 56 x 58 x 13 (B x H x D) cm vit LHC002<\/p>\n","protected":false},"featured_media":46634,"comment_status":"open","ping_status":"closed","template":"","meta":[],"product_brand":[],"product_cat":[33],"product_tag":[],"class_list":{"0":"post-14662","1":"product","2":"type-product","3":"status-publish","4":"has-post-thumbnail","6":"product_cat-okategoriserad","8":"first","9":"instock","10":"shipping-taxable","11":"purchasable","12":"product-type-simple"},"_links":{"self":[{"href":"https:\/\/nordicmart.andreevmaster.com\/sv\/wp-json\/wp\/v2\/product\/14662","targetHints":{"allow":["GET"]}}],"collection":[{"href":"https:\/\/nordicmart.andreevmaster.com\/sv\/wp-json\/wp\/v2\/product"}],"about":[{"href":"https:\/\/nordicmart.andreevmaster.com\/sv\/wp-json\/wp\/v2\/types\/product"}],"replies":[{"embeddable":true,"href":"https:\/\/nordicmart.andreevmaster.com\/sv\/wp-json\/wp\/v2\/comments?post=14662"}],"wp:featuredmedia":[{"embeddable":true,"href":"https:\/\/nordicmart.andreevmaster.com\/sv\/wp-json\/wp\/v2\/media\/46634"}],"wp:attachment":[{"href":"https:\/\/nordicmart.andreevmaster.com\/sv\/wp-json\/wp\/v2\/media?parent=14662"}],"wp:term":[{"taxonomy":"product_brand","embeddable":true,"href":"https:\/\/nordicmart.andreevmaster.com\/sv\/wp-json\/wp\/v2\/product_brand?post=14662"},{"taxonomy":"product_cat","embeddable":true,"href":"https:\/\/nordicmart.andreevmaster.com\/sv\/wp-json\/wp\/v2\/product_cat?post=14662"},{"taxonomy":"product_tag","embeddable":true,"href":"https:\/\/nordicmart.andreevmaster.com\/sv\/wp-json\/wp\/v2\/product_tag?post=14662"}],"curies":[{"name":"wp","href":"https:\/\/api.w.org\/{rel}","templated":true}]}}