{"id":14661,"date":"2026-02-27T00:22:51","date_gmt":"2026-02-27T00:22:51","guid":{"rendered":"https:\/\/nordicmart.andreevmaster.com\/product\/vasagle-spegelskap-med-dubbeldorr\/"},"modified":"2026-02-27T08:15:01","modified_gmt":"2026-02-27T08:15:01","slug":"vasagle-spegelskap-med-dubbeldorr","status":"publish","type":"product","link":"https:\/\/nordicmart.andreevmaster.com\/sv\/produkt\/vasagle-spegelskap-med-dubbeldorr\/","title":{"rendered":"VASAGLE Spegelsk\u00e5p med dubbeld\u00f6rr"},"content":{"rendered":"<p>H\u00e4r erbjuder vi ett spegelsk\u00e5p i elegant vitt. Den tidl\u00f6sa designen g\u00f6r det till en riktig prydnad f\u00f6r varje badrum. Tack vare sin djup (13 cm) \u00e4r det s\u00e4rskilt rekommenderat f\u00f6r sm\u00e5 badrum. Detta sk\u00e5p kan ocks\u00e5 enkelt kombineras med andra m\u00f6bler och passar i n\u00e4stan alla rum, t.ex. i hallen, vardagsrummet, sovrummet etc.  F\u00f6rutom den nedre hyllan och de inre facken kan man ocks\u00e5 anv\u00e4nda sk\u00e5pets ovansida f\u00f6r att st\u00e4lla v\u00e4xtkrukor p\u00e5, till exempel. Dessutom kan det omvandlas till ett medicinsk\u00e5p. Badrumssk\u00e5pet skyddas med styroporplattor och packas i en kartong med h\u00f6g h\u00e5rdhet. Detta garanterar att leveransen \u00e4r komplett vid transport.  Anm\u00e4rkningar: &#8211; Vi avr\u00e5der fr\u00e5n att anv\u00e4nda akkusskruvdragare, eftersom detta kan skada produkten. Produktdetaljer: &#8211; M\u00e5tt: 56 x 58 x 13 cm (B x H x D) &#8211; F\u00e4rg: vit &#8211; Material: MDF-skiva &#8211; F\u00f6rpackningsm\u00e5tt: 64,5 x 32,5 x 11 cm &#8211; Nettovikt: 6,22 kg &#8211; Bruttovikt: 7,16 kg Leveransomfattning: &#8211; 1 x spegelsk\u00e5p &#8211; 1 x bruksanvisning &#8211; 1 x beslagsp\u00e5se<\/p>\n","protected":false},"excerpt":{"rendered":"<p>VASAGLE Spegelsk\u00e5p Badrumssk\u00e5p H\u00e4ngsk\u00e5p Spegel med hylla Sminksk\u00e5p i tr\u00e4 56 x 58 x 13 (B x H x D) cm vit LHC002<\/p>\n","protected":false},"featured_media":42589,"comment_status":"open","ping_status":"closed","template":"","meta":[],"product_brand":[],"product_cat":[33],"product_tag":[],"class_list":{"0":"post-14661","1":"product","2":"type-product","3":"status-publish","4":"has-post-thumbnail","6":"product_cat-okategoriserad","8":"first","9":"instock","10":"shipping-taxable","11":"purchasable","12":"product-type-simple"},"_links":{"self":[{"href":"https:\/\/nordicmart.andreevmaster.com\/sv\/wp-json\/wp\/v2\/product\/14661","targetHints":{"allow":["GET"]}}],"collection":[{"href":"https:\/\/nordicmart.andreevmaster.com\/sv\/wp-json\/wp\/v2\/product"}],"about":[{"href":"https:\/\/nordicmart.andreevmaster.com\/sv\/wp-json\/wp\/v2\/types\/product"}],"replies":[{"embeddable":true,"href":"https:\/\/nordicmart.andreevmaster.com\/sv\/wp-json\/wp\/v2\/comments?post=14661"}],"wp:featuredmedia":[{"embeddable":true,"href":"https:\/\/nordicmart.andreevmaster.com\/sv\/wp-json\/wp\/v2\/media\/42589"}],"wp:attachment":[{"href":"https:\/\/nordicmart.andreevmaster.com\/sv\/wp-json\/wp\/v2\/media?parent=14661"}],"wp:term":[{"taxonomy":"product_brand","embeddable":true,"href":"https:\/\/nordicmart.andreevmaster.com\/sv\/wp-json\/wp\/v2\/product_brand?post=14661"},{"taxonomy":"product_cat","embeddable":true,"href":"https:\/\/nordicmart.andreevmaster.com\/sv\/wp-json\/wp\/v2\/product_cat?post=14661"},{"taxonomy":"product_tag","embeddable":true,"href":"https:\/\/nordicmart.andreevmaster.com\/sv\/wp-json\/wp\/v2\/product_tag?post=14661"}],"curies":[{"name":"wp","href":"https:\/\/api.w.org\/{rel}","templated":true}]}}