{"id":14660,"date":"2026-02-27T00:22:51","date_gmt":"2026-02-27T00:22:51","guid":{"rendered":"https:\/\/nordicmart.andreevmaster.com\/product\/vasagle-badrumsskap-med-spegel\/"},"modified":"2026-02-27T08:15:01","modified_gmt":"2026-02-27T08:15:01","slug":"vasagle-badrumsskap-med-spegel","status":"publish","type":"product","link":"https:\/\/nordicmart.andreevmaster.com\/sv\/produkt\/vasagle-badrumsskap-med-spegel\/","title":{"rendered":"VASAGLE badrumssk\u00e5p med spegel"},"content":{"rendered":"<p>Badrumsspegelsk\u00e5pUppt\u00e4ck sk\u00f6nheten i ett v\u00e4lordnat badrumOm du tittar dig omkring i ditt badrum och ser ett hav av kaotiskt utspridda badrumsartiklar \u00e4r det dags f\u00f6r detta spegelsk\u00e5p, som f\u00e4sts p\u00e5 v\u00e4ggen ovanf\u00f6r handfatet. Det \u00e4r perfekt f\u00f6r sm\u00e5 badrum och erbjuder gott om plats f\u00f6r alla typer av hygienartiklar.Det vitlackerade h\u00e4ngsk\u00e5pet med h\u00f6gkvalitativa metallbeslag kommer att lysa upp ditt badrum under l\u00e5ng tid, och kanske vill du anv\u00e4nda ytterligare m\u00f6bler fr\u00e5n VASAGLE f\u00f6r detta \u00e4ndam\u00e5l. Produktdetaljer: &#8211; M\u00e5tt: 41 x 60 x 14 cm (B x H x D) &#8211; M\u00e5tt spegelyta: 33 x 53,5 cm &#8211; Avst\u00e5nd mellan de tv\u00e5 h\u00e5len p\u00e5 bakv\u00e4ggen: 22,5 cm &#8211; Material: MDF-skiva &#8211; F\u00e4rg: vit &#8211; Vikt: 5,2 kg Leveransomfattning: -1 x spegelsk\u00e5p -1 x instruktioner (DE, EN, FR, IT, ES) -1 x beslagsp\u00e5se<\/p>\n","protected":false},"excerpt":{"rendered":"<p>VASAGLE Spegelsk\u00e5p f\u00f6r badrum, v\u00e4ggsk\u00e5p, badrumssk\u00e5p med h\u00f6jdjusterbar hyllplan, h\u00e4ngsk\u00e5p, badrum, 41 x 14 x 60 cm, vitt LHC001<\/p>\n","protected":false},"featured_media":42588,"comment_status":"open","ping_status":"closed","template":"","meta":[],"product_brand":[],"product_cat":[33],"product_tag":[],"class_list":{"0":"post-14660","1":"product","2":"type-product","3":"status-publish","4":"has-post-thumbnail","6":"product_cat-okategoriserad","8":"first","9":"instock","10":"shipping-taxable","11":"purchasable","12":"product-type-simple"},"_links":{"self":[{"href":"https:\/\/nordicmart.andreevmaster.com\/sv\/wp-json\/wp\/v2\/product\/14660","targetHints":{"allow":["GET"]}}],"collection":[{"href":"https:\/\/nordicmart.andreevmaster.com\/sv\/wp-json\/wp\/v2\/product"}],"about":[{"href":"https:\/\/nordicmart.andreevmaster.com\/sv\/wp-json\/wp\/v2\/types\/product"}],"replies":[{"embeddable":true,"href":"https:\/\/nordicmart.andreevmaster.com\/sv\/wp-json\/wp\/v2\/comments?post=14660"}],"wp:featuredmedia":[{"embeddable":true,"href":"https:\/\/nordicmart.andreevmaster.com\/sv\/wp-json\/wp\/v2\/media\/42588"}],"wp:attachment":[{"href":"https:\/\/nordicmart.andreevmaster.com\/sv\/wp-json\/wp\/v2\/media?parent=14660"}],"wp:term":[{"taxonomy":"product_brand","embeddable":true,"href":"https:\/\/nordicmart.andreevmaster.com\/sv\/wp-json\/wp\/v2\/product_brand?post=14660"},{"taxonomy":"product_cat","embeddable":true,"href":"https:\/\/nordicmart.andreevmaster.com\/sv\/wp-json\/wp\/v2\/product_cat?post=14660"},{"taxonomy":"product_tag","embeddable":true,"href":"https:\/\/nordicmart.andreevmaster.com\/sv\/wp-json\/wp\/v2\/product_tag?post=14660"}],"curies":[{"name":"wp","href":"https:\/\/api.w.org\/{rel}","templated":true}]}}