{"id":14659,"date":"2026-02-27T00:22:51","date_gmt":"2026-02-27T00:22:51","guid":{"rendered":"https:\/\/nordicmart.andreevmaster.com\/product\/vasagle-3-stegs-hornhylla-bokhylla-badrumsorganiserare\/"},"modified":"2026-02-27T08:15:01","modified_gmt":"2026-02-27T08:15:01","slug":"vasagle-3-stegs-hornhylla-bokhylla-badrumsorganiserare","status":"publish","type":"product","link":"https:\/\/nordicmart.andreevmaster.com\/sv\/produkt\/vasagle-3-stegs-hornhylla-bokhylla-badrumsorganiserare\/","title":{"rendered":"VASAGLE 3-stegs h\u00f6rnhylla, bokhylla, badrumsorganiserare"},"content":{"rendered":"<p>VASAGLE h\u00f6rnhylla med 3 niv\u00e5er, bokhylla, v\u00e4xtst\u00e4ll, stativhylla, badrumshylla, hyllor av h\u00e4rdat glas, st\u00e5lram, modern, f\u00f6r vardagsrum, k\u00f6k, klassiskt svart<br \/>\nSpecifikationer:<br \/>\n&#8211; M\u00e5tt: 28 x 28 x 95,2 cm (D x B x H)<br \/>\n&#8211; Vikt: 3,4 kg<br \/>\n&#8211; Max. statisk b\u00e4rf\u00f6rm\u00e5ga per niv\u00e5: 5 kg<br \/>\n&#8211; Material: st\u00e5l, h\u00e4rdat glas<br \/>\n&#8211; F\u00e4rg: guld<\/p>\n","protected":false},"excerpt":{"rendered":"<p>VASAGLE h\u00f6rnhylla med 3 niv\u00e5er, bokhylla, v\u00e4xtst\u00e4ll, stativhylla, badrumshylla, hyllor av h\u00e4rdat glas, st\u00e5lram, modern, f\u00f6r vardagsrum, k\u00f6k, klassiskt svart<\/p>\n","protected":false},"featured_media":42587,"comment_status":"open","ping_status":"closed","template":"","meta":[],"product_brand":[],"product_cat":[33],"product_tag":[],"class_list":{"0":"post-14659","1":"product","2":"type-product","3":"status-publish","4":"has-post-thumbnail","6":"product_cat-okategoriserad","8":"first","9":"instock","10":"shipping-taxable","11":"purchasable","12":"product-type-simple"},"_links":{"self":[{"href":"https:\/\/nordicmart.andreevmaster.com\/sv\/wp-json\/wp\/v2\/product\/14659","targetHints":{"allow":["GET"]}}],"collection":[{"href":"https:\/\/nordicmart.andreevmaster.com\/sv\/wp-json\/wp\/v2\/product"}],"about":[{"href":"https:\/\/nordicmart.andreevmaster.com\/sv\/wp-json\/wp\/v2\/types\/product"}],"replies":[{"embeddable":true,"href":"https:\/\/nordicmart.andreevmaster.com\/sv\/wp-json\/wp\/v2\/comments?post=14659"}],"wp:featuredmedia":[{"embeddable":true,"href":"https:\/\/nordicmart.andreevmaster.com\/sv\/wp-json\/wp\/v2\/media\/42587"}],"wp:attachment":[{"href":"https:\/\/nordicmart.andreevmaster.com\/sv\/wp-json\/wp\/v2\/media?parent=14659"}],"wp:term":[{"taxonomy":"product_brand","embeddable":true,"href":"https:\/\/nordicmart.andreevmaster.com\/sv\/wp-json\/wp\/v2\/product_brand?post=14659"},{"taxonomy":"product_cat","embeddable":true,"href":"https:\/\/nordicmart.andreevmaster.com\/sv\/wp-json\/wp\/v2\/product_cat?post=14659"},{"taxonomy":"product_tag","embeddable":true,"href":"https:\/\/nordicmart.andreevmaster.com\/sv\/wp-json\/wp\/v2\/product_tag?post=14659"}],"curies":[{"name":"wp","href":"https:\/\/api.w.org\/{rel}","templated":true}]}}