{"id":14654,"date":"2026-02-27T00:22:50","date_gmt":"2026-02-27T00:22:50","guid":{"rendered":"https:\/\/nordicmart.andreevmaster.com\/product\/vasagle-6-hyllig-bokhylla-hylla-med-hyllplan-i-hardat-glas-staende-hylla\/"},"modified":"2026-02-27T08:15:00","modified_gmt":"2026-02-27T08:15:00","slug":"vasagle-6-hyllig-bokhylla-hylla-med-hyllplan-i-hardat-glas-staende-hylla","status":"publish","type":"product","link":"https:\/\/nordicmart.andreevmaster.com\/sv\/produkt\/vasagle-6-hyllig-bokhylla-hylla-med-hyllplan-i-hardat-glas-staende-hylla\/","title":{"rendered":"VASAGLE 6-hyllig bokhylla, hylla med hyllplan i h\u00e4rdat glas, st\u00e5ende hylla"},"content":{"rendered":"<p>VASAGLE bokhylla, hylla med 6 hyllplan, st\u00e5ende hylla, hyllplan av h\u00e4rdat glas, 30 x 80 x 180 cm, f\u00f6r arbetsrum, kontor, vardagsrum, sovrum, k\u00f6k Bokhylla<br \/>\nSpecifikationer:<\/p>\n<p>&#8211; M\u00e5tt: 30 x 80 x 180 cm (D x B x H)<br \/>\n&#8211; Vikt: 18,5 kg<br \/>\n&#8211; Max. total statisk b\u00e4rf\u00f6rm\u00e5ga: 40 kg<br \/>\n&#8211; Material: glas, st\u00e5l<br \/>\n&#8211; F\u00e4rg: guld<\/p>\n","protected":false},"excerpt":{"rendered":"<p>VASAGLE bokhylla, hylla med 6 hyllplan, st\u00e5ende hylla, hyllplan av h\u00e4rdat glas, 30 x 80 x 180 cm, f\u00f6r arbetsrum, kontor, vardagsrum, sovrum, k\u00f6k Bokhylla<\/p>\n","protected":false},"featured_media":42582,"comment_status":"open","ping_status":"closed","template":"","meta":[],"product_brand":[],"product_cat":[33],"product_tag":[],"class_list":{"0":"post-14654","1":"product","2":"type-product","3":"status-publish","4":"has-post-thumbnail","6":"product_cat-okategoriserad","8":"first","9":"instock","10":"shipping-taxable","11":"purchasable","12":"product-type-simple"},"_links":{"self":[{"href":"https:\/\/nordicmart.andreevmaster.com\/sv\/wp-json\/wp\/v2\/product\/14654","targetHints":{"allow":["GET"]}}],"collection":[{"href":"https:\/\/nordicmart.andreevmaster.com\/sv\/wp-json\/wp\/v2\/product"}],"about":[{"href":"https:\/\/nordicmart.andreevmaster.com\/sv\/wp-json\/wp\/v2\/types\/product"}],"replies":[{"embeddable":true,"href":"https:\/\/nordicmart.andreevmaster.com\/sv\/wp-json\/wp\/v2\/comments?post=14654"}],"wp:featuredmedia":[{"embeddable":true,"href":"https:\/\/nordicmart.andreevmaster.com\/sv\/wp-json\/wp\/v2\/media\/42582"}],"wp:attachment":[{"href":"https:\/\/nordicmart.andreevmaster.com\/sv\/wp-json\/wp\/v2\/media?parent=14654"}],"wp:term":[{"taxonomy":"product_brand","embeddable":true,"href":"https:\/\/nordicmart.andreevmaster.com\/sv\/wp-json\/wp\/v2\/product_brand?post=14654"},{"taxonomy":"product_cat","embeddable":true,"href":"https:\/\/nordicmart.andreevmaster.com\/sv\/wp-json\/wp\/v2\/product_cat?post=14654"},{"taxonomy":"product_tag","embeddable":true,"href":"https:\/\/nordicmart.andreevmaster.com\/sv\/wp-json\/wp\/v2\/product_tag?post=14654"}],"curies":[{"name":"wp","href":"https:\/\/api.w.org\/{rel}","templated":true}]}}