{"id":14652,"date":"2026-02-27T00:22:49","date_gmt":"2026-02-27T00:22:49","guid":{"rendered":"https:\/\/nordicmart.andreevmaster.com\/product\/vasagle-hylla-med-5-nivaer-bokhylla-i-hardat-glas-bagformad-forvaringshylla\/"},"modified":"2026-02-27T08:14:59","modified_gmt":"2026-02-27T08:14:59","slug":"vasagle-hylla-med-5-nivaer-bokhylla-i-hardat-glas-bagformad-forvaringshylla","status":"publish","type":"product","link":"https:\/\/nordicmart.andreevmaster.com\/sv\/produkt\/vasagle-hylla-med-5-nivaer-bokhylla-i-hardat-glas-bagformad-forvaringshylla\/","title":{"rendered":"VASAGLE hylla med 5 niv\u00e5er, bokhylla i h\u00e4rdat glas, b\u00e5gformad f\u00f6rvaringshylla"},"content":{"rendered":"<p>VASAGLE hyllor, bokhylla med 5 hyllplan, stativhylla i h\u00e4rdat glas, f\u00f6rvaringshylla, b\u00e5gformad, metallkonstruktion, f\u00f6r vardagsrum, sovrum, arbetsrum, badrum<br \/>\nSpecifikationer:<\/p>\n<p>&#8211; M\u00e5tt: 30,2 x 40 x 183,5 cm (D x B x H)<br \/>\n&#8211; Vikt: 11,2 kg<br \/>\n&#8211; Max. statisk b\u00e4rf\u00f6rm\u00e5ga per niv\u00e5: 10 kg<br \/>\n&#8211; Material: h\u00e4rdat glas, st\u00e5l<br \/>\n&#8211; F\u00e4rg: guld<\/p>\n","protected":false},"excerpt":{"rendered":"<p>VASAGLE hyllor, bokhylla med 5 hyllplan, stativhylla i h\u00e4rdat glas, f\u00f6rvaringshylla, b\u00e5gformad, metallkonstruktion, f\u00f6r vardagsrum, sovrum, arbetsrum, badrum<\/p>\n","protected":false},"featured_media":42580,"comment_status":"open","ping_status":"closed","template":"","meta":[],"product_brand":[],"product_cat":[33],"product_tag":[],"class_list":{"0":"post-14652","1":"product","2":"type-product","3":"status-publish","4":"has-post-thumbnail","6":"product_cat-okategoriserad","8":"first","9":"instock","10":"shipping-taxable","11":"purchasable","12":"product-type-simple"},"_links":{"self":[{"href":"https:\/\/nordicmart.andreevmaster.com\/sv\/wp-json\/wp\/v2\/product\/14652","targetHints":{"allow":["GET"]}}],"collection":[{"href":"https:\/\/nordicmart.andreevmaster.com\/sv\/wp-json\/wp\/v2\/product"}],"about":[{"href":"https:\/\/nordicmart.andreevmaster.com\/sv\/wp-json\/wp\/v2\/types\/product"}],"replies":[{"embeddable":true,"href":"https:\/\/nordicmart.andreevmaster.com\/sv\/wp-json\/wp\/v2\/comments?post=14652"}],"wp:featuredmedia":[{"embeddable":true,"href":"https:\/\/nordicmart.andreevmaster.com\/sv\/wp-json\/wp\/v2\/media\/42580"}],"wp:attachment":[{"href":"https:\/\/nordicmart.andreevmaster.com\/sv\/wp-json\/wp\/v2\/media?parent=14652"}],"wp:term":[{"taxonomy":"product_brand","embeddable":true,"href":"https:\/\/nordicmart.andreevmaster.com\/sv\/wp-json\/wp\/v2\/product_brand?post=14652"},{"taxonomy":"product_cat","embeddable":true,"href":"https:\/\/nordicmart.andreevmaster.com\/sv\/wp-json\/wp\/v2\/product_cat?post=14652"},{"taxonomy":"product_tag","embeddable":true,"href":"https:\/\/nordicmart.andreevmaster.com\/sv\/wp-json\/wp\/v2\/product_tag?post=14652"}],"curies":[{"name":"wp","href":"https:\/\/api.w.org\/{rel}","templated":true}]}}