{"id":14650,"date":"2026-02-27T00:22:48","date_gmt":"2026-02-27T00:22:48","guid":{"rendered":"https:\/\/nordicmart.andreevmaster.com\/product\/vasagle-hylla-badrumshylla-6-hyllplan\/"},"modified":"2026-02-27T08:14:59","modified_gmt":"2026-02-27T08:14:59","slug":"vasagle-hylla-badrumshylla-6-hyllplan","status":"publish","type":"product","link":"https:\/\/nordicmart.andreevmaster.com\/sv\/produkt\/vasagle-hylla-badrumshylla-6-hyllplan\/","title":{"rendered":"VASAGLE hylla, badrumshylla, 6 hyllplan"},"content":{"rendered":"<p>VASAGLE stativhylla, bokhylla, badrumshylla, 5 niv\u00e5er, k\u00f6kshylla, smal, hylla, badrumshylla, f\u00f6r vardagsrum, sovrum, arbetsrum, h\u00e4rdat glas, st\u00e5lstativ, guldf\u00e4rgad LGT029A01<br \/>\nSpecifikationer:<\/p>\n<p>&#8211; M\u00e5tt: 30 x 40 x 177,3 cm (D x B x H)<br \/>\n&#8211; Vikt: 9,9 kg<br \/>\n&#8211; Max. statisk b\u00e4rf\u00f6rm\u00e5ga per niv\u00e5: 10 kg<br \/>\n&#8211; Max. statisk b\u00e4rf\u00f6rm\u00e5ga totalt: 60 kg<br \/>\n&#8211; Material: glas, st\u00e5l<br \/>\n&#8211; F\u00e4rg: guld<\/p>\n","protected":false},"excerpt":{"rendered":"<p>VASAGLE stativhylla, bokhylla, badrumshylla, 5 niv\u00e5er, k\u00f6kshylla, smal, hylla, badrumshylla, f\u00f6r vardagsrum, sovrum, arbetsrum, h\u00e4rdat glas, st\u00e5lstativ, guldf\u00e4rgad LGT029A01<\/p>\n","protected":false},"featured_media":42578,"comment_status":"open","ping_status":"closed","template":"","meta":[],"product_brand":[],"product_cat":[33],"product_tag":[],"class_list":{"0":"post-14650","1":"product","2":"type-product","3":"status-publish","4":"has-post-thumbnail","6":"product_cat-okategoriserad","8":"first","9":"instock","10":"shipping-taxable","11":"purchasable","12":"product-type-simple"},"_links":{"self":[{"href":"https:\/\/nordicmart.andreevmaster.com\/sv\/wp-json\/wp\/v2\/product\/14650","targetHints":{"allow":["GET"]}}],"collection":[{"href":"https:\/\/nordicmart.andreevmaster.com\/sv\/wp-json\/wp\/v2\/product"}],"about":[{"href":"https:\/\/nordicmart.andreevmaster.com\/sv\/wp-json\/wp\/v2\/types\/product"}],"replies":[{"embeddable":true,"href":"https:\/\/nordicmart.andreevmaster.com\/sv\/wp-json\/wp\/v2\/comments?post=14650"}],"wp:featuredmedia":[{"embeddable":true,"href":"https:\/\/nordicmart.andreevmaster.com\/sv\/wp-json\/wp\/v2\/media\/42578"}],"wp:attachment":[{"href":"https:\/\/nordicmart.andreevmaster.com\/sv\/wp-json\/wp\/v2\/media?parent=14650"}],"wp:term":[{"taxonomy":"product_brand","embeddable":true,"href":"https:\/\/nordicmart.andreevmaster.com\/sv\/wp-json\/wp\/v2\/product_brand?post=14650"},{"taxonomy":"product_cat","embeddable":true,"href":"https:\/\/nordicmart.andreevmaster.com\/sv\/wp-json\/wp\/v2\/product_cat?post=14650"},{"taxonomy":"product_tag","embeddable":true,"href":"https:\/\/nordicmart.andreevmaster.com\/sv\/wp-json\/wp\/v2\/product_tag?post=14650"}],"curies":[{"name":"wp","href":"https:\/\/api.w.org\/{rel}","templated":true}]}}