{"id":14647,"date":"2026-02-27T00:22:48","date_gmt":"2026-02-27T00:22:48","guid":{"rendered":"https:\/\/nordicmart.andreevmaster.com\/product\/vasagle-sidobord-i-hardat-glas-konsolbord-soffbord\/"},"modified":"2026-02-27T08:14:58","modified_gmt":"2026-02-27T08:14:58","slug":"vasagle-sidobord-i-hardat-glas-konsolbord-soffbord","status":"publish","type":"product","link":"https:\/\/nordicmart.andreevmaster.com\/sv\/produkt\/vasagle-sidobord-i-hardat-glas-konsolbord-soffbord\/","title":{"rendered":"VASAGLE sidobord i h\u00e4rdat glas, konsolbord, soffbord"},"content":{"rendered":"<p>VASAGLE konsolbord, sidobord i h\u00e4rdat glas, modernt soffbord, stabilt, enkel montering, justerbara ben, vardagsrum, hall, guldf\u00e4rgat LGT26G<br \/>\nSpecifikationer:<\/p>\n<p>&#8211; M\u00e5tt: 20 x 100 x 80 cm (D x B x H)<br \/>\n&#8211; Vikt: 5,3 kg<br \/>\n&#8211; Max. statisk b\u00e4rf\u00f6rm\u00e5ga p\u00e5 ytan: 30 kg<br \/>\n&#8211; Material: glas, st\u00e5l<br \/>\n&#8211; F\u00e4rg: guld-transparent<\/p>\n","protected":false},"excerpt":{"rendered":"<p>VASAGLE konsolbord, sidobord i h\u00e4rdat glas, modernt soffbord, stabilt, enkel montering, justerbara ben, vardagsrum, hall, guldf\u00e4rgat LGT26G<\/p>\n","protected":false},"featured_media":42575,"comment_status":"open","ping_status":"closed","template":"","meta":[],"product_brand":[],"product_cat":[33],"product_tag":[],"class_list":{"0":"post-14647","1":"product","2":"type-product","3":"status-publish","4":"has-post-thumbnail","6":"product_cat-okategoriserad","8":"first","9":"instock","10":"shipping-taxable","11":"purchasable","12":"product-type-simple"},"_links":{"self":[{"href":"https:\/\/nordicmart.andreevmaster.com\/sv\/wp-json\/wp\/v2\/product\/14647","targetHints":{"allow":["GET"]}}],"collection":[{"href":"https:\/\/nordicmart.andreevmaster.com\/sv\/wp-json\/wp\/v2\/product"}],"about":[{"href":"https:\/\/nordicmart.andreevmaster.com\/sv\/wp-json\/wp\/v2\/types\/product"}],"replies":[{"embeddable":true,"href":"https:\/\/nordicmart.andreevmaster.com\/sv\/wp-json\/wp\/v2\/comments?post=14647"}],"wp:featuredmedia":[{"embeddable":true,"href":"https:\/\/nordicmart.andreevmaster.com\/sv\/wp-json\/wp\/v2\/media\/42575"}],"wp:attachment":[{"href":"https:\/\/nordicmart.andreevmaster.com\/sv\/wp-json\/wp\/v2\/media?parent=14647"}],"wp:term":[{"taxonomy":"product_brand","embeddable":true,"href":"https:\/\/nordicmart.andreevmaster.com\/sv\/wp-json\/wp\/v2\/product_brand?post=14647"},{"taxonomy":"product_cat","embeddable":true,"href":"https:\/\/nordicmart.andreevmaster.com\/sv\/wp-json\/wp\/v2\/product_cat?post=14647"},{"taxonomy":"product_tag","embeddable":true,"href":"https:\/\/nordicmart.andreevmaster.com\/sv\/wp-json\/wp\/v2\/product_tag?post=14647"}],"curies":[{"name":"wp","href":"https:\/\/api.w.org\/{rel}","templated":true}]}}