{"id":14641,"date":"2026-02-27T00:22:46","date_gmt":"2026-02-27T00:22:46","guid":{"rendered":"https:\/\/nordicmart.andreevmaster.com\/product\/vasagle-5-stegs-glashylla-bokhylla-forvaringshylla\/"},"modified":"2026-02-27T08:14:57","modified_gmt":"2026-02-27T08:14:57","slug":"vasagle-5-stegs-glashylla-bokhylla-forvaringshylla","status":"publish","type":"product","link":"https:\/\/nordicmart.andreevmaster.com\/sv\/produkt\/vasagle-5-stegs-glashylla-bokhylla-forvaringshylla\/","title":{"rendered":"VASAGLE 5-stegs glashylla, bokhylla, f\u00f6rvaringshylla"},"content":{"rendered":"<p>VASAGLE stativhylla, bokhylla, badrumshylla, 5 niv\u00e5er, k\u00f6kshylla, smal, hylla, badrumshylla, f\u00f6r vardagsrum, sovrum, arbetsrum, h\u00e4rdat glas, st\u00e5lstativ, guldf\u00e4rgad LGT029A01<br \/>\nSpecifikationer:<\/p>\n<p>&#8211; M\u00e5tt: 35 x 40 x 124,5 cm (D x B x H)<br \/>\n&#8211; Vikt: 8,2 kg<br \/>\n&#8211; Max. statisk b\u00e4rf\u00f6rm\u00e5ga per niv\u00e5: 10 kg<br \/>\n&#8211; Max. statisk b\u00e4rf\u00f6rm\u00e5ga totalt: 50 kg<br \/>\n&#8211; Material: glas, st\u00e5l<br \/>\n&#8211; F\u00e4rg: Svart<\/p>\n","protected":false},"excerpt":{"rendered":"<p>VASAGLE stativhylla, bokhylla, badrumshylla, 5 niv\u00e5er, k\u00f6kshylla, smal, hylla, badrumshylla, f\u00f6r vardagsrum, sovrum, arbetsrum, h\u00e4rdat glas, st\u00e5lstativ, guldf\u00e4rgad LGT029A01<\/p>\n","protected":false},"featured_media":42569,"comment_status":"open","ping_status":"closed","template":"","meta":[],"product_brand":[],"product_cat":[33],"product_tag":[],"class_list":{"0":"post-14641","1":"product","2":"type-product","3":"status-publish","4":"has-post-thumbnail","6":"product_cat-okategoriserad","8":"first","9":"instock","10":"shipping-taxable","11":"purchasable","12":"product-type-simple"},"_links":{"self":[{"href":"https:\/\/nordicmart.andreevmaster.com\/sv\/wp-json\/wp\/v2\/product\/14641","targetHints":{"allow":["GET"]}}],"collection":[{"href":"https:\/\/nordicmart.andreevmaster.com\/sv\/wp-json\/wp\/v2\/product"}],"about":[{"href":"https:\/\/nordicmart.andreevmaster.com\/sv\/wp-json\/wp\/v2\/types\/product"}],"replies":[{"embeddable":true,"href":"https:\/\/nordicmart.andreevmaster.com\/sv\/wp-json\/wp\/v2\/comments?post=14641"}],"wp:featuredmedia":[{"embeddable":true,"href":"https:\/\/nordicmart.andreevmaster.com\/sv\/wp-json\/wp\/v2\/media\/42569"}],"wp:attachment":[{"href":"https:\/\/nordicmart.andreevmaster.com\/sv\/wp-json\/wp\/v2\/media?parent=14641"}],"wp:term":[{"taxonomy":"product_brand","embeddable":true,"href":"https:\/\/nordicmart.andreevmaster.com\/sv\/wp-json\/wp\/v2\/product_brand?post=14641"},{"taxonomy":"product_cat","embeddable":true,"href":"https:\/\/nordicmart.andreevmaster.com\/sv\/wp-json\/wp\/v2\/product_cat?post=14641"},{"taxonomy":"product_tag","embeddable":true,"href":"https:\/\/nordicmart.andreevmaster.com\/sv\/wp-json\/wp\/v2\/product_tag?post=14641"}],"curies":[{"name":"wp","href":"https:\/\/api.w.org\/{rel}","templated":true}]}}