{"id":14639,"date":"2026-02-27T00:22:46","date_gmt":"2026-02-27T00:22:46","guid":{"rendered":"https:\/\/nordicmart.andreevmaster.com\/product\/vasagle-4-hylligt-badrumsmobel-i-hardat-glas\/"},"modified":"2026-02-27T08:14:57","modified_gmt":"2026-02-27T08:14:57","slug":"vasagle-4-hylligt-badrumsmobel-i-hardat-glas","status":"publish","type":"product","link":"https:\/\/nordicmart.andreevmaster.com\/sv\/produkt\/vasagle-4-hylligt-badrumsmobel-i-hardat-glas\/","title":{"rendered":"VASAGLE 4-hylligt badrumsm\u00f6bel i h\u00e4rdat glas"},"content":{"rendered":"<p>Produktdetaljer: F\u00e4rg: Svart Material: Metall, glas Storlek: 40 x 30 x 95 cm (L x B x H) Vikt: 6,3 kg Max. statisk belastningskapacitet per hyllplan: 10 kg Max. statisk belastningskapacitet totalt: 40 kg Leveransomfattning: 1 x metallhylla 1 x tippskydd 1 x tillbeh\u00f6rspaket 1 x bruksanvisning<\/p>\n","protected":false},"excerpt":{"rendered":"<p>VASAGLE badrumshylla, k\u00f6kshylla, stativhylla, hallhylla, v\u00e4xtst\u00e4ll med 4 hyllplan i h\u00e4rdat glas, enkel montering, vardagsrum, sovrum, kontor, svart LGT028B61<\/p>\n","protected":false},"featured_media":42567,"comment_status":"open","ping_status":"closed","template":"","meta":[],"product_brand":[],"product_cat":[33],"product_tag":[],"class_list":{"0":"post-14639","1":"product","2":"type-product","3":"status-publish","4":"has-post-thumbnail","6":"product_cat-okategoriserad","8":"first","9":"instock","10":"shipping-taxable","11":"purchasable","12":"product-type-simple"},"_links":{"self":[{"href":"https:\/\/nordicmart.andreevmaster.com\/sv\/wp-json\/wp\/v2\/product\/14639","targetHints":{"allow":["GET"]}}],"collection":[{"href":"https:\/\/nordicmart.andreevmaster.com\/sv\/wp-json\/wp\/v2\/product"}],"about":[{"href":"https:\/\/nordicmart.andreevmaster.com\/sv\/wp-json\/wp\/v2\/types\/product"}],"replies":[{"embeddable":true,"href":"https:\/\/nordicmart.andreevmaster.com\/sv\/wp-json\/wp\/v2\/comments?post=14639"}],"wp:featuredmedia":[{"embeddable":true,"href":"https:\/\/nordicmart.andreevmaster.com\/sv\/wp-json\/wp\/v2\/media\/42567"}],"wp:attachment":[{"href":"https:\/\/nordicmart.andreevmaster.com\/sv\/wp-json\/wp\/v2\/media?parent=14639"}],"wp:term":[{"taxonomy":"product_brand","embeddable":true,"href":"https:\/\/nordicmart.andreevmaster.com\/sv\/wp-json\/wp\/v2\/product_brand?post=14639"},{"taxonomy":"product_cat","embeddable":true,"href":"https:\/\/nordicmart.andreevmaster.com\/sv\/wp-json\/wp\/v2\/product_cat?post=14639"},{"taxonomy":"product_tag","embeddable":true,"href":"https:\/\/nordicmart.andreevmaster.com\/sv\/wp-json\/wp\/v2\/product_tag?post=14639"}],"curies":[{"name":"wp","href":"https:\/\/api.w.org\/{rel}","templated":true}]}}