{"id":14629,"date":"2026-02-27T00:22:43","date_gmt":"2026-02-27T00:22:43","guid":{"rendered":"https:\/\/nordicmart.andreevmaster.com\/product\/vasagle-hornhylla-5-nivaer-med-hyllplan-i-hardat-glas\/"},"modified":"2026-02-27T08:14:55","modified_gmt":"2026-02-27T08:14:55","slug":"vasagle-hornhylla-5-nivaer-med-hyllplan-i-hardat-glas","status":"publish","type":"product","link":"https:\/\/nordicmart.andreevmaster.com\/sv\/produkt\/vasagle-hornhylla-5-nivaer-med-hyllplan-i-hardat-glas\/","title":{"rendered":"VASAGLE h\u00f6rnhylla 5 niv\u00e5er med hyllplan i h\u00e4rdat glas"},"content":{"rendered":"<p>VASAGLE h\u00f6rnhylla med 5 hyllplan, bokhylla, stativhylla, metallstativ, hyllplan i h\u00e4rdat glas, rostfritt, vardagsrum, sovrum, k\u00f6k, badrum, modern, guldf\u00e4rgad LGT810A01<br \/>\nF\u00e4rg: klassiskt svart<br \/>\nMaterial: st\u00e5l, h\u00e4rdat glas<br \/>\nStorlek: 28 x 28 x 158 cm (D x B x H)<br \/>\nAvst\u00e5nd mellan hyllorna: 30 cm<br \/>\nVikt: 5,3 kg<br \/>\nMax. statisk belastningskapacitet per hylla: 5 kg<\/p>\n","protected":false},"excerpt":{"rendered":"<p>VASAGLE h\u00f6rnhylla med 5 hyllplan, bokhylla, stativhylla, metallstativ, hyllplan i h\u00e4rdat glas, rostfritt, vardagsrum, sovrum, k\u00f6k, badrum, modern, guldf\u00e4rgad LGT810A01<\/p>\n","protected":false},"featured_media":42557,"comment_status":"open","ping_status":"closed","template":"","meta":[],"product_brand":[],"product_cat":[33],"product_tag":[],"class_list":{"0":"post-14629","1":"product","2":"type-product","3":"status-publish","4":"has-post-thumbnail","6":"product_cat-okategoriserad","8":"first","9":"instock","10":"shipping-taxable","11":"purchasable","12":"product-type-simple"},"_links":{"self":[{"href":"https:\/\/nordicmart.andreevmaster.com\/sv\/wp-json\/wp\/v2\/product\/14629","targetHints":{"allow":["GET"]}}],"collection":[{"href":"https:\/\/nordicmart.andreevmaster.com\/sv\/wp-json\/wp\/v2\/product"}],"about":[{"href":"https:\/\/nordicmart.andreevmaster.com\/sv\/wp-json\/wp\/v2\/types\/product"}],"replies":[{"embeddable":true,"href":"https:\/\/nordicmart.andreevmaster.com\/sv\/wp-json\/wp\/v2\/comments?post=14629"}],"wp:featuredmedia":[{"embeddable":true,"href":"https:\/\/nordicmart.andreevmaster.com\/sv\/wp-json\/wp\/v2\/media\/42557"}],"wp:attachment":[{"href":"https:\/\/nordicmart.andreevmaster.com\/sv\/wp-json\/wp\/v2\/media?parent=14629"}],"wp:term":[{"taxonomy":"product_brand","embeddable":true,"href":"https:\/\/nordicmart.andreevmaster.com\/sv\/wp-json\/wp\/v2\/product_brand?post=14629"},{"taxonomy":"product_cat","embeddable":true,"href":"https:\/\/nordicmart.andreevmaster.com\/sv\/wp-json\/wp\/v2\/product_cat?post=14629"},{"taxonomy":"product_tag","embeddable":true,"href":"https:\/\/nordicmart.andreevmaster.com\/sv\/wp-json\/wp\/v2\/product_tag?post=14629"}],"curies":[{"name":"wp","href":"https:\/\/api.w.org\/{rel}","templated":true}]}}