{"id":14627,"date":"2026-02-27T00:22:43","date_gmt":"2026-02-27T00:22:43","guid":{"rendered":"https:\/\/nordicmart.andreevmaster.com\/product\/vasagle-bokhylla-med-4-hyllplan-transparent-blekguld\/"},"modified":"2026-02-27T08:14:54","modified_gmt":"2026-02-27T08:14:54","slug":"vasagle-bokhylla-med-4-hyllplan-transparent-blekguld","status":"publish","type":"product","link":"https:\/\/nordicmart.andreevmaster.com\/sv\/produkt\/vasagle-bokhylla-med-4-hyllplan-transparent-blekguld\/","title":{"rendered":"VASAGLE bokhylla med 4 hyllplan transparent-blekguld"},"content":{"rendered":"<p>VASAGLE bokhylla, hylla med 4 hyllplan, st\u00e5ende hylla, 30 x 100 x 103 cm, f\u00f6rvaringshylla, f\u00f6r vardagsrum, kontor, sovrum, k\u00f6k, ebenholts-svart-bl\u00e4ck-svart LLS134B56<br \/>\nF\u00e4rg: Transparent blekguld<br \/>\nMaterial: H\u00e5rt glas, st\u00e5l<br \/>\nStorlek: 30 x 100 x 103 cm (D x B x H)<br \/>\nVikt: 16,3 kg<br \/>\nMax. statisk belastningskapacitet totalt: 45 kg<br \/>\nMax. statisk belastningskapacitet f\u00f6r varje mittre hylla: 9 kg<br \/>\nMax. statisk belastningskapacitet f\u00f6r hyllan ovanp\u00e5 eller under: 13,5 kg<\/p>\n","protected":false},"excerpt":{"rendered":"<p>VASAGLE bokhylla, hylla med 4 hyllplan, st\u00e5ende hylla, 30 x 100 x 103 cm, f\u00f6rvaringshylla, f\u00f6r vardagsrum, kontor, sovrum, k\u00f6k, ebenholts-svart-bl\u00e4ck-svart LLS134B56<\/p>\n","protected":false},"featured_media":42555,"comment_status":"open","ping_status":"closed","template":"","meta":[],"product_brand":[],"product_cat":[33],"product_tag":[],"class_list":{"0":"post-14627","1":"product","2":"type-product","3":"status-publish","4":"has-post-thumbnail","6":"product_cat-okategoriserad","8":"first","9":"instock","10":"shipping-taxable","11":"purchasable","12":"product-type-simple"},"_links":{"self":[{"href":"https:\/\/nordicmart.andreevmaster.com\/sv\/wp-json\/wp\/v2\/product\/14627","targetHints":{"allow":["GET"]}}],"collection":[{"href":"https:\/\/nordicmart.andreevmaster.com\/sv\/wp-json\/wp\/v2\/product"}],"about":[{"href":"https:\/\/nordicmart.andreevmaster.com\/sv\/wp-json\/wp\/v2\/types\/product"}],"replies":[{"embeddable":true,"href":"https:\/\/nordicmart.andreevmaster.com\/sv\/wp-json\/wp\/v2\/comments?post=14627"}],"wp:featuredmedia":[{"embeddable":true,"href":"https:\/\/nordicmart.andreevmaster.com\/sv\/wp-json\/wp\/v2\/media\/42555"}],"wp:attachment":[{"href":"https:\/\/nordicmart.andreevmaster.com\/sv\/wp-json\/wp\/v2\/media?parent=14627"}],"wp:term":[{"taxonomy":"product_brand","embeddable":true,"href":"https:\/\/nordicmart.andreevmaster.com\/sv\/wp-json\/wp\/v2\/product_brand?post=14627"},{"taxonomy":"product_cat","embeddable":true,"href":"https:\/\/nordicmart.andreevmaster.com\/sv\/wp-json\/wp\/v2\/product_cat?post=14627"},{"taxonomy":"product_tag","embeddable":true,"href":"https:\/\/nordicmart.andreevmaster.com\/sv\/wp-json\/wp\/v2\/product_tag?post=14627"}],"curies":[{"name":"wp","href":"https:\/\/api.w.org\/{rel}","templated":true}]}}