{"id":14625,"date":"2026-02-27T00:22:42","date_gmt":"2026-02-27T00:22:42","guid":{"rendered":"https:\/\/nordicmart.andreevmaster.com\/product\/vasagle-badrumshylla-hardat-glas-transparent-metalliskt-guld\/"},"modified":"2026-02-27T08:14:54","modified_gmt":"2026-02-27T08:14:54","slug":"vasagle-badrumshylla-hardat-glas-transparent-metalliskt-guld","status":"publish","type":"product","link":"https:\/\/nordicmart.andreevmaster.com\/sv\/produkt\/vasagle-badrumshylla-hardat-glas-transparent-metalliskt-guld\/","title":{"rendered":"VASAGLE Badrumshylla h\u00e4rdat glas transparent-metalliskt guld"},"content":{"rendered":"<p>VASAGLE hyllor med 6 hyllplan, badrumshyllor, h\u00e4rdat glas, enkel montering, f\u00f6r badrum, vardagsrum, k\u00f6k, kontor<br \/>\nF\u00e4rg: Transparent metalliskt guld<br \/>\nMaterial: metall, glas<br \/>\nStorlek: 30 x 80 x 177,3 cm (D x B x H)<br \/>\nVikt: 21,9 kg<br \/>\nMax. statisk belastningskapacitet per hylla: 14 kg<br \/>\nMax. statisk belastningskapacitet totalt: 84 kg<\/p>\n","protected":false},"excerpt":{"rendered":"<p>VASAGLE hyllor med 6 hyllplan, badrumshyllor, h\u00e4rdat glas, enkel montering, f\u00f6r badrum, vardagsrum, k\u00f6k, kontor<\/p>\n","protected":false},"featured_media":46633,"comment_status":"open","ping_status":"closed","template":"","meta":[],"product_brand":[],"product_cat":[33],"product_tag":[],"class_list":{"0":"post-14625","1":"product","2":"type-product","3":"status-publish","4":"has-post-thumbnail","6":"product_cat-okategoriserad","8":"first","9":"instock","10":"shipping-taxable","11":"purchasable","12":"product-type-simple"},"_links":{"self":[{"href":"https:\/\/nordicmart.andreevmaster.com\/sv\/wp-json\/wp\/v2\/product\/14625","targetHints":{"allow":["GET"]}}],"collection":[{"href":"https:\/\/nordicmart.andreevmaster.com\/sv\/wp-json\/wp\/v2\/product"}],"about":[{"href":"https:\/\/nordicmart.andreevmaster.com\/sv\/wp-json\/wp\/v2\/types\/product"}],"replies":[{"embeddable":true,"href":"https:\/\/nordicmart.andreevmaster.com\/sv\/wp-json\/wp\/v2\/comments?post=14625"}],"wp:featuredmedia":[{"embeddable":true,"href":"https:\/\/nordicmart.andreevmaster.com\/sv\/wp-json\/wp\/v2\/media\/46633"}],"wp:attachment":[{"href":"https:\/\/nordicmart.andreevmaster.com\/sv\/wp-json\/wp\/v2\/media?parent=14625"}],"wp:term":[{"taxonomy":"product_brand","embeddable":true,"href":"https:\/\/nordicmart.andreevmaster.com\/sv\/wp-json\/wp\/v2\/product_brand?post=14625"},{"taxonomy":"product_cat","embeddable":true,"href":"https:\/\/nordicmart.andreevmaster.com\/sv\/wp-json\/wp\/v2\/product_cat?post=14625"},{"taxonomy":"product_tag","embeddable":true,"href":"https:\/\/nordicmart.andreevmaster.com\/sv\/wp-json\/wp\/v2\/product_tag?post=14625"}],"curies":[{"name":"wp","href":"https:\/\/api.w.org\/{rel}","templated":true}]}}