{"id":14622,"date":"2026-02-27T00:22:42","date_gmt":"2026-02-27T00:22:42","guid":{"rendered":"https:\/\/nordicmart.andreevmaster.com\/product\/vasagle-bokhylla-5-hyllplan-metallstruktur-black-svart-skiffergra\/"},"modified":"2026-02-27T08:14:53","modified_gmt":"2026-02-27T08:14:53","slug":"vasagle-bokhylla-5-hyllplan-metallstruktur-black-svart-skiffergra","status":"publish","type":"product","link":"https:\/\/nordicmart.andreevmaster.com\/sv\/produkt\/vasagle-bokhylla-5-hyllplan-metallstruktur-black-svart-skiffergra\/","title":{"rendered":"VASAGLE bokhylla 5 hyllplan metallstruktur bl\u00e4ck svart-skiffergr\u00e5"},"content":{"rendered":"<p>VASAGLE hyllor, bokhylla med 5 hyllplan, stativhylla i h\u00e4rdat glas, f\u00f6rvaringshylla, b\u00e5gformad, metallstruktur, f\u00f6r vardagsrum, sovrum, arbetsrum, badrum<br \/>\nF\u00e4rg: Bl\u00e4ksvart-skiffergr\u00e5<br \/>\nMaterial: H\u00e5rt glas, st\u00e5l<br \/>\nStorlek: 30,2 x 40 x 183,5 cm (D x B x H)<br \/>\nVikt: 11,2 kg<br \/>\nMax. statisk belastningskapacitet per niv\u00e5: 10 kg<\/p>\n","protected":false},"excerpt":{"rendered":"<p>VASAGLE hyllor, bokhylla med 5 hyllplan, stativhylla i h\u00e4rdat glas, f\u00f6rvaringshylla, b\u00e5gformad, metallstruktur, f\u00f6r vardagsrum, sovrum, arbetsrum, badrum<\/p>\n","protected":false},"featured_media":0,"comment_status":"open","ping_status":"closed","template":"","meta":[],"product_brand":[],"product_cat":[33],"product_tag":[],"class_list":{"0":"post-14622","1":"product","2":"type-product","3":"status-publish","5":"product_cat-okategoriserad","7":"first","8":"instock","9":"shipping-taxable","10":"purchasable","11":"product-type-simple"},"_links":{"self":[{"href":"https:\/\/nordicmart.andreevmaster.com\/sv\/wp-json\/wp\/v2\/product\/14622","targetHints":{"allow":["GET"]}}],"collection":[{"href":"https:\/\/nordicmart.andreevmaster.com\/sv\/wp-json\/wp\/v2\/product"}],"about":[{"href":"https:\/\/nordicmart.andreevmaster.com\/sv\/wp-json\/wp\/v2\/types\/product"}],"replies":[{"embeddable":true,"href":"https:\/\/nordicmart.andreevmaster.com\/sv\/wp-json\/wp\/v2\/comments?post=14622"}],"wp:attachment":[{"href":"https:\/\/nordicmart.andreevmaster.com\/sv\/wp-json\/wp\/v2\/media?parent=14622"}],"wp:term":[{"taxonomy":"product_brand","embeddable":true,"href":"https:\/\/nordicmart.andreevmaster.com\/sv\/wp-json\/wp\/v2\/product_brand?post=14622"},{"taxonomy":"product_cat","embeddable":true,"href":"https:\/\/nordicmart.andreevmaster.com\/sv\/wp-json\/wp\/v2\/product_cat?post=14622"},{"taxonomy":"product_tag","embeddable":true,"href":"https:\/\/nordicmart.andreevmaster.com\/sv\/wp-json\/wp\/v2\/product_tag?post=14622"}],"curies":[{"name":"wp","href":"https:\/\/api.w.org\/{rel}","templated":true}]}}