{"id":14620,"date":"2026-02-27T00:22:41","date_gmt":"2026-02-27T00:22:41","guid":{"rendered":"https:\/\/nordicmart.andreevmaster.com\/product\/vasagle-hylla-med-6-hyllplan-i-hardat-glas-svartgra\/"},"modified":"2026-02-27T08:14:53","modified_gmt":"2026-02-27T08:14:53","slug":"vasagle-hylla-med-6-hyllplan-i-hardat-glas-svartgra","status":"publish","type":"product","link":"https:\/\/nordicmart.andreevmaster.com\/sv\/produkt\/vasagle-hylla-med-6-hyllplan-i-hardat-glas-svartgra\/","title":{"rendered":"VASAGLE hylla med 6 hyllplan i h\u00e4rdat glas svartgr\u00e5"},"content":{"rendered":"<p>VASAGLE Stativhylla, bokhylla, badrumshylla, 5 niv\u00e5er, k\u00f6kshylla, smal, hylla, badrumshylla, f\u00f6r vardagsrum, sovrum, arbetsrum, h\u00e4rdat glas, st\u00e5lstativ, guldf\u00e4rgad LGT029A01<br \/>\nF\u00e4rg: Skiffergr\u00e5-bl\u00e4ck svart<br \/>\nMaterial: metall, glas<br \/>\nStorlek: 30 x 40 x 177,3 cm (D x B x H)<br \/>\nVikt: 9,9 kg<br \/>\nMax. statisk belastningskapacitet per hylla: 10 kg<br \/>\nMax. statisk belastningskapacitet totalt: 60 kg<\/p>\n","protected":false},"excerpt":{"rendered":"<p>VASAGLE Stativhylla, bokhylla, badrumshylla, 5 niv\u00e5er, k\u00f6kshylla, smal, hylla, badrumshylla, f\u00f6r vardagsrum, sovrum, arbetsrum, h\u00e4rdat glas, st\u00e5lstativ, guldf\u00e4rgad LGT029A01<\/p>\n","protected":false},"featured_media":0,"comment_status":"open","ping_status":"closed","template":"","meta":[],"product_brand":[],"product_cat":[33],"product_tag":[],"class_list":{"0":"post-14620","1":"product","2":"type-product","3":"status-publish","5":"product_cat-okategoriserad","7":"first","8":"instock","9":"shipping-taxable","10":"purchasable","11":"product-type-simple"},"_links":{"self":[{"href":"https:\/\/nordicmart.andreevmaster.com\/sv\/wp-json\/wp\/v2\/product\/14620","targetHints":{"allow":["GET"]}}],"collection":[{"href":"https:\/\/nordicmart.andreevmaster.com\/sv\/wp-json\/wp\/v2\/product"}],"about":[{"href":"https:\/\/nordicmart.andreevmaster.com\/sv\/wp-json\/wp\/v2\/types\/product"}],"replies":[{"embeddable":true,"href":"https:\/\/nordicmart.andreevmaster.com\/sv\/wp-json\/wp\/v2\/comments?post=14620"}],"wp:attachment":[{"href":"https:\/\/nordicmart.andreevmaster.com\/sv\/wp-json\/wp\/v2\/media?parent=14620"}],"wp:term":[{"taxonomy":"product_brand","embeddable":true,"href":"https:\/\/nordicmart.andreevmaster.com\/sv\/wp-json\/wp\/v2\/product_brand?post=14620"},{"taxonomy":"product_cat","embeddable":true,"href":"https:\/\/nordicmart.andreevmaster.com\/sv\/wp-json\/wp\/v2\/product_cat?post=14620"},{"taxonomy":"product_tag","embeddable":true,"href":"https:\/\/nordicmart.andreevmaster.com\/sv\/wp-json\/wp\/v2\/product_tag?post=14620"}],"curies":[{"name":"wp","href":"https:\/\/api.w.org\/{rel}","templated":true}]}}