{"id":14618,"date":"2026-02-27T00:22:41","date_gmt":"2026-02-27T00:22:41","guid":{"rendered":"https:\/\/nordicmart.andreevmaster.com\/product\/vasagle-stativhylla-i-hart-glas\/"},"modified":"2026-02-27T08:14:52","modified_gmt":"2026-02-27T08:14:52","slug":"vasagle-stativhylla-i-hart-glas","status":"publish","type":"product","link":"https:\/\/nordicmart.andreevmaster.com\/sv\/produkt\/vasagle-stativhylla-i-hart-glas\/","title":{"rendered":"VASAGLE stativhylla i h\u00e5rt glas"},"content":{"rendered":"<p>Modernt utseende Glas \u00e4r modernt, lyxigt och enkelt. I kombination med ett guldf\u00e4rgat metallstativ f\u00e5r du ett f\u00f6rvaringsst\u00e4ll som \u00e4r b\u00e5de stilfullt och praktiskt. Placera denna eleganta m\u00f6bel i ditt vardagsrum, hall eller k\u00f6k. Slitstarkt glas Detta rack \u00e4r f\u00f6rsett med stabila h\u00e5rda glasskivor. Tillsammans med metallramen och de justerbara f\u00f6tterna t\u00e5l det upp till 10 kg per hyllplan (maximal statisk belastningskapacitet). Fyll d\u00e4rf\u00f6r g\u00e4rna detta stabila m\u00f6bel med m\u00e5nga b\u00f6cker! Produktdetaljer:- F\u00e4rg: Guld &#8211; Material: Metall, glas &#8211; Storlek: 40 x 30 x 95 cm (L x B x H) &#8211; Vikt: 7,3 kg &#8211; Max. statisk belastningskapacitet per hyllplan: 10 kg Leveransomfattning: &#8211; 1 x metallhylla &#8211; 1 x tillbeh\u00f6rspaket &#8211; 1 x bruksanvisning (DE, EN, ES, FR, IT)<\/p>\n","protected":false},"excerpt":{"rendered":"<p>VASAGLE badrumshylla, stativhylla, k\u00f6kshylla, hallhylla, vardagsrumshylla, v\u00e4xtst\u00e4ll med 4 hyllplan i h\u00e4rdat glas, stabil, enkel montering, vardagsrum, sovrum, kontor, guldf\u00e4rgad LGT28G<\/p>\n","protected":false},"featured_media":0,"comment_status":"open","ping_status":"closed","template":"","meta":[],"product_brand":[],"product_cat":[33],"product_tag":[],"class_list":{"0":"post-14618","1":"product","2":"type-product","3":"status-publish","5":"product_cat-okategoriserad","7":"first","8":"instock","9":"shipping-taxable","10":"purchasable","11":"product-type-simple"},"_links":{"self":[{"href":"https:\/\/nordicmart.andreevmaster.com\/sv\/wp-json\/wp\/v2\/product\/14618","targetHints":{"allow":["GET"]}}],"collection":[{"href":"https:\/\/nordicmart.andreevmaster.com\/sv\/wp-json\/wp\/v2\/product"}],"about":[{"href":"https:\/\/nordicmart.andreevmaster.com\/sv\/wp-json\/wp\/v2\/types\/product"}],"replies":[{"embeddable":true,"href":"https:\/\/nordicmart.andreevmaster.com\/sv\/wp-json\/wp\/v2\/comments?post=14618"}],"wp:attachment":[{"href":"https:\/\/nordicmart.andreevmaster.com\/sv\/wp-json\/wp\/v2\/media?parent=14618"}],"wp:term":[{"taxonomy":"product_brand","embeddable":true,"href":"https:\/\/nordicmart.andreevmaster.com\/sv\/wp-json\/wp\/v2\/product_brand?post=14618"},{"taxonomy":"product_cat","embeddable":true,"href":"https:\/\/nordicmart.andreevmaster.com\/sv\/wp-json\/wp\/v2\/product_cat?post=14618"},{"taxonomy":"product_tag","embeddable":true,"href":"https:\/\/nordicmart.andreevmaster.com\/sv\/wp-json\/wp\/v2\/product_tag?post=14618"}],"curies":[{"name":"wp","href":"https:\/\/api.w.org\/{rel}","templated":true}]}}