{"id":14617,"date":"2026-02-27T00:22:41","date_gmt":"2026-02-27T00:22:41","guid":{"rendered":"https:\/\/nordicmart.andreevmaster.com\/product\/vasagle-konsolbord-i-hardat-glas\/"},"modified":"2026-02-27T08:14:52","modified_gmt":"2026-02-27T08:14:52","slug":"vasagle-konsolbord-i-hardat-glas","status":"publish","type":"product","link":"https:\/\/nordicmart.andreevmaster.com\/sv\/produkt\/vasagle-konsolbord-i-hardat-glas\/","title":{"rendered":"VASAGLE konsolbord i h\u00e4rdat glas"},"content":{"rendered":"<p>Modernt utseende Glas \u00e4r modernt, lyxigt och enkelt. I kombination med ett guldf\u00e4rgat metallstativ f\u00e5r du ett konsolbord som \u00e4r b\u00e5de stilfullt och praktiskt. Placera denna eleganta m\u00f6bel i ditt vardagsrum, hall eller k\u00f6k. Slitstarkt glas Denna konsol \u00e4r f\u00f6rsedd med stabila h\u00e5rda glasskivor. Tillsammans med metallramen och de justerbara f\u00f6tterna t\u00e5l det upp till 10 kg per hylla (maximal statisk belastningskapacitet). Fyll g\u00e4rna detta stabila m\u00f6bel med m\u00e5nga b\u00f6cker! Produktdetaljer: &#8211; F\u00e4rg: Guld &#8211; Material: metall, glas &#8211; Storlek: 100 x 30 x 73 cm (L x B x H) &#8211; Vikt: 14,9 kg &#8211; Max. statisk belastningskapacitet per hylla: 10 kg Leveransomfattning: &#8211; 1 x konsolbord &#8211; 1 x tillbeh\u00f6rspaket &#8211; 1 x bruksanvisning (DE, EN, ES, FR, IT) Produktbeskrivning<\/p>\n","protected":false},"excerpt":{"rendered":"<p>VASAGLE konsolbord, sidobord med 3 hyllor av h\u00e5rt glas, soffbord, modernt f\u00f6rvaringshyllsystem, stabilt, enkel montering, vardagsrum, hall, sovrum, k\u00f6k, guldf\u00e4rgat LGT27G<\/p>\n","protected":false},"featured_media":42552,"comment_status":"open","ping_status":"closed","template":"","meta":[],"product_brand":[],"product_cat":[33],"product_tag":[],"class_list":{"0":"post-14617","1":"product","2":"type-product","3":"status-publish","4":"has-post-thumbnail","6":"product_cat-okategoriserad","8":"first","9":"instock","10":"shipping-taxable","11":"purchasable","12":"product-type-simple"},"_links":{"self":[{"href":"https:\/\/nordicmart.andreevmaster.com\/sv\/wp-json\/wp\/v2\/product\/14617","targetHints":{"allow":["GET"]}}],"collection":[{"href":"https:\/\/nordicmart.andreevmaster.com\/sv\/wp-json\/wp\/v2\/product"}],"about":[{"href":"https:\/\/nordicmart.andreevmaster.com\/sv\/wp-json\/wp\/v2\/types\/product"}],"replies":[{"embeddable":true,"href":"https:\/\/nordicmart.andreevmaster.com\/sv\/wp-json\/wp\/v2\/comments?post=14617"}],"wp:featuredmedia":[{"embeddable":true,"href":"https:\/\/nordicmart.andreevmaster.com\/sv\/wp-json\/wp\/v2\/media\/42552"}],"wp:attachment":[{"href":"https:\/\/nordicmart.andreevmaster.com\/sv\/wp-json\/wp\/v2\/media?parent=14617"}],"wp:term":[{"taxonomy":"product_brand","embeddable":true,"href":"https:\/\/nordicmart.andreevmaster.com\/sv\/wp-json\/wp\/v2\/product_brand?post=14617"},{"taxonomy":"product_cat","embeddable":true,"href":"https:\/\/nordicmart.andreevmaster.com\/sv\/wp-json\/wp\/v2\/product_cat?post=14617"},{"taxonomy":"product_tag","embeddable":true,"href":"https:\/\/nordicmart.andreevmaster.com\/sv\/wp-json\/wp\/v2\/product_tag?post=14617"}],"curies":[{"name":"wp","href":"https:\/\/api.w.org\/{rel}","templated":true}]}}