{"id":14616,"date":"2026-02-27T00:22:40","date_gmt":"2026-02-27T00:22:40","guid":{"rendered":"https:\/\/nordicmart.andreevmaster.com\/product\/vasagle-modernt-konsolbord\/"},"modified":"2026-02-27T08:14:52","modified_gmt":"2026-02-27T08:14:52","slug":"vasagle-modernt-konsolbord","status":"publish","type":"product","link":"https:\/\/nordicmart.andreevmaster.com\/sv\/produkt\/vasagle-modernt-konsolbord\/","title":{"rendered":"VASAGLE Modernt konsolbord"},"content":{"rendered":"<p>Modernt utseende Glas \u00e4r modernt, lyxigt och enkelt. I kombination med ett guldf\u00e4rgat metallstativ f\u00e5r du ett konsolbord som \u00e4r b\u00e5de stilfullt och praktiskt. Placera denna eleganta m\u00f6bel i ditt vardagsrum, hall eller k\u00f6k. Slitstarkt glas Denna konsol \u00e4r f\u00f6rsedd med en stabil h\u00e5rdglasskiva. Tillsammans med metallramen och de justerbara f\u00f6tterna t\u00e5l den upp till 30 kg (maximal statisk belastningskapacitet). Fyll d\u00e4rf\u00f6r g\u00e4rna denna stabila m\u00f6bel med m\u00e5nga dekorativa f\u00f6rem\u00e5l! Produktdetaljer:- F\u00e4rg: Guld &#8211; Material: Metall, glas &#8211; Storlek: 100 x 35 x 80 cm (L x B x H) &#8211; Vikt: 8,2 kg &#8211; Max. statisk belastningskapacitet: 30 kg Leveransomfattning: &#8211; 1 x konsolbord &#8211; 1 x tillbeh\u00f6rspaket &#8211; 1 x bruksanvisning (DE, EN, ES, FR, IT)<\/p>\n","protected":false},"excerpt":{"rendered":"<p>VASAGLE konsolbord, sidobord i h\u00e4rdat glas, modernt soffbord, stabilt, enkel montering, justerbara ben, vardagsrum, hall, guldf\u00e4rgat LGT26G<\/p>\n","protected":false},"featured_media":0,"comment_status":"open","ping_status":"closed","template":"","meta":[],"product_brand":[],"product_cat":[33],"product_tag":[],"class_list":{"0":"post-14616","1":"product","2":"type-product","3":"status-publish","5":"product_cat-okategoriserad","7":"first","8":"instock","9":"shipping-taxable","10":"purchasable","11":"product-type-simple"},"_links":{"self":[{"href":"https:\/\/nordicmart.andreevmaster.com\/sv\/wp-json\/wp\/v2\/product\/14616","targetHints":{"allow":["GET"]}}],"collection":[{"href":"https:\/\/nordicmart.andreevmaster.com\/sv\/wp-json\/wp\/v2\/product"}],"about":[{"href":"https:\/\/nordicmart.andreevmaster.com\/sv\/wp-json\/wp\/v2\/types\/product"}],"replies":[{"embeddable":true,"href":"https:\/\/nordicmart.andreevmaster.com\/sv\/wp-json\/wp\/v2\/comments?post=14616"}],"wp:attachment":[{"href":"https:\/\/nordicmart.andreevmaster.com\/sv\/wp-json\/wp\/v2\/media?parent=14616"}],"wp:term":[{"taxonomy":"product_brand","embeddable":true,"href":"https:\/\/nordicmart.andreevmaster.com\/sv\/wp-json\/wp\/v2\/product_brand?post=14616"},{"taxonomy":"product_cat","embeddable":true,"href":"https:\/\/nordicmart.andreevmaster.com\/sv\/wp-json\/wp\/v2\/product_cat?post=14616"},{"taxonomy":"product_tag","embeddable":true,"href":"https:\/\/nordicmart.andreevmaster.com\/sv\/wp-json\/wp\/v2\/product_tag?post=14616"}],"curies":[{"name":"wp","href":"https:\/\/api.w.org\/{rel}","templated":true}]}}