{"id":14615,"date":"2026-02-27T00:22:40","date_gmt":"2026-02-27T00:22:40","guid":{"rendered":"https:\/\/nordicmart.andreevmaster.com\/product\/vasagle-rund-soffbord-med-glasskiva\/"},"modified":"2026-02-27T08:14:52","modified_gmt":"2026-02-27T08:14:52","slug":"vasagle-rund-soffbord-med-glasskiva","status":"publish","type":"product","link":"https:\/\/nordicmart.andreevmaster.com\/sv\/produkt\/vasagle-rund-soffbord-med-glasskiva\/","title":{"rendered":"VASAGLE Rund soffbord med glasskiva"},"content":{"rendered":"<p>Elegant soffbord med guldram. De har till exempel designat det glasbord som visas ovan, som inte bara ger dig en stabil avst\u00e4llningsyta d\u00e4r du kan st\u00e4lla en vas med vackra vita liljor. Du f\u00e5r ocks\u00e5 en ny dekoration med guldram som du kan anv\u00e4nda som accentm\u00f6bel och d\u00e4rmed g\u00f6ra till ett blickf\u00e5ng i ditt vardagsrum.Den runda guldramen av pulverlackerat j\u00e4rn och glaselementet skapar en unik retrolook som passar b\u00e5de i stilfulla rum med stora soffgrupper och mattor och i rum med minimalistisk inredning. Detta vardagsrumsbord b\u00f6r dock inte vara det enda h\u00f6jdpunkten i din l\u00e4genhet. Ta g\u00e4rna en titt p\u00e5 de andra accentm\u00f6blerna fr\u00e5n VASAGLE. Produktdetaljer: &#8211; F\u00e4rg: Guld &#8211; Material: J\u00e4rn, h\u00e4rdat glas &#8211; Storlek: 84 x 84 x 45,5 cm (L x B x H) &#8211; Vikt: 11,5 kg &#8211; Max. statisk belastningsf\u00f6rm\u00e5ga: 70 kg Leveransomfattning:- 1 x vardagsrumsbord med glasskiva &#8211; 1 x tillbeh\u00f6rsp\u00e5se &#8211; 1 x bruksanvisning (DE, EN, FR, IT, ES) VASAGLE Anm\u00e4rkningar: &#8211; H\u00e5ll produkten borta fr\u00e5n vassa eller skarpa f\u00f6rem\u00e5l f\u00f6r att undvika skador.<\/p>\n","protected":false},"excerpt":{"rendered":"<p>VASAGLE Rund soffbord, glasbord med guldf\u00e4rgat j\u00e4rnstativ, vardagsrumsbord, soffbord, robust h\u00e4rdat glas, stabilt, dekorativt, guld LGT21G<\/p>\n","protected":false},"featured_media":0,"comment_status":"open","ping_status":"closed","template":"","meta":[],"product_brand":[],"product_cat":[33],"product_tag":[],"class_list":{"0":"post-14615","1":"product","2":"type-product","3":"status-publish","5":"product_cat-okategoriserad","7":"first","8":"instock","9":"shipping-taxable","10":"purchasable","11":"product-type-simple"},"_links":{"self":[{"href":"https:\/\/nordicmart.andreevmaster.com\/sv\/wp-json\/wp\/v2\/product\/14615","targetHints":{"allow":["GET"]}}],"collection":[{"href":"https:\/\/nordicmart.andreevmaster.com\/sv\/wp-json\/wp\/v2\/product"}],"about":[{"href":"https:\/\/nordicmart.andreevmaster.com\/sv\/wp-json\/wp\/v2\/types\/product"}],"replies":[{"embeddable":true,"href":"https:\/\/nordicmart.andreevmaster.com\/sv\/wp-json\/wp\/v2\/comments?post=14615"}],"wp:attachment":[{"href":"https:\/\/nordicmart.andreevmaster.com\/sv\/wp-json\/wp\/v2\/media?parent=14615"}],"wp:term":[{"taxonomy":"product_brand","embeddable":true,"href":"https:\/\/nordicmart.andreevmaster.com\/sv\/wp-json\/wp\/v2\/product_brand?post=14615"},{"taxonomy":"product_cat","embeddable":true,"href":"https:\/\/nordicmart.andreevmaster.com\/sv\/wp-json\/wp\/v2\/product_cat?post=14615"},{"taxonomy":"product_tag","embeddable":true,"href":"https:\/\/nordicmart.andreevmaster.com\/sv\/wp-json\/wp\/v2\/product_tag?post=14615"}],"curies":[{"name":"wp","href":"https:\/\/api.w.org\/{rel}","templated":true}]}}