{"id":14613,"date":"2026-02-27T00:22:40","date_gmt":"2026-02-27T00:22:40","guid":{"rendered":"https:\/\/nordicmart.andreevmaster.com\/product\/entreconsol-konsolbord-hardat-glas-stabil-och-stadig-ram-justerbara-ben-for-vardagsrummet-hallen-farg-svart-och-skiffergra\/"},"modified":"2026-02-27T08:14:51","modified_gmt":"2026-02-27T08:14:51","slug":"entreconsol-konsolbord-hardat-glas-stabil-och-stadig-ram-justerbara-ben-for-vardagsrummet-hallen-farg-svart-och-skiffergra","status":"publish","type":"product","link":"https:\/\/nordicmart.andreevmaster.com\/sv\/produkt\/entreconsol-konsolbord-hardat-glas-stabil-och-stadig-ram-justerbara-ben-for-vardagsrummet-hallen-farg-svart-och-skiffergra\/","title":{"rendered":"Entr\u00e9consol, konsolbord, h\u00e4rdat glas, stabil och stadig ram, justerbara ben, f\u00f6r vardagsrummet, hallen, f\u00e4rg svart och skiffergr\u00e5"},"content":{"rendered":"<p>[Lockande minimalistisk stil] Ge hallen en ny stil med detta konsolbord, som kombinerar svart linj\u00e4r metall och h\u00e4rdat glas f\u00f6r att skapa en enkel men funktionell m\u00f6bel.[Stabilt st\u00f6d] Denna konsolbord med m\u00e5tten 20 x 100 x 80 cm (B x L x H) har en metallram som stabilt st\u00f6der 5 mm tjockt glas som rymmer upp till 30 kg v\u00e4xter, dekorationer, b\u00f6cker eller v\u00e4rdefull keramik.[Anv\u00e4nd den p\u00e5 ditt eget s\u00e4tt] F\u00f6rest\u00e4ll dig att konsolbordet redan finns i ditt hem, var skulle du placera det? I vardagsrummet f\u00f6r att pryda en tr\u00e5kig v\u00e4gg? I hallen f\u00f6r att f\u00f6rvara n\u00f6dv\u00e4ndiga saker n\u00e4r du l\u00e4mnar hemmet? Eller som konsolbord i hallen? Allt beror p\u00e5 dig. [Klar p\u00e5 nolltid] Du beh\u00f6ver inte sl\u00f6sa bort hela eftermiddagen p\u00e5 att montera detta konsolbord; tack vare tydliga instruktioner och numrerade delar f\u00e5r du ihop det p\u00e5 nolltid.[Hej d\u00e5, hej d\u00e5!] Om du har problem med oj\u00e4mna golv r\u00e4ddar det h\u00e4r konsolbordets justerbara ben dig, s\u00e5 att allt st\u00e5r stadigt och p\u00e5 plats.<\/p>\n<p>Produktdetaljer:<\/p>\n<p>F\u00e4rg: Bl\u00e4ck svart, skiffergr\u00e5<br \/>\nMaterial: Material: st\u00e5l, glas<br \/>\nTotala m\u00e5tt: 20 x 100 x 80 cm (B x L x H).Produktens vikt: 5,3 kg<br \/>\nSt\u00f6dytans statiska b\u00e4rf\u00f6rm\u00e5ga: 30 kg<br \/>\nF\u00f6rpackningens inneh\u00e5ll:<\/p>\n<p>1 x Konsolbord<br \/>\n1 x V\u00e4ska med monteringsverktyg<br \/>\n1 x Tillbeh\u00f6r som f\u00f6rhindrar v\u00e4lning<br \/>\n1 x Bruksanvisning<\/p>\n","protected":false},"excerpt":{"rendered":"<p>[Lockande minimalistisk stil] Ge hallen en ny stil med detta konsolbord, som kombinerar svart linj\u00e4r metall och h\u00e4rdat glas f\u00f6r att skapa en enkel men funktionell m\u00f6bel.[Stabilt st\u00f6d] Denna konsolbord med m\u00e5tten 20 x 100 x 80 cm (B x L x H) har en metallram som stabilt st\u00f6der 5 mm tjockt glas som rymmer [&hellip;]<\/p>\n","protected":false},"featured_media":0,"comment_status":"open","ping_status":"closed","template":"","meta":[],"product_brand":[],"product_cat":[33],"product_tag":[],"class_list":{"0":"post-14613","1":"product","2":"type-product","3":"status-publish","5":"product_cat-okategoriserad","7":"first","8":"instock","9":"shipping-taxable","10":"product-type-simple"},"_links":{"self":[{"href":"https:\/\/nordicmart.andreevmaster.com\/sv\/wp-json\/wp\/v2\/product\/14613","targetHints":{"allow":["GET"]}}],"collection":[{"href":"https:\/\/nordicmart.andreevmaster.com\/sv\/wp-json\/wp\/v2\/product"}],"about":[{"href":"https:\/\/nordicmart.andreevmaster.com\/sv\/wp-json\/wp\/v2\/types\/product"}],"replies":[{"embeddable":true,"href":"https:\/\/nordicmart.andreevmaster.com\/sv\/wp-json\/wp\/v2\/comments?post=14613"}],"wp:attachment":[{"href":"https:\/\/nordicmart.andreevmaster.com\/sv\/wp-json\/wp\/v2\/media?parent=14613"}],"wp:term":[{"taxonomy":"product_brand","embeddable":true,"href":"https:\/\/nordicmart.andreevmaster.com\/sv\/wp-json\/wp\/v2\/product_brand?post=14613"},{"taxonomy":"product_cat","embeddable":true,"href":"https:\/\/nordicmart.andreevmaster.com\/sv\/wp-json\/wp\/v2\/product_cat?post=14613"},{"taxonomy":"product_tag","embeddable":true,"href":"https:\/\/nordicmart.andreevmaster.com\/sv\/wp-json\/wp\/v2\/product_tag?post=14613"}],"curies":[{"name":"wp","href":"https:\/\/api.w.org\/{rel}","templated":true}]}}