{"id":14612,"date":"2026-02-27T00:22:39","date_gmt":"2026-02-27T00:22:39","guid":{"rendered":"https:\/\/nordicmart.andreevmaster.com\/product\/vasagle-konsolbord-i-hardat-glas-och-metall-modernt\/"},"modified":"2026-02-27T08:14:51","modified_gmt":"2026-02-27T08:14:51","slug":"vasagle-konsolbord-i-hardat-glas-och-metall-modernt","status":"publish","type":"product","link":"https:\/\/nordicmart.andreevmaster.com\/sv\/produkt\/vasagle-konsolbord-i-hardat-glas-och-metall-modernt\/","title":{"rendered":"VASAGLE konsolbord i h\u00e4rdat glas och metall, modernt"},"content":{"rendered":"<p>VASAGLE konsolbord, sidobord i h\u00e4rdat glas, modernt soffbord, stabilt, enkel montering, justerbara ben, vardagsrum, hall, guldf\u00e4rgat LGT26G<br \/>\nF\u00e4rg: Ljusguld-transparent<br \/>\nMaterial: Glas, st\u00e5l<br \/>\nStorlek: 20 x 100 x 80 cm (D x B x H)<br \/>\nVikt: 5,3 kg<br \/>\nMax. statisk belastningskapacitet f\u00f6r ytan: 30 kg<\/p>\n","protected":false},"excerpt":{"rendered":"<p>VASAGLE konsolbord, sidobord i h\u00e4rdat glas, modernt soffbord, stabilt, enkel montering, justerbara ben, vardagsrum, hall, guldf\u00e4rgat LGT26G<\/p>\n","protected":false},"featured_media":0,"comment_status":"open","ping_status":"closed","template":"","meta":[],"product_brand":[],"product_cat":[33],"product_tag":[],"class_list":{"0":"post-14612","1":"product","2":"type-product","3":"status-publish","5":"product_cat-okategoriserad","7":"first","8":"instock","9":"shipping-taxable","10":"purchasable","11":"product-type-simple"},"_links":{"self":[{"href":"https:\/\/nordicmart.andreevmaster.com\/sv\/wp-json\/wp\/v2\/product\/14612","targetHints":{"allow":["GET"]}}],"collection":[{"href":"https:\/\/nordicmart.andreevmaster.com\/sv\/wp-json\/wp\/v2\/product"}],"about":[{"href":"https:\/\/nordicmart.andreevmaster.com\/sv\/wp-json\/wp\/v2\/types\/product"}],"replies":[{"embeddable":true,"href":"https:\/\/nordicmart.andreevmaster.com\/sv\/wp-json\/wp\/v2\/comments?post=14612"}],"wp:attachment":[{"href":"https:\/\/nordicmart.andreevmaster.com\/sv\/wp-json\/wp\/v2\/media?parent=14612"}],"wp:term":[{"taxonomy":"product_brand","embeddable":true,"href":"https:\/\/nordicmart.andreevmaster.com\/sv\/wp-json\/wp\/v2\/product_brand?post=14612"},{"taxonomy":"product_cat","embeddable":true,"href":"https:\/\/nordicmart.andreevmaster.com\/sv\/wp-json\/wp\/v2\/product_cat?post=14612"},{"taxonomy":"product_tag","embeddable":true,"href":"https:\/\/nordicmart.andreevmaster.com\/sv\/wp-json\/wp\/v2\/product_tag?post=14612"}],"curies":[{"name":"wp","href":"https:\/\/api.w.org\/{rel}","templated":true}]}}