{"id":14611,"date":"2026-02-27T00:22:39","date_gmt":"2026-02-27T00:22:39","guid":{"rendered":"https:\/\/nordicmart.andreevmaster.com\/product\/vasagle-soffbord-med-blommonster-i-glas\/"},"modified":"2026-02-27T08:14:51","modified_gmt":"2026-02-27T08:14:51","slug":"vasagle-soffbord-med-blommonster-i-glas","status":"publish","type":"product","link":"https:\/\/nordicmart.andreevmaster.com\/sv\/produkt\/vasagle-soffbord-med-blommonster-i-glas\/","title":{"rendered":"VASAGLE soffbord med blomm\u00f6nster i glas"},"content":{"rendered":"<p>Elegant soffbord med i\u00f6gonfallande dekorationer. De har till exempel designat det glasbord som visas ovan, vilket inte bara ger dig en ny dekoration med blomm\u00f6nster, utan ocks\u00e5 en gener\u00f6s bordsskiva och f\u00f6rvaringsyta.Glasytan t\u00e5l en belastning p\u00e5 upp till 60 kg, hyllan i nedre delen t\u00e5l upp till 30 kg. Du kan allts\u00e5 st\u00e4lla \u00e4ven tunga fruktsk\u00e5lar eller stora blomvaser p\u00e5 detta bord. Detta vardagsrumsbord b\u00f6r inte vara det enda blickf\u00e5nget i din l\u00e4genhet. Ta g\u00e4rna en titt p\u00e5 de andra accentm\u00f6blerna i VASAGLE:s serie av industriella glasm\u00f6bler. Produktdetaljer: &#8211; F\u00e4rg: Svart, gr\u00e5aktig glasplatta &#8211; Material: J\u00e4rn, h\u00e4rdat glas &#8211; Storlek: 100 x 50 x 48 cm (L x B x H) &#8211; Vikt: 14,4 kg &#8211; Max. statisk belastningskapacitet f\u00f6r glasytan: 60 kg &#8211; Max. statisk belastningskapacitet f\u00f6r hyllan med blomm\u00f6nster: 30 kg Leveransomfattning: &#8211; 1 x vardagsrumsbord med glasytan &#8211; 1 x tillbeh\u00f6rsp\u00e5se &#8211; 1 x instruktioner (DE, EN, FR, IT, ES)<\/p>\n","protected":false},"excerpt":{"rendered":"<p>VASAGLE soffbord med bordsskiva i glas, vardagsrumsbord med j\u00e4rnstativ, glasbord, soffbord med blomdekoration, robust h\u00e4rdat glas, SGS-testat, stabilt, dekorativt, svart LGT11BK<\/p>\n","protected":false},"featured_media":42551,"comment_status":"open","ping_status":"closed","template":"","meta":[],"product_brand":[],"product_cat":[33],"product_tag":[],"class_list":{"0":"post-14611","1":"product","2":"type-product","3":"status-publish","4":"has-post-thumbnail","6":"product_cat-okategoriserad","8":"first","9":"instock","10":"shipping-taxable","11":"purchasable","12":"product-type-simple"},"_links":{"self":[{"href":"https:\/\/nordicmart.andreevmaster.com\/sv\/wp-json\/wp\/v2\/product\/14611","targetHints":{"allow":["GET"]}}],"collection":[{"href":"https:\/\/nordicmart.andreevmaster.com\/sv\/wp-json\/wp\/v2\/product"}],"about":[{"href":"https:\/\/nordicmart.andreevmaster.com\/sv\/wp-json\/wp\/v2\/types\/product"}],"replies":[{"embeddable":true,"href":"https:\/\/nordicmart.andreevmaster.com\/sv\/wp-json\/wp\/v2\/comments?post=14611"}],"wp:featuredmedia":[{"embeddable":true,"href":"https:\/\/nordicmart.andreevmaster.com\/sv\/wp-json\/wp\/v2\/media\/42551"}],"wp:attachment":[{"href":"https:\/\/nordicmart.andreevmaster.com\/sv\/wp-json\/wp\/v2\/media?parent=14611"}],"wp:term":[{"taxonomy":"product_brand","embeddable":true,"href":"https:\/\/nordicmart.andreevmaster.com\/sv\/wp-json\/wp\/v2\/product_brand?post=14611"},{"taxonomy":"product_cat","embeddable":true,"href":"https:\/\/nordicmart.andreevmaster.com\/sv\/wp-json\/wp\/v2\/product_cat?post=14611"},{"taxonomy":"product_tag","embeddable":true,"href":"https:\/\/nordicmart.andreevmaster.com\/sv\/wp-json\/wp\/v2\/product_tag?post=14611"}],"curies":[{"name":"wp","href":"https:\/\/api.w.org\/{rel}","templated":true}]}}