{"id":14605,"date":"2026-02-27T00:22:37","date_gmt":"2026-02-27T00:22:37","guid":{"rendered":"https:\/\/nordicmart.andreevmaster.com\/product\/vasagle-konsolbord-modernt-soffbord-guldfargat-transparent\/"},"modified":"2026-02-27T08:14:50","modified_gmt":"2026-02-27T08:14:50","slug":"vasagle-konsolbord-modernt-soffbord-guldfargat-transparent","status":"publish","type":"product","link":"https:\/\/nordicmart.andreevmaster.com\/sv\/produkt\/vasagle-konsolbord-modernt-soffbord-guldfargat-transparent\/","title":{"rendered":"VASAGLE konsolbord modernt soffbord guldf\u00e4rgat-transparent"},"content":{"rendered":"<p>VASAGLE konsolbord, sidobord i h\u00e4rdat glas, modernt soffbord, stabilt, enkel montering, justerbara ben, vardagsrum, hall, guldf\u00e4rgat LGT26G<br \/>\nF\u00e4rg: Guldf\u00e4rgad-transparent<br \/>\nMaterial: glas, st\u00e5l<br \/>\nStorlek: 35 x 120 x 80 cm (D x B x H)<br \/>\nVikt: 9,3 kg<br \/>\nMax. statisk belastningskapacitet f\u00f6r ytan: 30 kg<\/p>\n","protected":false},"excerpt":{"rendered":"<p>VASAGLE konsolbord, sidobord i h\u00e4rdat glas, modernt soffbord, stabilt, enkel montering, justerbara ben, vardagsrum, hall, guldf\u00e4rgat LGT26G<\/p>\n","protected":false},"featured_media":42546,"comment_status":"open","ping_status":"closed","template":"","meta":[],"product_brand":[],"product_cat":[33],"product_tag":[],"class_list":{"0":"post-14605","1":"product","2":"type-product","3":"status-publish","4":"has-post-thumbnail","6":"product_cat-okategoriserad","8":"first","9":"instock","10":"shipping-taxable","11":"purchasable","12":"product-type-simple"},"_links":{"self":[{"href":"https:\/\/nordicmart.andreevmaster.com\/sv\/wp-json\/wp\/v2\/product\/14605","targetHints":{"allow":["GET"]}}],"collection":[{"href":"https:\/\/nordicmart.andreevmaster.com\/sv\/wp-json\/wp\/v2\/product"}],"about":[{"href":"https:\/\/nordicmart.andreevmaster.com\/sv\/wp-json\/wp\/v2\/types\/product"}],"replies":[{"embeddable":true,"href":"https:\/\/nordicmart.andreevmaster.com\/sv\/wp-json\/wp\/v2\/comments?post=14605"}],"wp:featuredmedia":[{"embeddable":true,"href":"https:\/\/nordicmart.andreevmaster.com\/sv\/wp-json\/wp\/v2\/media\/42546"}],"wp:attachment":[{"href":"https:\/\/nordicmart.andreevmaster.com\/sv\/wp-json\/wp\/v2\/media?parent=14605"}],"wp:term":[{"taxonomy":"product_brand","embeddable":true,"href":"https:\/\/nordicmart.andreevmaster.com\/sv\/wp-json\/wp\/v2\/product_brand?post=14605"},{"taxonomy":"product_cat","embeddable":true,"href":"https:\/\/nordicmart.andreevmaster.com\/sv\/wp-json\/wp\/v2\/product_cat?post=14605"},{"taxonomy":"product_tag","embeddable":true,"href":"https:\/\/nordicmart.andreevmaster.com\/sv\/wp-json\/wp\/v2\/product_tag?post=14605"}],"curies":[{"name":"wp","href":"https:\/\/api.w.org\/{rel}","templated":true}]}}