{"id":14603,"date":"2026-02-27T00:22:37","date_gmt":"2026-02-27T00:22:37","guid":{"rendered":"https:\/\/nordicmart.andreevmaster.com\/product\/vasagle-soffbord-2-hyllor-av-hardat-glas\/"},"modified":"2026-02-27T08:14:49","modified_gmt":"2026-02-27T08:14:49","slug":"vasagle-soffbord-2-hyllor-av-hardat-glas","status":"publish","type":"product","link":"https:\/\/nordicmart.andreevmaster.com\/sv\/produkt\/vasagle-soffbord-2-hyllor-av-hardat-glas\/","title":{"rendered":"VASAGLE soffbord 2 hyllor av h\u00e4rdat glas"},"content":{"rendered":"<p>F\u00e4rg: Guldf\u00e4rgad<br \/>\nMaterial: St\u00e5l, h\u00e4rdat glas<br \/>\nTotal storlek: 55 x 100 x 45 cm (D x B x H)<br \/>\nVikt: 15,8 kg<br \/>\nMax. statisk belastningskapacitet f\u00f6r ytan: 15 kg<br \/>\nMax. statisk belastningskapacitet f\u00f6r den nedre hyllan: 25 kg<br \/>\nMax. statisk belastningskapacitet totalt: 30 kg<\/p>\n","protected":false},"excerpt":{"rendered":"<p>F\u00e4rg: Guldf\u00e4rgad Material: St\u00e5l, h\u00e4rdat glas Total storlek: 55 x 100 x 45 cm (D x B x H) Vikt: 15,8 kg Max. statisk belastningskapacitet f\u00f6r ytan: 15 kg Max. statisk belastningskapacitet f\u00f6r den nedre hyllan: 25 kg Max. statisk belastningskapacitet totalt: 30 kg<\/p>\n","protected":false},"featured_media":42545,"comment_status":"open","ping_status":"closed","template":"","meta":[],"product_brand":[],"product_cat":[33],"product_tag":[],"class_list":{"0":"post-14603","1":"product","2":"type-product","3":"status-publish","4":"has-post-thumbnail","6":"product_cat-okategoriserad","8":"first","9":"instock","10":"shipping-taxable","11":"purchasable","12":"product-type-simple"},"_links":{"self":[{"href":"https:\/\/nordicmart.andreevmaster.com\/sv\/wp-json\/wp\/v2\/product\/14603","targetHints":{"allow":["GET"]}}],"collection":[{"href":"https:\/\/nordicmart.andreevmaster.com\/sv\/wp-json\/wp\/v2\/product"}],"about":[{"href":"https:\/\/nordicmart.andreevmaster.com\/sv\/wp-json\/wp\/v2\/types\/product"}],"replies":[{"embeddable":true,"href":"https:\/\/nordicmart.andreevmaster.com\/sv\/wp-json\/wp\/v2\/comments?post=14603"}],"wp:featuredmedia":[{"embeddable":true,"href":"https:\/\/nordicmart.andreevmaster.com\/sv\/wp-json\/wp\/v2\/media\/42545"}],"wp:attachment":[{"href":"https:\/\/nordicmart.andreevmaster.com\/sv\/wp-json\/wp\/v2\/media?parent=14603"}],"wp:term":[{"taxonomy":"product_brand","embeddable":true,"href":"https:\/\/nordicmart.andreevmaster.com\/sv\/wp-json\/wp\/v2\/product_brand?post=14603"},{"taxonomy":"product_cat","embeddable":true,"href":"https:\/\/nordicmart.andreevmaster.com\/sv\/wp-json\/wp\/v2\/product_cat?post=14603"},{"taxonomy":"product_tag","embeddable":true,"href":"https:\/\/nordicmart.andreevmaster.com\/sv\/wp-json\/wp\/v2\/product_tag?post=14603"}],"curies":[{"name":"wp","href":"https:\/\/api.w.org\/{rel}","templated":true}]}}