{"id":14598,"date":"2026-02-27T00:22:36","date_gmt":"2026-02-27T00:22:36","guid":{"rendered":"https:\/\/nordicmart.andreevmaster.com\/product\/vasagle-sidobord-med-2-hyllor-i-glas\/"},"modified":"2026-02-27T08:14:48","modified_gmt":"2026-02-27T08:14:48","slug":"vasagle-sidobord-med-2-hyllor-i-glas","status":"publish","type":"product","link":"https:\/\/nordicmart.andreevmaster.com\/sv\/produkt\/vasagle-sidobord-med-2-hyllor-i-glas\/","title":{"rendered":"VASAGLE sidobord med 2 hyllor i glas"},"content":{"rendered":"<p>Elegant sidobord med i\u00f6gonfallande dekorationer. De har till exempel designat det glasbord som visas ovan, vilket inte bara ger dig en ny dekoration med blomm\u00f6nster, utan ocks\u00e5 tre stabila hyllor.Glasytorna t\u00e5l vardera upp till 40 kg, medan hyllan i den nedre delen t\u00e5l upp till 20 kg. Du kan allts\u00e5 st\u00e4lla \u00e4ven tunga skulpturer eller stora blomvaser p\u00e5 detta bord. Det dekorativa glasbordet passar inte bara bredvid soffan i vardagsrummet, utan ocks\u00e5 bredvid s\u00e4ngen, p\u00e5 balkongen eller i hallen. Du kan \u00e4ven anv\u00e4nda det som k\u00f6kshylla. L\u00e5t din inredningsfantasi fl\u00f6da fritt. Detta sidobord b\u00f6r inte vara det enda h\u00f6jdpunkten i din l\u00e4genhet. Ta g\u00e4rna en titt p\u00e5 de andra accentm\u00f6blerna i VASAGLE:s serie av industriella glasm\u00f6bler. Produktdetaljer:- F\u00e4rg: Svart, gr\u00e5aktig glasplatta &#8211; Material: J\u00e4rn, h\u00e4rdat glas &#8211; Storlek: 43,4 x 43,4 x 66,6 cm (L x B x H) &#8211; Vikt: 7,1 kg &#8211; Max. statisk belastningskapacitet f\u00f6r glasytan: 40 kg &#8211; Max. statisk belastningskapacitet f\u00f6r hyllan med blomm\u00f6nster: 20 kg Leveransomfattning:- 1 x sidobord med 3 hyllor &#8211; 1 x tillbeh\u00f6rsp\u00e5se &#8211; 1 x bruksanvisning (DE, EN, FR, IT, ES)<\/p>\n","protected":false},"excerpt":{"rendered":"<p>VASAGLE sidobord med 2 hyllor i glas, stativ med j\u00e4rnstativ, glasbord med blomm\u00f6nster, robust h\u00e4rdat glas, SGS-testat, stabilt, vardagsrum, sovrum, balkong, svart LGT02BK<\/p>\n","protected":false},"featured_media":42540,"comment_status":"open","ping_status":"closed","template":"","meta":[],"product_brand":[],"product_cat":[33],"product_tag":[],"class_list":{"0":"post-14598","1":"product","2":"type-product","3":"status-publish","4":"has-post-thumbnail","6":"product_cat-okategoriserad","8":"first","9":"instock","10":"shipping-taxable","11":"purchasable","12":"product-type-simple"},"_links":{"self":[{"href":"https:\/\/nordicmart.andreevmaster.com\/sv\/wp-json\/wp\/v2\/product\/14598","targetHints":{"allow":["GET"]}}],"collection":[{"href":"https:\/\/nordicmart.andreevmaster.com\/sv\/wp-json\/wp\/v2\/product"}],"about":[{"href":"https:\/\/nordicmart.andreevmaster.com\/sv\/wp-json\/wp\/v2\/types\/product"}],"replies":[{"embeddable":true,"href":"https:\/\/nordicmart.andreevmaster.com\/sv\/wp-json\/wp\/v2\/comments?post=14598"}],"wp:featuredmedia":[{"embeddable":true,"href":"https:\/\/nordicmart.andreevmaster.com\/sv\/wp-json\/wp\/v2\/media\/42540"}],"wp:attachment":[{"href":"https:\/\/nordicmart.andreevmaster.com\/sv\/wp-json\/wp\/v2\/media?parent=14598"}],"wp:term":[{"taxonomy":"product_brand","embeddable":true,"href":"https:\/\/nordicmart.andreevmaster.com\/sv\/wp-json\/wp\/v2\/product_brand?post=14598"},{"taxonomy":"product_cat","embeddable":true,"href":"https:\/\/nordicmart.andreevmaster.com\/sv\/wp-json\/wp\/v2\/product_cat?post=14598"},{"taxonomy":"product_tag","embeddable":true,"href":"https:\/\/nordicmart.andreevmaster.com\/sv\/wp-json\/wp\/v2\/product_tag?post=14598"}],"curies":[{"name":"wp","href":"https:\/\/api.w.org\/{rel}","templated":true}]}}