{"id":14596,"date":"2026-02-27T00:22:35","date_gmt":"2026-02-27T00:22:35","guid":{"rendered":"https:\/\/nordicmart.andreevmaster.com\/product\/vasagle-hylla-med-5-hyllplan-enkel-montering-transparent-black-svart\/"},"modified":"2026-02-27T08:14:48","modified_gmt":"2026-02-27T08:14:48","slug":"vasagle-hylla-med-5-hyllplan-enkel-montering-transparent-black-svart","status":"publish","type":"product","link":"https:\/\/nordicmart.andreevmaster.com\/sv\/produkt\/vasagle-hylla-med-5-hyllplan-enkel-montering-transparent-black-svart\/","title":{"rendered":"VASAGLE hylla med 5 hyllplan enkel montering transparent-bl\u00e4ck svart"},"content":{"rendered":"<p>VASAGLE Stativhylla, bokhylla, badrumshylla, 5 niv\u00e5er, k\u00f6kshylla, smal, hylla, badrumshylla, f\u00f6r vardagsrum, sovrum, arbetsrum, h\u00e4rdat glas, st\u00e5lstativ, guldf\u00e4rgad LGT029A01<br \/>\nF\u00e4rg: Transparent bl\u00e4ck svart<br \/>\nMaterial: metall, glas<br \/>\nStorlek: 30 x 40 x 124,5 cm (D x B x H)<br \/>\nVikt: 8,2 kg<br \/>\nMax. statisk belastningskapacitet per hylla: 10 kg<br \/>\nMax. statisk belastningskapacitet totalt: 50 kg<\/p>\n","protected":false},"excerpt":{"rendered":"<p>VASAGLE Stativhylla, bokhylla, badrumshylla, 5 niv\u00e5er, k\u00f6kshylla, smal, hylla, badrumshylla, f\u00f6r vardagsrum, sovrum, arbetsrum, h\u00e4rdat glas, st\u00e5lstativ, guldf\u00e4rgad LGT029A01<\/p>\n","protected":false},"featured_media":42538,"comment_status":"open","ping_status":"closed","template":"","meta":[],"product_brand":[],"product_cat":[33],"product_tag":[],"class_list":{"0":"post-14596","1":"product","2":"type-product","3":"status-publish","4":"has-post-thumbnail","6":"product_cat-okategoriserad","8":"first","9":"instock","10":"shipping-taxable","11":"purchasable","12":"product-type-simple"},"_links":{"self":[{"href":"https:\/\/nordicmart.andreevmaster.com\/sv\/wp-json\/wp\/v2\/product\/14596","targetHints":{"allow":["GET"]}}],"collection":[{"href":"https:\/\/nordicmart.andreevmaster.com\/sv\/wp-json\/wp\/v2\/product"}],"about":[{"href":"https:\/\/nordicmart.andreevmaster.com\/sv\/wp-json\/wp\/v2\/types\/product"}],"replies":[{"embeddable":true,"href":"https:\/\/nordicmart.andreevmaster.com\/sv\/wp-json\/wp\/v2\/comments?post=14596"}],"wp:featuredmedia":[{"embeddable":true,"href":"https:\/\/nordicmart.andreevmaster.com\/sv\/wp-json\/wp\/v2\/media\/42538"}],"wp:attachment":[{"href":"https:\/\/nordicmart.andreevmaster.com\/sv\/wp-json\/wp\/v2\/media?parent=14596"}],"wp:term":[{"taxonomy":"product_brand","embeddable":true,"href":"https:\/\/nordicmart.andreevmaster.com\/sv\/wp-json\/wp\/v2\/product_brand?post=14596"},{"taxonomy":"product_cat","embeddable":true,"href":"https:\/\/nordicmart.andreevmaster.com\/sv\/wp-json\/wp\/v2\/product_cat?post=14596"},{"taxonomy":"product_tag","embeddable":true,"href":"https:\/\/nordicmart.andreevmaster.com\/sv\/wp-json\/wp\/v2\/product_tag?post=14596"}],"curies":[{"name":"wp","href":"https:\/\/api.w.org\/{rel}","templated":true}]}}