{"id":14595,"date":"2026-02-27T00:22:35","date_gmt":"2026-02-27T00:22:35","guid":{"rendered":"https:\/\/nordicmart.andreevmaster.com\/product\/vasagle-stativhylla-med-5-glashyllor\/"},"modified":"2026-02-27T08:14:48","modified_gmt":"2026-02-27T08:14:48","slug":"vasagle-stativhylla-med-5-glashyllor","status":"publish","type":"product","link":"https:\/\/nordicmart.andreevmaster.com\/sv\/produkt\/vasagle-stativhylla-med-5-glashyllor\/","title":{"rendered":"VASAGLE stativhylla med 5 glashyllor"},"content":{"rendered":"<p>Produktdetaljer: &#8211; F\u00e4rg: Guldf\u00e4rgad &#8211; Material: St\u00e5l, h\u00e4rdat glas &#8211; Storlek: 40 x 30 x 124,5 cm (L x B x H) &#8211; Vikt: 8,2 kg &#8211; Max. statisk belastningskapacitet per hylla: 10 kg  Leveransomfattning: &#8211; 1 x stativhylla &#8211; 1 x tillbeh\u00f6rspaket &#8211; 2 x tippskydd &#8211; 1 x bruksanvisning VASAGLE Anvisningar: &#8211; Av s\u00e4kerhetssk\u00e4l \u00e4r det f\u00f6rbjudet f\u00f6r barn att kl\u00e4ttra p\u00e5 eller leka med produkten.- Den maximala statiska belastningskapaciteten per hylla \u00e4r 10 kg. \u00d6verskrid inte denna maximala vikt. &#8211; F\u00e4st produkten p\u00e5 v\u00e4ggen med det medf\u00f6ljande tippskyddet f\u00f6r att s\u00e4kerst\u00e4lla s\u00e4ker anv\u00e4ndning.<\/p>\n","protected":false},"excerpt":{"rendered":"<p>VASAGLE Stativhylla, bokhylla, badrumshylla, 5 niv\u00e5er, k\u00f6kshylla, smal, hylla, badrumshylla, f\u00f6r vardagsrum, sovrum, arbetsrum, h\u00e4rdat glas, st\u00e5lstativ, guldf\u00e4rgad LGT029A01<\/p>\n","protected":false},"featured_media":0,"comment_status":"open","ping_status":"closed","template":"","meta":[],"product_brand":[],"product_cat":[33],"product_tag":[],"class_list":{"0":"post-14595","1":"product","2":"type-product","3":"status-publish","5":"product_cat-okategoriserad","7":"first","8":"instock","9":"shipping-taxable","10":"purchasable","11":"product-type-simple"},"_links":{"self":[{"href":"https:\/\/nordicmart.andreevmaster.com\/sv\/wp-json\/wp\/v2\/product\/14595","targetHints":{"allow":["GET"]}}],"collection":[{"href":"https:\/\/nordicmart.andreevmaster.com\/sv\/wp-json\/wp\/v2\/product"}],"about":[{"href":"https:\/\/nordicmart.andreevmaster.com\/sv\/wp-json\/wp\/v2\/types\/product"}],"replies":[{"embeddable":true,"href":"https:\/\/nordicmart.andreevmaster.com\/sv\/wp-json\/wp\/v2\/comments?post=14595"}],"wp:attachment":[{"href":"https:\/\/nordicmart.andreevmaster.com\/sv\/wp-json\/wp\/v2\/media?parent=14595"}],"wp:term":[{"taxonomy":"product_brand","embeddable":true,"href":"https:\/\/nordicmart.andreevmaster.com\/sv\/wp-json\/wp\/v2\/product_brand?post=14595"},{"taxonomy":"product_cat","embeddable":true,"href":"https:\/\/nordicmart.andreevmaster.com\/sv\/wp-json\/wp\/v2\/product_cat?post=14595"},{"taxonomy":"product_tag","embeddable":true,"href":"https:\/\/nordicmart.andreevmaster.com\/sv\/wp-json\/wp\/v2\/product_tag?post=14595"}],"curies":[{"name":"wp","href":"https:\/\/api.w.org\/{rel}","templated":true}]}}