{"id":14593,"date":"2026-02-27T00:22:34","date_gmt":"2026-02-27T00:22:34","guid":{"rendered":"https:\/\/nordicmart.andreevmaster.com\/product\/vasagle-stativhylla-med-4-hyllplan-i-hardat-glas-svart\/"},"modified":"2026-02-27T08:14:47","modified_gmt":"2026-02-27T08:14:47","slug":"vasagle-stativhylla-med-4-hyllplan-i-hardat-glas-svart","status":"publish","type":"product","link":"https:\/\/nordicmart.andreevmaster.com\/sv\/produkt\/vasagle-stativhylla-med-4-hyllplan-i-hardat-glas-svart\/","title":{"rendered":"VASAGLE stativhylla med 4 hyllplan i h\u00e4rdat glas, svart"},"content":{"rendered":"<p>Produktdetaljer: F\u00e4rg: Svart Material: Metall, glas Storlek: 40 x 30 x 95 cm (L x B x H) Vikt: 6,3 kg Max. statisk belastningskapacitet per hyllplan: 10 kg Max. statisk belastningskapacitet totalt: 40 kg Leveransomfattning: 1 x metallhylla 1 x tippskydd 1 x tillbeh\u00f6rspaket 1 x instruktioner<\/p>\n","protected":false},"excerpt":{"rendered":"<p>VASAGLE badrumsst\u00e4ll, k\u00f6ksst\u00e4ll, stativst\u00e4ll, hallst\u00e4ll, v\u00e4xtst\u00e4ll med 4 hyllor av h\u00e5rt glas, enkel montering, vardagsrum, sovrum, kontor, svart LGT028B61<\/p>\n","protected":false},"featured_media":0,"comment_status":"open","ping_status":"closed","template":"","meta":[],"product_brand":[],"product_cat":[33],"product_tag":[],"class_list":{"0":"post-14593","1":"product","2":"type-product","3":"status-publish","5":"product_cat-okategoriserad","7":"first","8":"instock","9":"shipping-taxable","10":"purchasable","11":"product-type-simple"},"_links":{"self":[{"href":"https:\/\/nordicmart.andreevmaster.com\/sv\/wp-json\/wp\/v2\/product\/14593","targetHints":{"allow":["GET"]}}],"collection":[{"href":"https:\/\/nordicmart.andreevmaster.com\/sv\/wp-json\/wp\/v2\/product"}],"about":[{"href":"https:\/\/nordicmart.andreevmaster.com\/sv\/wp-json\/wp\/v2\/types\/product"}],"replies":[{"embeddable":true,"href":"https:\/\/nordicmart.andreevmaster.com\/sv\/wp-json\/wp\/v2\/comments?post=14593"}],"wp:attachment":[{"href":"https:\/\/nordicmart.andreevmaster.com\/sv\/wp-json\/wp\/v2\/media?parent=14593"}],"wp:term":[{"taxonomy":"product_brand","embeddable":true,"href":"https:\/\/nordicmart.andreevmaster.com\/sv\/wp-json\/wp\/v2\/product_brand?post=14593"},{"taxonomy":"product_cat","embeddable":true,"href":"https:\/\/nordicmart.andreevmaster.com\/sv\/wp-json\/wp\/v2\/product_cat?post=14593"},{"taxonomy":"product_tag","embeddable":true,"href":"https:\/\/nordicmart.andreevmaster.com\/sv\/wp-json\/wp\/v2\/product_tag?post=14593"}],"curies":[{"name":"wp","href":"https:\/\/api.w.org\/{rel}","templated":true}]}}