{"id":14592,"date":"2026-02-27T00:22:34","date_gmt":"2026-02-27T00:22:34","guid":{"rendered":"https:\/\/nordicmart.andreevmaster.com\/product\/vasagle-konsolbord-3-hyllor-i-hardat-glas-parlvit-skiffergra\/"},"modified":"2026-02-27T08:14:47","modified_gmt":"2026-02-27T08:14:47","slug":"vasagle-konsolbord-3-hyllor-i-hardat-glas-parlvit-skiffergra","status":"publish","type":"product","link":"https:\/\/nordicmart.andreevmaster.com\/sv\/produkt\/vasagle-konsolbord-3-hyllor-i-hardat-glas-parlvit-skiffergra\/","title":{"rendered":"VASAGLE konsolbord 3 hyllor i h\u00e4rdat glas p\u00e4rlvit-skiffergr\u00e5"},"content":{"rendered":"<p>VASAGLE konsolbord, hallbord, 3 niv\u00e5er, sidobord, hyllor av h\u00e5rt glas, 100 x 30 x 73 cm, metallstativ, modernt, f\u00f6r hall, vardagsrum, sovrum, svart LGT027B01<br \/>\nF\u00e4rg: p\u00e4rlvit-skiffergr\u00e5<br \/>\nMaterial: Glas, st\u00e5l<br \/>\nStorlek: 30 x 100 x 73 cm (D x B x H)<br \/>\nVikt: 13,7 kg<br \/>\nMax. statisk belastningskapacitet totalt: 30 kg<\/p>\n","protected":false},"excerpt":{"rendered":"<p>VASAGLE konsolbord, hallbord, 3 niv\u00e5er, sidobord, hyllor av h\u00e5rt glas, 100 x 30 x 73 cm, metallstativ, modernt, f\u00f6r hall, vardagsrum, sovrum, svart LGT027B01<\/p>\n","protected":false},"featured_media":42536,"comment_status":"open","ping_status":"closed","template":"","meta":[],"product_brand":[],"product_cat":[33],"product_tag":[],"class_list":{"0":"post-14592","1":"product","2":"type-product","3":"status-publish","4":"has-post-thumbnail","6":"product_cat-okategoriserad","8":"first","9":"instock","10":"shipping-taxable","11":"purchasable","12":"product-type-simple"},"_links":{"self":[{"href":"https:\/\/nordicmart.andreevmaster.com\/sv\/wp-json\/wp\/v2\/product\/14592","targetHints":{"allow":["GET"]}}],"collection":[{"href":"https:\/\/nordicmart.andreevmaster.com\/sv\/wp-json\/wp\/v2\/product"}],"about":[{"href":"https:\/\/nordicmart.andreevmaster.com\/sv\/wp-json\/wp\/v2\/types\/product"}],"replies":[{"embeddable":true,"href":"https:\/\/nordicmart.andreevmaster.com\/sv\/wp-json\/wp\/v2\/comments?post=14592"}],"wp:featuredmedia":[{"embeddable":true,"href":"https:\/\/nordicmart.andreevmaster.com\/sv\/wp-json\/wp\/v2\/media\/42536"}],"wp:attachment":[{"href":"https:\/\/nordicmart.andreevmaster.com\/sv\/wp-json\/wp\/v2\/media?parent=14592"}],"wp:term":[{"taxonomy":"product_brand","embeddable":true,"href":"https:\/\/nordicmart.andreevmaster.com\/sv\/wp-json\/wp\/v2\/product_brand?post=14592"},{"taxonomy":"product_cat","embeddable":true,"href":"https:\/\/nordicmart.andreevmaster.com\/sv\/wp-json\/wp\/v2\/product_cat?post=14592"},{"taxonomy":"product_tag","embeddable":true,"href":"https:\/\/nordicmart.andreevmaster.com\/sv\/wp-json\/wp\/v2\/product_tag?post=14592"}],"curies":[{"name":"wp","href":"https:\/\/api.w.org\/{rel}","templated":true}]}}