{"id":14587,"date":"2026-02-27T00:22:33","date_gmt":"2026-02-27T00:22:33","guid":{"rendered":"https:\/\/nordicmart.andreevmaster.com\/product\/vasagle-konsolbord-yta-av-hardat-glas-parlvit-skiffergra\/"},"modified":"2026-02-27T08:14:46","modified_gmt":"2026-02-27T08:14:46","slug":"vasagle-konsolbord-yta-av-hardat-glas-parlvit-skiffergra","status":"publish","type":"product","link":"https:\/\/nordicmart.andreevmaster.com\/sv\/produkt\/vasagle-konsolbord-yta-av-hardat-glas-parlvit-skiffergra\/","title":{"rendered":"VASAGLE konsolbord Yta av h\u00e4rdat glas p\u00e4rlvit-skiffergr\u00e5"},"content":{"rendered":"<p>VASAGLE konsolbord, sidobord med 2 hyllor, h\u00e5rt glas, f\u00f6rvaringshylla, metallstativ, justerbara f\u00f6tter, f\u00f6r vardagsrum, hall, guldf\u00e4rgat LGT025A01<br \/>\nF\u00e4rg: p\u00e4rlvit-skiffergr\u00e5<br \/>\nMaterial: Glas, st\u00e5l<br \/>\nStorlek: 35 x 100 x 80 cm (D x B x H)<br \/>\nVikt: 13,8 kg<br \/>\nMax. statisk belastningskapacitet f\u00f6r ytan: 20 kg<\/p>\n","protected":false},"excerpt":{"rendered":"<p>VASAGLE konsolbord, sidobord med 2 hyllor, h\u00e5rt glas, f\u00f6rvaringshylla, metallstativ, justerbara f\u00f6tter, f\u00f6r vardagsrum, hall, guldf\u00e4rgat LGT025A01<\/p>\n","protected":false},"featured_media":42532,"comment_status":"open","ping_status":"closed","template":"","meta":[],"product_brand":[],"product_cat":[33],"product_tag":[],"class_list":{"0":"post-14587","1":"product","2":"type-product","3":"status-publish","4":"has-post-thumbnail","6":"product_cat-okategoriserad","8":"first","9":"instock","10":"shipping-taxable","11":"purchasable","12":"product-type-simple"},"_links":{"self":[{"href":"https:\/\/nordicmart.andreevmaster.com\/sv\/wp-json\/wp\/v2\/product\/14587","targetHints":{"allow":["GET"]}}],"collection":[{"href":"https:\/\/nordicmart.andreevmaster.com\/sv\/wp-json\/wp\/v2\/product"}],"about":[{"href":"https:\/\/nordicmart.andreevmaster.com\/sv\/wp-json\/wp\/v2\/types\/product"}],"replies":[{"embeddable":true,"href":"https:\/\/nordicmart.andreevmaster.com\/sv\/wp-json\/wp\/v2\/comments?post=14587"}],"wp:featuredmedia":[{"embeddable":true,"href":"https:\/\/nordicmart.andreevmaster.com\/sv\/wp-json\/wp\/v2\/media\/42532"}],"wp:attachment":[{"href":"https:\/\/nordicmart.andreevmaster.com\/sv\/wp-json\/wp\/v2\/media?parent=14587"}],"wp:term":[{"taxonomy":"product_brand","embeddable":true,"href":"https:\/\/nordicmart.andreevmaster.com\/sv\/wp-json\/wp\/v2\/product_brand?post=14587"},{"taxonomy":"product_cat","embeddable":true,"href":"https:\/\/nordicmart.andreevmaster.com\/sv\/wp-json\/wp\/v2\/product_cat?post=14587"},{"taxonomy":"product_tag","embeddable":true,"href":"https:\/\/nordicmart.andreevmaster.com\/sv\/wp-json\/wp\/v2\/product_tag?post=14587"}],"curies":[{"name":"wp","href":"https:\/\/api.w.org\/{rel}","templated":true}]}}