{"id":14584,"date":"2026-02-27T00:22:32","date_gmt":"2026-02-27T00:22:32","guid":{"rendered":"https:\/\/nordicmart.andreevmaster.com\/product\/vasagle-konsolbord-med-3-hyllor-i-hardat-glas\/"},"modified":"2026-02-27T08:14:46","modified_gmt":"2026-02-27T08:14:46","slug":"vasagle-konsolbord-med-3-hyllor-i-hardat-glas","status":"publish","type":"product","link":"https:\/\/nordicmart.andreevmaster.com\/sv\/produkt\/vasagle-konsolbord-med-3-hyllor-i-hardat-glas\/","title":{"rendered":"VASAGLE konsolbord med 3 hyllor i h\u00e4rdat glas"},"content":{"rendered":"<p>VASAGLE konsolbord, hallbord, 3 niv\u00e5er, sidobord, hyllor av h\u00e4rdat glas, 130 x 30 x 73 cm, metallstativ, modernt, f\u00f6r hall, vardagsrum, sovrum, guldf\u00e4rgat LGT024A01<br \/>\nF\u00e4rg: Bl\u00e4ksvart-skiffergr\u00e5<br \/>\nMaterial: H\u00e5rt glas, st\u00e5l<br \/>\nStorlek: 30 x 130 x 73 cm (D x B x H)<br \/>\nVikt: 18,6 kg<br \/>\nMax. statisk belastningskapacitet: 40 kg<\/p>\n","protected":false},"excerpt":{"rendered":"<p>VASAGLE konsolbord, hallbord, 3 niv\u00e5er, sidobord, hyllor av h\u00e4rdat glas, 130 x 30 x 73 cm, metallstativ, modernt, f\u00f6r hall, vardagsrum, sovrum, guldf\u00e4rgat LGT024A01<\/p>\n","protected":false},"featured_media":42531,"comment_status":"open","ping_status":"closed","template":"","meta":[],"product_brand":[],"product_cat":[33],"product_tag":[],"class_list":{"0":"post-14584","1":"product","2":"type-product","3":"status-publish","4":"has-post-thumbnail","6":"product_cat-okategoriserad","8":"first","9":"instock","10":"shipping-taxable","11":"purchasable","12":"product-type-simple"},"_links":{"self":[{"href":"https:\/\/nordicmart.andreevmaster.com\/sv\/wp-json\/wp\/v2\/product\/14584","targetHints":{"allow":["GET"]}}],"collection":[{"href":"https:\/\/nordicmart.andreevmaster.com\/sv\/wp-json\/wp\/v2\/product"}],"about":[{"href":"https:\/\/nordicmart.andreevmaster.com\/sv\/wp-json\/wp\/v2\/types\/product"}],"replies":[{"embeddable":true,"href":"https:\/\/nordicmart.andreevmaster.com\/sv\/wp-json\/wp\/v2\/comments?post=14584"}],"wp:featuredmedia":[{"embeddable":true,"href":"https:\/\/nordicmart.andreevmaster.com\/sv\/wp-json\/wp\/v2\/media\/42531"}],"wp:attachment":[{"href":"https:\/\/nordicmart.andreevmaster.com\/sv\/wp-json\/wp\/v2\/media?parent=14584"}],"wp:term":[{"taxonomy":"product_brand","embeddable":true,"href":"https:\/\/nordicmart.andreevmaster.com\/sv\/wp-json\/wp\/v2\/product_brand?post=14584"},{"taxonomy":"product_cat","embeddable":true,"href":"https:\/\/nordicmart.andreevmaster.com\/sv\/wp-json\/wp\/v2\/product_cat?post=14584"},{"taxonomy":"product_tag","embeddable":true,"href":"https:\/\/nordicmart.andreevmaster.com\/sv\/wp-json\/wp\/v2\/product_tag?post=14584"}],"curies":[{"name":"wp","href":"https:\/\/api.w.org\/{rel}","templated":true}]}}