{"id":14581,"date":"2026-02-27T00:22:31","date_gmt":"2026-02-27T00:22:31","guid":{"rendered":"https:\/\/nordicmart.andreevmaster.com\/product\/vasagle-rund-soffbord-med-stalstativ-parlvit-skiffergra\/"},"modified":"2026-02-27T08:14:45","modified_gmt":"2026-02-27T08:14:45","slug":"vasagle-rund-soffbord-med-stalstativ-parlvit-skiffergra","status":"publish","type":"product","link":"https:\/\/nordicmart.andreevmaster.com\/sv\/produkt\/vasagle-rund-soffbord-med-stalstativ-parlvit-skiffergra\/","title":{"rendered":"VASAGLE Rund soffbord med st\u00e5lstativ p\u00e4rlvit-skiffergr\u00e5"},"content":{"rendered":"<p>VASAGLE sidobord, soffbord, glasbord med metallstativ, h\u00e4rdat glas, nattduksbord, soffbord, f\u00f6r balkong, svart LGT021B01<br \/>\nF\u00e4rg: p\u00e4rlvit-skiffergr\u00e5<br \/>\nMaterial: st\u00e5l, h\u00e4rdat glas<br \/>\nStorlek: 84 x 45,5 cm (diameter x h\u00f6jd)<br \/>\nVikt: 8,8 kg<br \/>\nMax. statisk belastningskapacitet: 70 kg<\/p>\n","protected":false},"excerpt":{"rendered":"<p>VASAGLE sidobord, soffbord, glasbord med metallstativ, h\u00e4rdat glas, nattduksbord, soffbord, f\u00f6r balkong, svart LGT021B01<\/p>\n","protected":false},"featured_media":42528,"comment_status":"open","ping_status":"closed","template":"","meta":[],"product_brand":[],"product_cat":[33],"product_tag":[],"class_list":{"0":"post-14581","1":"product","2":"type-product","3":"status-publish","4":"has-post-thumbnail","6":"product_cat-okategoriserad","8":"first","9":"instock","10":"shipping-taxable","11":"purchasable","12":"product-type-simple"},"_links":{"self":[{"href":"https:\/\/nordicmart.andreevmaster.com\/sv\/wp-json\/wp\/v2\/product\/14581","targetHints":{"allow":["GET"]}}],"collection":[{"href":"https:\/\/nordicmart.andreevmaster.com\/sv\/wp-json\/wp\/v2\/product"}],"about":[{"href":"https:\/\/nordicmart.andreevmaster.com\/sv\/wp-json\/wp\/v2\/types\/product"}],"replies":[{"embeddable":true,"href":"https:\/\/nordicmart.andreevmaster.com\/sv\/wp-json\/wp\/v2\/comments?post=14581"}],"wp:featuredmedia":[{"embeddable":true,"href":"https:\/\/nordicmart.andreevmaster.com\/sv\/wp-json\/wp\/v2\/media\/42528"}],"wp:attachment":[{"href":"https:\/\/nordicmart.andreevmaster.com\/sv\/wp-json\/wp\/v2\/media?parent=14581"}],"wp:term":[{"taxonomy":"product_brand","embeddable":true,"href":"https:\/\/nordicmart.andreevmaster.com\/sv\/wp-json\/wp\/v2\/product_brand?post=14581"},{"taxonomy":"product_cat","embeddable":true,"href":"https:\/\/nordicmart.andreevmaster.com\/sv\/wp-json\/wp\/v2\/product_cat?post=14581"},{"taxonomy":"product_tag","embeddable":true,"href":"https:\/\/nordicmart.andreevmaster.com\/sv\/wp-json\/wp\/v2\/product_tag?post=14581"}],"curies":[{"name":"wp","href":"https:\/\/api.w.org\/{rel}","templated":true}]}}