{"id":14580,"date":"2026-02-27T00:22:31","date_gmt":"2026-02-27T00:22:31","guid":{"rendered":"https:\/\/nordicmart.andreevmaster.com\/product\/vasagle-rund-soffbord-med-svart-metallstativ\/"},"modified":"2026-02-27T08:14:45","modified_gmt":"2026-02-27T08:14:45","slug":"vasagle-rund-soffbord-med-svart-metallstativ","status":"publish","type":"product","link":"https:\/\/nordicmart.andreevmaster.com\/sv\/produkt\/vasagle-rund-soffbord-med-svart-metallstativ\/","title":{"rendered":"VASAGLE Rund soffbord med svart metallstativ"},"content":{"rendered":"<p>Produktdetaljer: &#8211; F\u00e4rg: Svart &#8211; Material: St\u00e5l, h\u00e4rdat glas &#8211; Storlek: 84 x 45,5 cm (\u00d8 x H) &#8211; Vikt: 11,5 kg &#8211; Max. statisk belastningskapacitet: 70 kg Leveransomfattning: &#8211; 1 x sidobord &#8211; 1 x tillbeh\u00f6rspaket &#8211; 1 x bruksanvisning VASAGLE Anm\u00e4rkningar:- Av s\u00e4kerhetssk\u00e4l \u00e4r det f\u00f6rbjudet f\u00f6r barn att kl\u00e4ttra p\u00e5 eller leka med produkten.<\/p>\n","protected":false},"excerpt":{"rendered":"<p>VASAGLE sidobord, soffbord, glasbord med metallstativ, h\u00e4rdat glas, nattduksbord, soffbord, f\u00f6r balkong, svart LGT021B01<\/p>\n","protected":false},"featured_media":0,"comment_status":"open","ping_status":"closed","template":"","meta":[],"product_brand":[],"product_cat":[33],"product_tag":[],"class_list":{"0":"post-14580","1":"product","2":"type-product","3":"status-publish","5":"product_cat-okategoriserad","7":"first","8":"instock","9":"shipping-taxable","10":"purchasable","11":"product-type-simple"},"_links":{"self":[{"href":"https:\/\/nordicmart.andreevmaster.com\/sv\/wp-json\/wp\/v2\/product\/14580","targetHints":{"allow":["GET"]}}],"collection":[{"href":"https:\/\/nordicmart.andreevmaster.com\/sv\/wp-json\/wp\/v2\/product"}],"about":[{"href":"https:\/\/nordicmart.andreevmaster.com\/sv\/wp-json\/wp\/v2\/types\/product"}],"replies":[{"embeddable":true,"href":"https:\/\/nordicmart.andreevmaster.com\/sv\/wp-json\/wp\/v2\/comments?post=14580"}],"wp:attachment":[{"href":"https:\/\/nordicmart.andreevmaster.com\/sv\/wp-json\/wp\/v2\/media?parent=14580"}],"wp:term":[{"taxonomy":"product_brand","embeddable":true,"href":"https:\/\/nordicmart.andreevmaster.com\/sv\/wp-json\/wp\/v2\/product_brand?post=14580"},{"taxonomy":"product_cat","embeddable":true,"href":"https:\/\/nordicmart.andreevmaster.com\/sv\/wp-json\/wp\/v2\/product_cat?post=14580"},{"taxonomy":"product_tag","embeddable":true,"href":"https:\/\/nordicmart.andreevmaster.com\/sv\/wp-json\/wp\/v2\/product_tag?post=14580"}],"curies":[{"name":"wp","href":"https:\/\/api.w.org\/{rel}","templated":true}]}}