{"id":14575,"date":"2026-02-27T00:22:30","date_gmt":"2026-02-27T00:22:30","guid":{"rendered":"https:\/\/nordicmart.andreevmaster.com\/product\/vasagle-litet-glasbord-med-blommonster\/"},"modified":"2026-02-27T08:14:44","modified_gmt":"2026-02-27T08:14:44","slug":"vasagle-litet-glasbord-med-blommonster","status":"publish","type":"product","link":"https:\/\/nordicmart.andreevmaster.com\/sv\/produkt\/vasagle-litet-glasbord-med-blommonster\/","title":{"rendered":"VASAGLE Litet glasbord med blomm\u00f6nster"},"content":{"rendered":"<p>F\u00f6rutom vardagliga skapelser som bokhyllor och garderober kommer designerna p\u00e5 SONGMICS ocks\u00e5 ofta p\u00e5 id\u00e9er till m\u00f6bler av ett speciellt slag. P\u00e5 s\u00e5 s\u00e4tt ger de dig m\u00f6jlighet att g\u00f6ra ditt hem till n\u00e5got helt extraordin\u00e4rt. Stilfull sidobord med i\u00f6gonfallande dekorationer Det dekorativa glasbordet passar inte bara bredvid soffan i vardagsrummet, utan ocks\u00e5 bredvid s\u00e4ngen, p\u00e5 balkongen eller i hallen. L\u00e5t din inredningsfantasi fl\u00f6da fritt. Detta sidobord b\u00f6r inte vara det enda h\u00f6jdpunkten i din l\u00e4genhet. Ta g\u00e4rna en titt p\u00e5 de andra accentm\u00f6blerna fr\u00e5n SONGMICS. Produktdetaljer: F\u00e4rg: Svart, gr\u00e5aktig glasplatta Material: H\u00e5rt glas, st\u00e5l Storlek: 43,4 x 43,4 x 50,7 cm (L x B x H) Vikt: 4,6 kg Max. b\u00e4rf\u00f6rm\u00e5ga f\u00f6r glasytan: 40 kg Max. b\u00e4rf\u00f6rm\u00e5ga f\u00f6r hyllan: 20 kg Leveransomfattning: 1 x sidobord 1 x tillbeh\u00f6rsp\u00e5se 1 x bruksanvisning (DE, EN, FR, IT, ES)<\/p>\n","protected":false},"excerpt":{"rendered":"<p>VASAGLE sidobord i glas, soffbord med dekorativ hylla, nattduksbord, h\u00e4rdat glas, SGS-testat, dekorativt, vardagsrum, sovrum, 43,4 x 43,4 x 50,7 cm, svart LGT01BK<\/p>\n","protected":false},"featured_media":42524,"comment_status":"open","ping_status":"closed","template":"","meta":[],"product_brand":[],"product_cat":[33],"product_tag":[],"class_list":{"0":"post-14575","1":"product","2":"type-product","3":"status-publish","4":"has-post-thumbnail","6":"product_cat-okategoriserad","8":"first","9":"instock","10":"shipping-taxable","11":"purchasable","12":"product-type-simple"},"_links":{"self":[{"href":"https:\/\/nordicmart.andreevmaster.com\/sv\/wp-json\/wp\/v2\/product\/14575","targetHints":{"allow":["GET"]}}],"collection":[{"href":"https:\/\/nordicmart.andreevmaster.com\/sv\/wp-json\/wp\/v2\/product"}],"about":[{"href":"https:\/\/nordicmart.andreevmaster.com\/sv\/wp-json\/wp\/v2\/types\/product"}],"replies":[{"embeddable":true,"href":"https:\/\/nordicmart.andreevmaster.com\/sv\/wp-json\/wp\/v2\/comments?post=14575"}],"wp:featuredmedia":[{"embeddable":true,"href":"https:\/\/nordicmart.andreevmaster.com\/sv\/wp-json\/wp\/v2\/media\/42524"}],"wp:attachment":[{"href":"https:\/\/nordicmart.andreevmaster.com\/sv\/wp-json\/wp\/v2\/media?parent=14575"}],"wp:term":[{"taxonomy":"product_brand","embeddable":true,"href":"https:\/\/nordicmart.andreevmaster.com\/sv\/wp-json\/wp\/v2\/product_brand?post=14575"},{"taxonomy":"product_cat","embeddable":true,"href":"https:\/\/nordicmart.andreevmaster.com\/sv\/wp-json\/wp\/v2\/product_cat?post=14575"},{"taxonomy":"product_tag","embeddable":true,"href":"https:\/\/nordicmart.andreevmaster.com\/sv\/wp-json\/wp\/v2\/product_tag?post=14575"}],"curies":[{"name":"wp","href":"https:\/\/api.w.org\/{rel}","templated":true}]}}