{"id":14571,"date":"2026-02-27T00:22:29","date_gmt":"2026-02-27T00:22:29","guid":{"rendered":"https:\/\/nordicmart.andreevmaster.com\/product\/vasagle-sidobord-nattduksbord-med-hylla-och-tyglada\/"},"modified":"2026-02-27T08:14:43","modified_gmt":"2026-02-27T08:14:43","slug":"vasagle-sidobord-nattduksbord-med-hylla-och-tyglada","status":"publish","type":"product","link":"https:\/\/nordicmart.andreevmaster.com\/sv\/produkt\/vasagle-sidobord-nattduksbord-med-hylla-och-tyglada\/","title":{"rendered":"VASAGLE sidobord, nattduksbord, med hylla och tygl\u00e5da"},"content":{"rendered":"<p>VASAGLE nattduksbord, sidobord med tygl\u00e5da, 61 cm h\u00f6gt nattduksbord, med hylla, f\u00f6r vardagsrum, sovrum, svart LGS021B21<br \/>\nSpecifikationer:<\/p>\n<p>&#8211; M\u00e5tt: 28,1 x 38,1 x 61,1 cm (D x B x H)<br \/>\n&#8211; Vikt: 3,7 kg<br \/>\n&#8211; Max. statisk b\u00e4rf\u00f6rm\u00e5ga p\u00e5 ytan: 45,6 kg<br \/>\n&#8211; Max. statisk b\u00e4rf\u00f6rm\u00e5ga f\u00f6r den nedre hyllan: 9 kg<br \/>\n&#8211; Max. statisk b\u00e4rf\u00f6rm\u00e5ga f\u00f6r l\u00e5dan: 2,2 kg<br \/>\n&#8211; Max. statisk b\u00e4rf\u00f6rm\u00e5ga totalt: 56,8 kg<br \/>\n&#8211; Material: sp\u00e5nskiva, st\u00e5l, nonwoven<br \/>\n&#8211; F\u00e4rg: svart<\/p>\n","protected":false},"excerpt":{"rendered":"<p>VASAGLE nattduksbord, sidobord med tygl\u00e5da, 61 cm h\u00f6gt nattduksbord, med hylla, f\u00f6r vardagsrum, sovrum, svart LGS021B21<\/p>\n","protected":false},"featured_media":42520,"comment_status":"open","ping_status":"closed","template":"","meta":[],"product_brand":[],"product_cat":[33],"product_tag":[],"class_list":{"0":"post-14571","1":"product","2":"type-product","3":"status-publish","4":"has-post-thumbnail","6":"product_cat-okategoriserad","8":"first","9":"instock","10":"shipping-taxable","11":"purchasable","12":"product-type-simple"},"_links":{"self":[{"href":"https:\/\/nordicmart.andreevmaster.com\/sv\/wp-json\/wp\/v2\/product\/14571","targetHints":{"allow":["GET"]}}],"collection":[{"href":"https:\/\/nordicmart.andreevmaster.com\/sv\/wp-json\/wp\/v2\/product"}],"about":[{"href":"https:\/\/nordicmart.andreevmaster.com\/sv\/wp-json\/wp\/v2\/types\/product"}],"replies":[{"embeddable":true,"href":"https:\/\/nordicmart.andreevmaster.com\/sv\/wp-json\/wp\/v2\/comments?post=14571"}],"wp:featuredmedia":[{"embeddable":true,"href":"https:\/\/nordicmart.andreevmaster.com\/sv\/wp-json\/wp\/v2\/media\/42520"}],"wp:attachment":[{"href":"https:\/\/nordicmart.andreevmaster.com\/sv\/wp-json\/wp\/v2\/media?parent=14571"}],"wp:term":[{"taxonomy":"product_brand","embeddable":true,"href":"https:\/\/nordicmart.andreevmaster.com\/sv\/wp-json\/wp\/v2\/product_brand?post=14571"},{"taxonomy":"product_cat","embeddable":true,"href":"https:\/\/nordicmart.andreevmaster.com\/sv\/wp-json\/wp\/v2\/product_cat?post=14571"},{"taxonomy":"product_tag","embeddable":true,"href":"https:\/\/nordicmart.andreevmaster.com\/sv\/wp-json\/wp\/v2\/product_tag?post=14571"}],"curies":[{"name":"wp","href":"https:\/\/api.w.org\/{rel}","templated":true}]}}