{"id":14570,"date":"2026-02-27T00:22:29","date_gmt":"2026-02-27T00:22:29","guid":{"rendered":"https:\/\/nordicmart.andreevmaster.com\/product\/songmics-byra-med-tyglador\/"},"modified":"2026-02-27T08:14:43","modified_gmt":"2026-02-27T08:14:43","slug":"songmics-byra-med-tyglador","status":"publish","type":"product","link":"https:\/\/nordicmart.andreevmaster.com\/sv\/produkt\/songmics-byra-med-tyglador\/","title":{"rendered":"SONGMICS byr\u00e5 med tygl\u00e5dor"},"content":{"rendered":"<p>Med stor omsorg om detaljerna: Oroa dig inte om du har barn, f\u00f6r designen p\u00e5 denna byr\u00e5 \u00e4r barnv\u00e4nlig. Den medf\u00f6ljande tippskyddet s\u00e4kerst\u00e4ller en s\u00e4ker milj\u00f6 f\u00f6r din familj och tack vare tygf\u00f6rvaringsl\u00e5dorna kan sm\u00e5 h\u00e4nder inte fastna n\u00e4r dina \u00e4lsklingar vill l\u00e4gga undan sina kl\u00e4der i l\u00e5dorna sj\u00e4lva. Problemfri montering: Tack vare den enkla designen och de medf\u00f6ljande monteringsdetaljerna beh\u00f6ver du inte spendera hela s\u00f6ndagseftermiddagen p\u00e5 att montera den. F\u00f6lj bara de l\u00e4ttf\u00f6rst\u00e5eliga instruktionerna s\u00e5 har du monterat kommoden p\u00e5 nolltid. Produktdetaljer: &#8211; F\u00e4rg: Vintagebrun-svart &#8211; Material: MDF (medeldensitetsfiberplatta), metall, non-woven-tyg, massivt tr\u00e4 &#8211; Total storlek: 56 x 30 x 89,3 cm (L x B x H) &#8211; Vikt: 8,5 kg &#8211; Max. statisk belastningskapacitet f\u00f6r ytan: 15 kg &#8211; Max. statisk belastningskapacitet f\u00f6r varje l\u00e5da: 3 kg Leveransomfattning:- 1 x f\u00f6rvaringssk\u00e5p &#8211; 1 x insexnyckel &#8211; 1 x tillbeh\u00f6rspaket &#8211; 1 x bruksanvisning SONGMICS Anm\u00e4rkningar: &#8211; L\u00e5dorna \u00e4r tillverkade av tyg, l\u00e4gg inte f\u00f6r tunga f\u00f6rem\u00e5l i dem. &#8211; L\u00e5dorna \u00e4r inte tv\u00e4ttbara! Reng\u00f6r eventuella fl\u00e4ckar med en fuktig trasa.- Det kan h\u00e4nda att produkten luktar \u201dnytt\u201d n\u00e4r du packar upp den. I s\u00e5 fall kan du placera den i ett v\u00e4l ventilerat rum. &#8211; F\u00e4st produkten p\u00e5 v\u00e4ggen med den medf\u00f6ljande tippskyddet f\u00f6r att garantera s\u00e4ker anv\u00e4ndning.<\/p>\n","protected":false},"excerpt":{"rendered":"<p>SONGMICS byr\u00e5, f\u00f6rvaringssk\u00e5p, tygsk\u00e5p med MDF-front, industriell design, f\u00f6r hall, vardagsrum, vintagebrun-svart LGS45H<\/p>\n","protected":false},"featured_media":42519,"comment_status":"open","ping_status":"closed","template":"","meta":[],"product_brand":[],"product_cat":[33],"product_tag":[],"class_list":{"0":"post-14570","1":"product","2":"type-product","3":"status-publish","4":"has-post-thumbnail","6":"product_cat-okategoriserad","8":"first","9":"instock","10":"shipping-taxable","11":"purchasable","12":"product-type-simple"},"_links":{"self":[{"href":"https:\/\/nordicmart.andreevmaster.com\/sv\/wp-json\/wp\/v2\/product\/14570","targetHints":{"allow":["GET"]}}],"collection":[{"href":"https:\/\/nordicmart.andreevmaster.com\/sv\/wp-json\/wp\/v2\/product"}],"about":[{"href":"https:\/\/nordicmart.andreevmaster.com\/sv\/wp-json\/wp\/v2\/types\/product"}],"replies":[{"embeddable":true,"href":"https:\/\/nordicmart.andreevmaster.com\/sv\/wp-json\/wp\/v2\/comments?post=14570"}],"wp:featuredmedia":[{"embeddable":true,"href":"https:\/\/nordicmart.andreevmaster.com\/sv\/wp-json\/wp\/v2\/media\/42519"}],"wp:attachment":[{"href":"https:\/\/nordicmart.andreevmaster.com\/sv\/wp-json\/wp\/v2\/media?parent=14570"}],"wp:term":[{"taxonomy":"product_brand","embeddable":true,"href":"https:\/\/nordicmart.andreevmaster.com\/sv\/wp-json\/wp\/v2\/product_brand?post=14570"},{"taxonomy":"product_cat","embeddable":true,"href":"https:\/\/nordicmart.andreevmaster.com\/sv\/wp-json\/wp\/v2\/product_cat?post=14570"},{"taxonomy":"product_tag","embeddable":true,"href":"https:\/\/nordicmart.andreevmaster.com\/sv\/wp-json\/wp\/v2\/product_tag?post=14570"}],"curies":[{"name":"wp","href":"https:\/\/api.w.org\/{rel}","templated":true}]}}