{"id":14569,"date":"2026-02-27T00:22:28","date_gmt":"2026-02-27T00:22:28","guid":{"rendered":"https:\/\/nordicmart.andreevmaster.com\/product\/songmics-byra-med-6-tyglador\/"},"modified":"2026-02-27T08:14:43","modified_gmt":"2026-02-27T08:14:43","slug":"songmics-byra-med-6-tyglador","status":"publish","type":"product","link":"https:\/\/nordicmart.andreevmaster.com\/sv\/produkt\/songmics-byra-med-6-tyglador\/","title":{"rendered":"SONGMICS byr\u00e5 med 6 tygl\u00e5dor"},"content":{"rendered":"<p>Med stor omsorg om detaljerna Oroa dig inte om du har barn, f\u00f6r designen p\u00e5 detta nattduksbord \u00e4r barnv\u00e4nlig. Det medf\u00f6ljande tippskyddet garanterar en s\u00e4ker milj\u00f6 f\u00f6r din familj och tack vare tygsk\u00e5larna kan sm\u00e5 h\u00e4nder inte fastna n\u00e4r dina \u00e4lsklingar vill l\u00e4gga undan sina kl\u00e4der i sk\u00e5len sj\u00e4lva.Enkel montering Tack vare den enkla designen och de medf\u00f6ljande monteringsdetaljerna beh\u00f6ver du inte spendera hela s\u00f6ndagseftermiddagen p\u00e5 att montera bordet. F\u00f6lj bara de l\u00e4ttf\u00f6rst\u00e5eliga instruktionerna s\u00e5 har du monterat detta sidobord p\u00e5 nolltid. Produktdetaljer: &#8211; F\u00e4rg: Vintagebrun-svart &#8211; Material: Metall, MDF (medeldensitetsfiberplatta), non-woven-tyg &#8211; Storlek: 80 x 30 x 71 cm (L x B x H) &#8211; Vikt: 9,8 kg &#8211; Max. statisk belastningskapacitet f\u00f6r varje l\u00e5da: 3 kg &#8211; Max. statisk belastningskapacitet f\u00f6r ytan: 15 kg Leveransomfattning: &#8211; 1 x byr\u00e5 &#8211; 1 x tippskydd &#8211; 1 x tillbeh\u00f6rspaket &#8211; 1 x instruktioner SONGMICS Anm\u00e4rkningar:- L\u00e5dorna \u00e4r tillverkade av tyg, l\u00e4gg inte f\u00f6r tunga f\u00f6rem\u00e5l i dem. &#8211; L\u00e5dorna \u00e4r inte tv\u00e4ttbara! Vid nedsmutsning reng\u00f6r du dem med en fuktig trasa. &#8211; N\u00e4r du packar upp produkten kan den ha en &#8221;ny&#8221; lukt. H\u00e4ng i s\u00e5 fall upp den p\u00e5 en v\u00e4l ventilerad plats i n\u00e5gra timmar. &#8211; F\u00e4st produkten p\u00e5 v\u00e4ggen med det medf\u00f6ljande tippskyddet f\u00f6r att s\u00e4kerst\u00e4lla s\u00e4ker anv\u00e4ndning.<\/p>\n","protected":false},"excerpt":{"rendered":"<p>SONGMICS byr\u00e5, sk\u00e5p, 6 tygl\u00e5dor med MDF-front, metallstativ, belastningskapacitet upp till 25 kg, industriell design, f\u00f6r barnrum, sovrum, hall, vintagebrun-svart LGS23H<\/p>\n","protected":false},"featured_media":42518,"comment_status":"open","ping_status":"closed","template":"","meta":[],"product_brand":[],"product_cat":[33],"product_tag":[],"class_list":{"0":"post-14569","1":"product","2":"type-product","3":"status-publish","4":"has-post-thumbnail","6":"product_cat-okategoriserad","8":"first","9":"instock","10":"shipping-taxable","11":"purchasable","12":"product-type-simple"},"_links":{"self":[{"href":"https:\/\/nordicmart.andreevmaster.com\/sv\/wp-json\/wp\/v2\/product\/14569","targetHints":{"allow":["GET"]}}],"collection":[{"href":"https:\/\/nordicmart.andreevmaster.com\/sv\/wp-json\/wp\/v2\/product"}],"about":[{"href":"https:\/\/nordicmart.andreevmaster.com\/sv\/wp-json\/wp\/v2\/types\/product"}],"replies":[{"embeddable":true,"href":"https:\/\/nordicmart.andreevmaster.com\/sv\/wp-json\/wp\/v2\/comments?post=14569"}],"wp:featuredmedia":[{"embeddable":true,"href":"https:\/\/nordicmart.andreevmaster.com\/sv\/wp-json\/wp\/v2\/media\/42518"}],"wp:attachment":[{"href":"https:\/\/nordicmart.andreevmaster.com\/sv\/wp-json\/wp\/v2\/media?parent=14569"}],"wp:term":[{"taxonomy":"product_brand","embeddable":true,"href":"https:\/\/nordicmart.andreevmaster.com\/sv\/wp-json\/wp\/v2\/product_brand?post=14569"},{"taxonomy":"product_cat","embeddable":true,"href":"https:\/\/nordicmart.andreevmaster.com\/sv\/wp-json\/wp\/v2\/product_cat?post=14569"},{"taxonomy":"product_tag","embeddable":true,"href":"https:\/\/nordicmart.andreevmaster.com\/sv\/wp-json\/wp\/v2\/product_tag?post=14569"}],"curies":[{"name":"wp","href":"https:\/\/api.w.org\/{rel}","templated":true}]}}