{"id":14567,"date":"2026-02-27T00:22:28","date_gmt":"2026-02-27T00:22:28","guid":{"rendered":"https:\/\/nordicmart.andreevmaster.com\/product\/songmics-forvaringshylla-med-tyglador\/"},"modified":"2026-02-27T08:14:43","modified_gmt":"2026-02-27T08:14:43","slug":"songmics-forvaringshylla-med-tyglador","status":"publish","type":"product","link":"https:\/\/nordicmart.andreevmaster.com\/sv\/produkt\/songmics-forvaringshylla-med-tyglador\/","title":{"rendered":"SONGMICS f\u00f6rvaringshylla med tygl\u00e5dor"},"content":{"rendered":"<p>Lite f\u00f6rvaringsutrymme h\u00e4r, lite industriell stil d\u00e4r: Vill du ge ditt hem en ny look? Prova denna hylla fr\u00e5n SONGMICS! F\u00e4rgkombinationen av svart och vintagebrunt ger denna m\u00f6bel en attraktiv industriell look. 2 \u00f6ppna fack i kombination med 4 tygl\u00e5dor erbjuder tillr\u00e4ckligt med utrymme f\u00f6r dina saker.  Inte f\u00f6r stor, inte f\u00f6r liten: Om en bokhylla \u00e4r f\u00f6r stor \u00e4r det sv\u00e5rt att hitta en plats f\u00f6r den. Om den \u00e4r f\u00f6r liten finns det inte tillr\u00e4ckligt med f\u00f6rvaringsutrymme. Denna hylla med m\u00e5tten 63 x 30 x 120 cm (L x B x H) \u00e4r precis r\u00e4tt! Varje hylla kan b\u00e4ra upp till 15 kg och varje l\u00e5da upp till 3 kg. Produktdetaljer: &#8211; F\u00e4rg: Vintagebrun-svart &#8211; Material: MDF (medeldensitetsfiberplatta), metall, non-woven-tyg, kartong &#8211; Total storlek: 63 x 30 x 120 cm (L x B x H) &#8211; Vikt: 11,1 kg &#8211; Max. statisk belastningskapacitet f\u00f6r varje hylla: 15 kg &#8211; Max. statisk belastningskapacitet f\u00f6r varje l\u00e5da: 3 kg Leveransomfattning:- 1 x f\u00f6rvaringshylla &#8211; 1 x insexnyckel &#8211; 1 x tillbeh\u00f6rspaket &#8211; 1 x bruksanvisning SONGMICS Anm\u00e4rkningar: &#8211; L\u00e5dorna \u00e4r tillverkade av tyg, l\u00e4gg inte f\u00f6r tunga f\u00f6rem\u00e5l i dem.- Det kan h\u00e4nda att produkten luktar \u201dnytt\u201d n\u00e4r du packar upp den. I s\u00e5 fall kan du placera den i ett v\u00e4lventilerat rum s\u00e5 att lukten f\u00f6rsvinner efter en kort stund. &#8211; F\u00e4st produkten p\u00e5 v\u00e4ggen med den medf\u00f6ljande tippskyddet f\u00f6r att garantera s\u00e4ker anv\u00e4ndning.<\/p>\n","protected":false},"excerpt":{"rendered":"<p>SONGMICS f\u00f6rvaringshylla, hylla med tygl\u00e5dor, bokhylla, industriell design, f\u00f6r vardagsrum, arbetsrum, sovrum, vintagebrun-svart LGS044B02<\/p>\n","protected":false},"featured_media":42516,"comment_status":"open","ping_status":"closed","template":"","meta":[],"product_brand":[],"product_cat":[33],"product_tag":[],"class_list":{"0":"post-14567","1":"product","2":"type-product","3":"status-publish","4":"has-post-thumbnail","6":"product_cat-okategoriserad","8":"first","9":"instock","10":"shipping-taxable","11":"purchasable","12":"product-type-simple"},"_links":{"self":[{"href":"https:\/\/nordicmart.andreevmaster.com\/sv\/wp-json\/wp\/v2\/product\/14567","targetHints":{"allow":["GET"]}}],"collection":[{"href":"https:\/\/nordicmart.andreevmaster.com\/sv\/wp-json\/wp\/v2\/product"}],"about":[{"href":"https:\/\/nordicmart.andreevmaster.com\/sv\/wp-json\/wp\/v2\/types\/product"}],"replies":[{"embeddable":true,"href":"https:\/\/nordicmart.andreevmaster.com\/sv\/wp-json\/wp\/v2\/comments?post=14567"}],"wp:featuredmedia":[{"embeddable":true,"href":"https:\/\/nordicmart.andreevmaster.com\/sv\/wp-json\/wp\/v2\/media\/42516"}],"wp:attachment":[{"href":"https:\/\/nordicmart.andreevmaster.com\/sv\/wp-json\/wp\/v2\/media?parent=14567"}],"wp:term":[{"taxonomy":"product_brand","embeddable":true,"href":"https:\/\/nordicmart.andreevmaster.com\/sv\/wp-json\/wp\/v2\/product_brand?post=14567"},{"taxonomy":"product_cat","embeddable":true,"href":"https:\/\/nordicmart.andreevmaster.com\/sv\/wp-json\/wp\/v2\/product_cat?post=14567"},{"taxonomy":"product_tag","embeddable":true,"href":"https:\/\/nordicmart.andreevmaster.com\/sv\/wp-json\/wp\/v2\/product_tag?post=14567"}],"curies":[{"name":"wp","href":"https:\/\/api.w.org\/{rel}","templated":true}]}}